{"id":750,"date":"2020-05-14T22:29:12","date_gmt":"2020-05-14T22:29:12","guid":{"rendered":"https:\/\/rallslawoffice.com\/?page_id=750"},"modified":"2020-05-14T22:30:43","modified_gmt":"2020-05-14T22:30:43","slug":"descargo-de-responsabilidad","status":"publish","type":"page","link":"https:\/\/rallswillelaw.com\/es\/descargo-de-responsabilidad\/","title":{"rendered":"Descargo de responsabilidad"},"content":{"rendered":"<div data-elementor-type=\"wp-page\" data-elementor-id=\"750\" class=\"elementor elementor-750\" data-elementor-post-type=\"page\">\n\t\t\t\t\t\t<section class=\"elementor-section elementor-top-section elementor-element elementor-element-3730ca2 elementor-section-boxed elementor-section-height-default elementor-section-height-default\" data-id=\"3730ca2\" data-element_type=\"section\" data-e-type=\"section\">\n\t\t\t\t\t\t<div class=\"elementor-container elementor-column-gap-default\">\n\t\t\t\t\t<div class=\"elementor-column elementor-col-100 elementor-top-column elementor-element elementor-element-3760d23\" data-id=\"3760d23\" data-element_type=\"column\" data-e-type=\"column\">\n\t\t\t<div class=\"elementor-widget-wrap elementor-element-populated\">\n\t\t\t\t\t\t<div class=\"elementor-element elementor-element-337db46 elementor-widget elementor-widget-heading\" data-id=\"337db46\" data-element_type=\"widget\" data-e-type=\"widget\" data-widget_type=\"heading.default\">\n\t\t\t\t<div class=\"elementor-widget-container\">\n\t\t\t\t\t<h1 class=\"elementor-heading-title elementor-size-default\">Ralls &amp; Wille - Descargo de responsabilidad completo<\/h1>\t\t\t\t<\/div>\n\t\t\t\t<\/div>\n\t\t\t\t\t<\/div>\n\t\t<\/div>\n\t\t\t\t\t<\/div>\n\t\t<\/section>\n\t\t\t\t<section class=\"elementor-section elementor-top-section elementor-element elementor-element-2c45b45 elementor-section-boxed elementor-section-height-default elementor-section-height-default\" data-id=\"2c45b45\" data-element_type=\"section\" data-e-type=\"section\">\n\t\t\t\t\t\t<div class=\"elementor-container elementor-column-gap-default\">\n\t\t\t\t\t<div class=\"elementor-column elementor-col-100 elementor-top-column elementor-element elementor-element-9df62d0\" data-id=\"9df62d0\" data-element_type=\"column\" data-e-type=\"column\">\n\t\t\t<div class=\"elementor-widget-wrap elementor-element-populated\">\n\t\t\t\t\t\t<div class=\"elementor-element elementor-element-957a1c4 elementor-widget elementor-widget-text-editor\" data-id=\"957a1c4\" data-element_type=\"widget\" data-e-type=\"widget\" data-widget_type=\"text-editor.default\">\n\t\t\t\t<div class=\"elementor-widget-container\">\n\t\t\t\t\t\t\t\t\t<p>La informaci\u00f3n contenida en la p\u00e1gina web de Ralls &amp; Wille, P.C. Se proporciona \u00fanicamente con fines informativos y no debe interpretarse como asesoramiento legal sobre ning\u00fan tema. La Firma brinda asesor\u00eda legal y otros servicios solo a personas o entidades con las cuales ha establecido una relaci\u00f3n formal de abogado-cliente.<\/p><p>Ning\u00fan destinatario de contenido, blogs, videos u otro material de este sitio, clientes o de otro tipo, debe actuar o abstenerse de actuar sobre la base de dicho contenido o materiales incluidos en el sitio sin buscar el asesoramiento legal u otro asesoramiento profesional apropiado sobre el particular. hechos y circunstancias en cuesti\u00f3n de un abogado con licencia en el estado del destinatario.<\/p><p>El contenido de esta Pagina web est\u00e1 destinado a contener informaci\u00f3n general y puede no reflejar los desarrollos legales actuales.<\/p>\t\t\t\t\t\t\t\t<\/div>\n\t\t\t\t<\/div>\n\t\t\t\t\t<\/div>\n\t\t<\/div>\n\t\t\t\t\t<\/div>\n\t\t<\/section>\n\t\t\t\t<\/div>","protected":false},"excerpt":{"rendered":"<p>Ralls &amp; Wille - Descargo de responsabilidad La informaci\u00f3n contenida en el sitio web de Ralls &amp; Wille, P.C. se proporciona \u00fanicamente con fines informativos, y no debe interpretarse como asesoramiento jur\u00eddico sobre ning\u00fan asunto. La Firma proporciona asesoramiento jur\u00eddico y otros servicios s\u00f3lo a las personas o entidades con las que ha establecido una relaci\u00f3n formal de abogado-cliente ... <a title=\"Descargo de responsabilidad\" class=\"read-more\" href=\"https:\/\/rallswillelaw.com\/es\/descargo-de-responsabilidad\/\" aria-label=\"Leer m\u00e1s sobre Descargo de responsabilidad\">Leer m\u00e1s<\/a><\/p>","protected":false},"author":4,"featured_media":0,"parent":0,"menu_order":0,"comment_status":"closed","ping_status":"closed","template":"","meta":{"_monsterinsights_skip_tracking":false,"_monsterinsights_sitenote_active":false,"_monsterinsights_sitenote_note":"","_monsterinsights_sitenote_category":0,"footnotes":""},"class_list":["post-750","page","type-page","status-publish"],"_links":{"self":[{"href":"https:\/\/rallswillelaw.com\/es\/wp-json\/wp\/v2\/pages\/750","targetHints":{"allow":["GET"]}}],"collection":[{"href":"https:\/\/rallswillelaw.com\/es\/wp-json\/wp\/v2\/pages"}],"about":[{"href":"https:\/\/rallswillelaw.com\/es\/wp-json\/wp\/v2\/types\/page"}],"author":[{"embeddable":true,"href":"https:\/\/rallswillelaw.com\/es\/wp-json\/wp\/v2\/users\/4"}],"replies":[{"embeddable":true,"href":"https:\/\/rallswillelaw.com\/es\/wp-json\/wp\/v2\/comments?post=750"}],"version-history":[{"count":3,"href":"https:\/\/rallswillelaw.com\/es\/wp-json\/wp\/v2\/pages\/750\/revisions"}],"predecessor-version":[{"id":753,"href":"https:\/\/rallswillelaw.com\/es\/wp-json\/wp\/v2\/pages\/750\/revisions\/753"}],"wp:attachment":[{"href":"https:\/\/rallswillelaw.com\/es\/wp-json\/wp\/v2\/media?parent=750"}],"curies":[{"name":"wp","href":"https:\/\/api.w.org\/{rel}","templated":true}]}}