{"id":368,"date":"2020-04-29T23:46:59","date_gmt":"2020-04-29T23:46:59","guid":{"rendered":"https:\/\/rallslawoffice.com\/?page_id=368"},"modified":"2021-05-21T21:17:57","modified_gmt":"2021-05-21T21:17:57","slug":"blog","status":"publish","type":"page","link":"https:\/\/rallswillelaw.com\/es\/blog\/","title":{"rendered":"Blog"},"content":{"rendered":"<div data-elementor-type=\"wp-page\" data-elementor-id=\"368\" class=\"elementor elementor-368\" data-elementor-post-type=\"page\">\n\t\t\t\t\t\t<section class=\"elementor-section elementor-top-section elementor-element elementor-element-203d6e7 elementor-section-boxed elementor-section-height-default elementor-section-height-default\" data-id=\"203d6e7\" data-element_type=\"section\" data-e-type=\"section\">\n\t\t\t\t\t\t<div class=\"elementor-container elementor-column-gap-default\">\n\t\t\t\t\t<div class=\"elementor-column elementor-col-100 elementor-top-column elementor-element elementor-element-181db74\" data-id=\"181db74\" data-element_type=\"column\" data-e-type=\"column\">\n\t\t\t<div class=\"elementor-widget-wrap elementor-element-populated\">\n\t\t\t\t\t\t<div class=\"elementor-element elementor-element-1dd9064 elementor-widget elementor-widget-heading\" data-id=\"1dd9064\" data-element_type=\"widget\" data-e-type=\"widget\" data-widget_type=\"heading.default\">\n\t\t\t\t<div class=\"elementor-widget-container\">\n\t\t\t\t\t<h1 class=\"elementor-heading-title elementor-size-default\">Blog<\/h1>\t\t\t\t<\/div>\n\t\t\t\t<\/div>\n\t\t\t\t\t<\/div>\n\t\t<\/div>\n\t\t\t\t\t<\/div>\n\t\t<\/section>\n\t\t\t\t<section class=\"elementor-section elementor-top-section elementor-element elementor-element-ef727f2 elementor-section-boxed elementor-section-height-default elementor-section-height-default\" data-id=\"ef727f2\" data-element_type=\"section\" data-e-type=\"section\">\n\t\t\t\t\t\t<div class=\"elementor-container elementor-column-gap-default\">\n\t\t\t\t\t<div class=\"elementor-column elementor-col-100 elementor-top-column elementor-element elementor-element-1982372\" data-id=\"1982372\" data-element_type=\"column\" data-e-type=\"column\">\n\t\t\t<div class=\"elementor-widget-wrap elementor-element-populated\">\n\t\t\t\t\t\t<div class=\"elementor-element elementor-element-fc7f301 elementor-widget elementor-widget-spacer\" data-id=\"fc7f301\" data-element_type=\"widget\" data-e-type=\"widget\" data-widget_type=\"spacer.default\">\n\t\t\t\t<div class=\"elementor-widget-container\">\n\t\t\t\t\t\t\t<div class=\"elementor-spacer\">\n\t\t\t<div class=\"elementor-spacer-inner\"><\/div>\n\t\t<\/div>\n\t\t\t\t\t\t<\/div>\n\t\t\t\t<\/div>\n\t\t\t\t\t<\/div>\n\t\t<\/div>\n\t\t\t\t\t<\/div>\n\t\t<\/section>\n\t\t\t\t<section class=\"elementor-section elementor-top-section elementor-element elementor-element-09d5259 elementor-section-boxed elementor-section-height-default elementor-section-height-default\" data-id=\"09d5259\" data-element_type=\"section\" data-e-type=\"section\">\n\t\t\t\t\t\t<div class=\"elementor-container elementor-column-gap-default\">\n\t\t\t\t\t<div class=\"elementor-column elementor-col-100 elementor-top-column elementor-element elementor-element-d5fef34\" data-id=\"d5fef34\" data-element_type=\"column\" data-e-type=\"column\">\n\t\t\t<div class=\"elementor-widget-wrap elementor-element-populated\">\n\t\t\t\t\t\t<div class=\"elementor-element elementor-element-935dde9 elementor-grid-3 elementor-grid-tablet-2 elementor-grid-mobile-1 elementor-posts--thumbnail-top elementor-card-shadow-yes elementor-posts__hover-gradient elementor-widget elementor-widget-posts\" data-id=\"935dde9\" data-element_type=\"widget\" data-e-type=\"widget\" data-settings=\"{&quot;pagination_type&quot;:&quot;numbers_and_prev_next&quot;,&quot;cards_columns&quot;:&quot;3&quot;,&quot;cards_columns_tablet&quot;:&quot;2&quot;,&quot;cards_columns_mobile&quot;:&quot;1&quot;,&quot;cards_row_gap&quot;:{&quot;unit&quot;:&quot;px&quot;,&quot;size&quot;:35,&quot;sizes&quot;:[]},&quot;cards_row_gap_tablet&quot;:{&quot;unit&quot;:&quot;px&quot;,&quot;size&quot;:&quot;&quot;,&quot;sizes&quot;:[]},&quot;cards_row_gap_mobile&quot;:{&quot;unit&quot;:&quot;px&quot;,&quot;size&quot;:&quot;&quot;,&quot;sizes&quot;:[]}}\" data-widget_type=\"posts.cards\">\n\t\t\t\t<div class=\"elementor-widget-container\">\n\t\t\t\t\t\t\t<div class=\"elementor-posts-container elementor-posts elementor-posts--skin-cards elementor-grid\" role=\"list\">\n\t\t\t\t<article class=\"elementor-post elementor-grid-item post-1488 post type-post status-publish format-standard has-post-thumbnail hentry category-law-and-procedure\" role=\"listitem\">\n\t\t\t<div class=\"elementor-post__card\">\n\t\t\t\t<a class=\"elementor-post__thumbnail__link\" href=\"https:\/\/rallswillelaw.com\/es\/blog\/defensores-publicos-frente-a-abogados-penalistas-privados-como-desentranar-las-disparidades-en-la-representacion-legal\/\" tabindex=\"-1\"><div class=\"elementor-post__thumbnail\"><img fetchpriority=\"high\" decoding=\"async\" width=\"300\" height=\"188\" src=\"https:\/\/rallswillelaw.com\/wp-content\/uploads\/2020\/05\/hp_hero_scroll2-300x188.jpg\" class=\"attachment-medium size-medium wp-image-418\" alt=\"\" srcset=\"https:\/\/rallswillelaw.com\/wp-content\/uploads\/2020\/05\/hp_hero_scroll2-300x188.jpg 300w, https:\/\/rallswillelaw.com\/wp-content\/uploads\/2020\/05\/hp_hero_scroll2-1024x640.jpg 1024w, https:\/\/rallswillelaw.com\/wp-content\/uploads\/2020\/05\/hp_hero_scroll2-768x480.jpg 768w, https:\/\/rallswillelaw.com\/wp-content\/uploads\/2020\/05\/hp_hero_scroll2-1536x960.jpg 1536w, https:\/\/rallswillelaw.com\/wp-content\/uploads\/2020\/05\/hp_hero_scroll2.jpg 1600w\" sizes=\"(max-width: 300px) 100vw, 300px\" \/><\/div><\/a>\n\t\t\t\t<div class=\"elementor-post__badge\">Procedimiento jur\u00eddico<\/div>\n\t\t\t\t<div class=\"elementor-post__text\">\n\t\t\t\t<h3 class=\"elementor-post__title\">\n\t\t\t<a href=\"https:\/\/rallswillelaw.com\/es\/blog\/defensores-publicos-frente-a-abogados-penalistas-privados-como-desentranar-las-disparidades-en-la-representacion-legal\/\">\n\t\t\t\tDefensores p\u00fablicos comparado con abogados penalistas privados: Aclarando las disparidades en la representaci\u00f3n legal\t\t\t<\/a>\n\t\t<\/h3>\n\t\t\t\t<div class=\"elementor-post__excerpt\">\n\t\t\t<p>Introducci\u00f3n: Navegar por el complejo sistema legal puede ser desalentador, especialmente cuando se enfrentan a cargos penales. Para las personas acusadas de un delito, la obtenci\u00f3n de representaci\u00f3n legal competente es<\/p>\n\t\t<\/div>\n\t\t\n\t\t<a class=\"elementor-post__read-more\" href=\"https:\/\/rallswillelaw.com\/es\/blog\/defensores-publicos-frente-a-abogados-penalistas-privados-como-desentranar-las-disparidades-en-la-representacion-legal\/\" aria-label=\"Leer m\u00e1s sobre Defensores p\u00fablicos frente a abogados penalistas privados: Desentra\u00f1ar las disparidades en la representaci\u00f3n legal\" tabindex=\"-1\">\n\t\t\tLee m\u00e1s\t\t<\/a>\n\n\t\t\t\t<\/div>\n\t\t\t\t<div class=\"elementor-post__meta-data\">\n\t\t\t\t\t<span class=\"elementor-post-date\">\n\t\t\t16 de agosto de 2023\t\t<\/span>\n\t\t\t\t<\/div>\n\t\t\t\t\t<\/div>\n\t\t<\/article>\n\t\t\t\t<article class=\"elementor-post elementor-grid-item post-1480 post type-post status-publish format-standard has-post-thumbnail hentry category-law-and-procedure category-criminal-defense tag-castle-doctrine tag-deadly-force tag-fighting tag-fighting-back tag-gun-laws tag-justification tag-self-defense tag-self-defense-law tag-stand-your-ground tag-use-of-deadly-force\" role=\"listitem\">\n\t\t\t<div class=\"elementor-post__card\">\n\t\t\t\t<a class=\"elementor-post__thumbnail__link\" href=\"https:\/\/rallswillelaw.com\/es\/blog\/entender-las-leyes-de-autodefensa-en-el-estado-de-arizona-su-derecho-a-protegerse-a-si-mismo\/\" tabindex=\"-1\"><div class=\"elementor-post__thumbnail\"><img decoding=\"async\" width=\"300\" height=\"189\" src=\"https:\/\/rallswillelaw.com\/wp-content\/uploads\/2023\/07\/44301136412_36c8399ccd_k-300x189.jpg\" class=\"attachment-medium size-medium wp-image-1482\" alt=\"\" srcset=\"https:\/\/rallswillelaw.com\/wp-content\/uploads\/2023\/07\/44301136412_36c8399ccd_k-300x189.jpg 300w, https:\/\/rallswillelaw.com\/wp-content\/uploads\/2023\/07\/44301136412_36c8399ccd_k-1024x644.jpg 1024w, https:\/\/rallswillelaw.com\/wp-content\/uploads\/2023\/07\/44301136412_36c8399ccd_k-768x483.jpg 768w, https:\/\/rallswillelaw.com\/wp-content\/uploads\/2023\/07\/44301136412_36c8399ccd_k-1536x966.jpg 1536w, https:\/\/rallswillelaw.com\/wp-content\/uploads\/2023\/07\/44301136412_36c8399ccd_k-18x12.jpg 18w, https:\/\/rallswillelaw.com\/wp-content\/uploads\/2023\/07\/44301136412_36c8399ccd_k-1200x755.jpg 1200w, https:\/\/rallswillelaw.com\/wp-content\/uploads\/2023\/07\/44301136412_36c8399ccd_k.jpg 2048w\" sizes=\"(max-width: 300px) 100vw, 300px\" \/><\/div><\/a>\n\t\t\t\t<div class=\"elementor-post__badge\">Procedimiento jur\u00eddico<\/div>\n\t\t\t\t<div class=\"elementor-post__text\">\n\t\t\t\t<h3 class=\"elementor-post__title\">\n\t\t\t<a href=\"https:\/\/rallswillelaw.com\/es\/blog\/entender-las-leyes-de-autodefensa-en-el-estado-de-arizona-su-derecho-a-protegerse-a-si-mismo\/\">\n\t\t\t\tEntendiendo las Leyes de Defensa Personal en el Estado de Arizona: Su Derecho a Protegerse\t\t\t<\/a>\n\t\t<\/h3>\n\t\t\t\t<div class=\"elementor-post__excerpt\">\n\t\t\t<p>El derecho a defenderse a s\u00ed mismo y a sus seres queridos es un aspecto fundamental de la seguridad personal. En el Estado de Arizona, los individuos tienen el derecho legal<\/p>\n\t\t<\/div>\n\t\t\n\t\t<a class=\"elementor-post__read-more\" href=\"https:\/\/rallswillelaw.com\/es\/blog\/entender-las-leyes-de-autodefensa-en-el-estado-de-arizona-su-derecho-a-protegerse-a-si-mismo\/\" aria-label=\"Leer m\u00e1s sobre Entendiendo las Leyes de Defensa Personal en el Estado de Arizona: Su Derecho a Protegerse\" tabindex=\"-1\">\n\t\t\tLee m\u00e1s\t\t<\/a>\n\n\t\t\t\t<\/div>\n\t\t\t\t<div class=\"elementor-post__meta-data\">\n\t\t\t\t\t<span class=\"elementor-post-date\">\n\t\t\t31 de julio de 2023\t\t<\/span>\n\t\t\t\t<\/div>\n\t\t\t\t\t<\/div>\n\t\t<\/article>\n\t\t\t\t<article class=\"elementor-post elementor-grid-item post-1473 post type-post status-publish format-standard has-post-thumbnail hentry category-legal-process category-investigations category-law-and-procedure tag-airplane tag-asset tag-assets tag-car tag-civil-asset-forfeiture tag-criminal-forfeiture tag-drug-trafficking tag-forfeiture tag-government-forfeiture tag-government-seizure tag-investigation tag-money tag-money-laundering tag-notice-of-seizure tag-property tag-seizure tag-white-collar-crime\" role=\"listitem\">\n\t\t\t<div class=\"elementor-post__card\">\n\t\t\t\t<a class=\"elementor-post__thumbnail__link\" href=\"https:\/\/rallswillelaw.com\/es\/blog\/ha-recibido-una-notificacion-de-embargo-como-defenderse-de-los-embargos-con-la-ayuda-de-un-abogado\/\" tabindex=\"-1\"><div class=\"elementor-post__thumbnail\"><img decoding=\"async\" width=\"300\" height=\"200\" src=\"https:\/\/rallswillelaw.com\/wp-content\/uploads\/2023\/07\/5437288053_624c075aa3_b-300x200.jpg\" class=\"attachment-medium size-medium wp-image-1476\" alt=\"\" srcset=\"https:\/\/rallswillelaw.com\/wp-content\/uploads\/2023\/07\/5437288053_624c075aa3_b-300x200.jpg 300w, https:\/\/rallswillelaw.com\/wp-content\/uploads\/2023\/07\/5437288053_624c075aa3_b-768x512.jpg 768w, https:\/\/rallswillelaw.com\/wp-content\/uploads\/2023\/07\/5437288053_624c075aa3_b-18x12.jpg 18w, https:\/\/rallswillelaw.com\/wp-content\/uploads\/2023\/07\/5437288053_624c075aa3_b.jpg 1000w\" sizes=\"(max-width: 300px) 100vw, 300px\" \/><\/div><\/a>\n\t\t\t\t<div class=\"elementor-post__badge\">Proceso legal<\/div>\n\t\t\t\t<div class=\"elementor-post__text\">\n\t\t\t\t<h3 class=\"elementor-post__title\">\n\t\t\t<a href=\"https:\/\/rallswillelaw.com\/es\/blog\/ha-recibido-una-notificacion-de-embargo-como-defenderse-de-los-embargos-con-la-ayuda-de-un-abogado\/\">\n\t\t\t\t\u00bfHa recibido una notificaci\u00f3n de Decomiso? C\u00f3mo defenderse de las confiscaciones con la ayuda de un abogado.\t\t\t<\/a>\n\t\t<\/h3>\n\t\t\t\t<div class=\"elementor-post__excerpt\">\n\t\t\t<p>\u00bfHa recibido una notificaci\u00f3n de Decomiso? C\u00f3mo defenderse de las confiscaciones con la ayuda de un abogado. \u00bfHa recibido un aviso del gobierno<\/p>\n\t\t<\/div>\n\t\t\n\t\t<a class=\"elementor-post__read-more\" href=\"https:\/\/rallswillelaw.com\/es\/blog\/ha-recibido-una-notificacion-de-embargo-como-defenderse-de-los-embargos-con-la-ayuda-de-un-abogado\/\" aria-label=\"Leer m\u00e1s sobre \u00bfHa recibido una notificaci\u00f3n de embargo? C\u00f3mo defenderse de los embargos con la ayuda de un abogado.\" tabindex=\"-1\">\n\t\t\tLee m\u00e1s\t\t<\/a>\n\n\t\t\t\t<\/div>\n\t\t\t\t<div class=\"elementor-post__meta-data\">\n\t\t\t\t\t<span class=\"elementor-post-date\">\n\t\t\t27 de julio de 2023\t\t<\/span>\n\t\t\t\t<\/div>\n\t\t\t\t\t<\/div>\n\t\t<\/article>\n\t\t\t\t<article class=\"elementor-post elementor-grid-item post-1465 post type-post status-publish format-standard has-post-thumbnail hentry category-investigations category-criminal-defense category-law-and-procedure category-surveillance tag-criminal-investigation tag-electronic-surveillance tag-grand-jury-subpoenas tag-search-warrant tag-surveillance tag-suspect tag-target-letter tag-traffic-stop tag-warrant tag-wiretap\" role=\"listitem\">\n\t\t\t<div class=\"elementor-post__card\">\n\t\t\t\t<a class=\"elementor-post__thumbnail__link\" href=\"https:\/\/rallswillelaw.com\/es\/blog\/estoy-siendo-investigado\/\" tabindex=\"-1\"><div class=\"elementor-post__thumbnail\"><img loading=\"lazy\" decoding=\"async\" width=\"300\" height=\"201\" src=\"https:\/\/rallswillelaw.com\/wp-content\/uploads\/2023\/07\/3744953433_da8bae8262_k-300x201.jpg\" class=\"attachment-medium size-medium wp-image-1466\" alt=\"\" srcset=\"https:\/\/rallswillelaw.com\/wp-content\/uploads\/2023\/07\/3744953433_da8bae8262_k-300x201.jpg 300w, https:\/\/rallswillelaw.com\/wp-content\/uploads\/2023\/07\/3744953433_da8bae8262_k-1024x686.jpg 1024w, https:\/\/rallswillelaw.com\/wp-content\/uploads\/2023\/07\/3744953433_da8bae8262_k-768x514.jpg 768w, https:\/\/rallswillelaw.com\/wp-content\/uploads\/2023\/07\/3744953433_da8bae8262_k-1536x1028.jpg 1536w, https:\/\/rallswillelaw.com\/wp-content\/uploads\/2023\/07\/3744953433_da8bae8262_k-18x12.jpg 18w, https:\/\/rallswillelaw.com\/wp-content\/uploads\/2023\/07\/3744953433_da8bae8262_k-1200x803.jpg 1200w, https:\/\/rallswillelaw.com\/wp-content\/uploads\/2023\/07\/3744953433_da8bae8262_k.jpg 2048w\" sizes=\"(max-width: 300px) 100vw, 300px\" \/><\/div><\/a>\n\t\t\t\t<div class=\"elementor-post__badge\">Investigaciones<\/div>\n\t\t\t\t<div class=\"elementor-post__text\">\n\t\t\t\t<h3 class=\"elementor-post__title\">\n\t\t\t<a href=\"https:\/\/rallswillelaw.com\/es\/blog\/estoy-siendo-investigado\/\">\n\t\t\t\t\u00bfMe est\u00e1n investigando? \u00bfMe vigila la polic\u00eda? C\u00f3mo tener paz mental.\t\t\t<\/a>\n\t\t<\/h3>\n\t\t\t\t<div class=\"elementor-post__excerpt\">\n\t\t\t<p>Estar bajo investigaci\u00f3n no es cosa de risa. Dependiendo de los cargos, una investigaci\u00f3n federal o estatal podr\u00eda costarle miles de d\u00f3lares y a\u00f1os de su vida. En Ralls &amp; Wille, asesoramos regularmente a personas que<\/p>\n\t\t<\/div>\n\t\t\n\t\t<a class=\"elementor-post__read-more\" href=\"https:\/\/rallswillelaw.com\/es\/blog\/estoy-siendo-investigado\/\" aria-label=\"Leer m\u00e1s sobre \u00bfMe est\u00e1n investigando? \u00bfMe vigila la polic\u00eda? C\u00f3mo estar tranquilo.\" tabindex=\"-1\">\n\t\t\tLee m\u00e1s\t\t<\/a>\n\n\t\t\t\t<\/div>\n\t\t\t\t<div class=\"elementor-post__meta-data\">\n\t\t\t\t\t<span class=\"elementor-post-date\">\n\t\t\t13 de julio de 2023\t\t<\/span>\n\t\t\t\t<\/div>\n\t\t\t\t\t<\/div>\n\t\t<\/article>\n\t\t\t\t<article class=\"elementor-post elementor-grid-item post-1418 post type-post status-publish format-standard has-post-thumbnail hentry category-conspiracies category-criminal-defense category-law-and-procedure category-legal-process tag-complex tag-complex-case tag-conspiracy tag-conspiracy-charge tag-conspiracy-defense tag-criminal tag-criminal-conspiracy tag-criminal-defense tag-discovery tag-evidence\" role=\"listitem\">\n\t\t\t<div class=\"elementor-post__card\">\n\t\t\t\t<a class=\"elementor-post__thumbnail__link\" href=\"https:\/\/rallswillelaw.com\/es\/blog\/retos-y-costes-de-la-defensa-en-casos-de-conspiracion\/\" tabindex=\"-1\"><div class=\"elementor-post__thumbnail\"><img loading=\"lazy\" decoding=\"async\" width=\"300\" height=\"275\" src=\"https:\/\/rallswillelaw.com\/wp-content\/uploads\/2023\/07\/4824772153_812e19dfc9_k-300x275.jpg\" class=\"attachment-medium size-medium wp-image-1419\" alt=\"\" srcset=\"https:\/\/rallswillelaw.com\/wp-content\/uploads\/2023\/07\/4824772153_812e19dfc9_k-300x275.jpg 300w, https:\/\/rallswillelaw.com\/wp-content\/uploads\/2023\/07\/4824772153_812e19dfc9_k-1024x938.jpg 1024w, https:\/\/rallswillelaw.com\/wp-content\/uploads\/2023\/07\/4824772153_812e19dfc9_k-768x703.jpg 768w, https:\/\/rallswillelaw.com\/wp-content\/uploads\/2023\/07\/4824772153_812e19dfc9_k-1536x1406.jpg 1536w, https:\/\/rallswillelaw.com\/wp-content\/uploads\/2023\/07\/4824772153_812e19dfc9_k-13x12.jpg 13w, https:\/\/rallswillelaw.com\/wp-content\/uploads\/2023\/07\/4824772153_812e19dfc9_k-983x900.jpg 983w, https:\/\/rallswillelaw.com\/wp-content\/uploads\/2023\/07\/4824772153_812e19dfc9_k.jpg 2048w\" sizes=\"(max-width: 300px) 100vw, 300px\" \/><\/div><\/a>\n\t\t\t\t<div class=\"elementor-post__badge\">Conspiraciones<\/div>\n\t\t\t\t<div class=\"elementor-post__text\">\n\t\t\t\t<h3 class=\"elementor-post__title\">\n\t\t\t<a href=\"https:\/\/rallswillelaw.com\/es\/blog\/retos-y-costes-de-la-defensa-en-casos-de-conspiracion\/\">\n\t\t\t\tLos retos y costos de la defensa en casos de conspiraci\u00f3n\t\t\t<\/a>\n\t\t<\/h3>\n\t\t\t\t<div class=\"elementor-post__excerpt\">\n\t\t\t<p>Los casos de conspiraci\u00f3n implican a varios individuos que supuestamente trabajaron juntos para cometer un delito, y la defensa contra tales cargos puede ser una tarea desalentadora. Este art\u00edculo discutir\u00e1 algunas de las complejidades de defender<\/p>\n\t\t<\/div>\n\t\t\n\t\t<a class=\"elementor-post__read-more\" href=\"https:\/\/rallswillelaw.com\/es\/blog\/retos-y-costes-de-la-defensa-en-casos-de-conspiracion\/\" aria-label=\"Leer m\u00e1s sobre Retos y costes de la defensa en casos de conspiraci\u00f3n\" tabindex=\"-1\">\n\t\t\tLee m\u00e1s\t\t<\/a>\n\n\t\t\t\t<\/div>\n\t\t\t\t<div class=\"elementor-post__meta-data\">\n\t\t\t\t\t<span class=\"elementor-post-date\">\n\t\t\t12 de julio de 2023\t\t<\/span>\n\t\t\t\t<\/div>\n\t\t\t\t\t<\/div>\n\t\t<\/article>\n\t\t\t\t<article class=\"elementor-post elementor-grid-item post-1422 post type-post status-publish format-standard has-post-thumbnail hentry category-law-and-procedure\" role=\"listitem\">\n\t\t\t<div class=\"elementor-post__card\">\n\t\t\t\t<a class=\"elementor-post__thumbnail__link\" href=\"https:\/\/rallswillelaw.com\/es\/blog\/comprension-de-las-sentencias-penales-federales-con-condenas-anteriores\/\" tabindex=\"-1\"><div class=\"elementor-post__thumbnail\"><img loading=\"lazy\" decoding=\"async\" width=\"300\" height=\"225\" src=\"https:\/\/rallswillelaw.com\/wp-content\/uploads\/2023\/07\/27905720280_4def8d5561_c-300x225.jpg\" class=\"attachment-medium size-medium wp-image-1427\" alt=\"\" srcset=\"https:\/\/rallswillelaw.com\/wp-content\/uploads\/2023\/07\/27905720280_4def8d5561_c-300x225.jpg 300w, https:\/\/rallswillelaw.com\/wp-content\/uploads\/2023\/07\/27905720280_4def8d5561_c-768x576.jpg 768w, https:\/\/rallswillelaw.com\/wp-content\/uploads\/2023\/07\/27905720280_4def8d5561_c-16x12.jpg 16w, https:\/\/rallswillelaw.com\/wp-content\/uploads\/2023\/07\/27905720280_4def8d5561_c.jpg 800w\" sizes=\"(max-width: 300px) 100vw, 300px\" \/><\/div><\/a>\n\t\t\t\t<div class=\"elementor-post__badge\">Procedimiento jur\u00eddico<\/div>\n\t\t\t\t<div class=\"elementor-post__text\">\n\t\t\t\t<h3 class=\"elementor-post__title\">\n\t\t\t<a href=\"https:\/\/rallswillelaw.com\/es\/blog\/comprension-de-las-sentencias-penales-federales-con-condenas-anteriores\/\">\n\t\t\t\tEntendiendo la Sentencia Penal Federal con Condenas Previas\t\t\t<\/a>\n\t\t<\/h3>\n\t\t\t\t<div class=\"elementor-post__excerpt\">\n\t\t\t<p>La sentencia penal federal es un proceso multifac\u00e9tico que toma en cuenta varios factores, incluyendo las condenas anteriores. En esta entrada del blog, exploraremos c\u00f3mo funciona la sentencia penal federal en relaci\u00f3n con las condenas anteriores y los<\/p>\n\t\t<\/div>\n\t\t\n\t\t<a class=\"elementor-post__read-more\" href=\"https:\/\/rallswillelaw.com\/es\/blog\/comprension-de-las-sentencias-penales-federales-con-condenas-anteriores\/\" aria-label=\"Leer m\u00e1s sobre Entendiendo la Sentencia Penal Federal con Condenas Previas\" tabindex=\"-1\">\n\t\t\tLee m\u00e1s\t\t<\/a>\n\n\t\t\t\t<\/div>\n\t\t\t\t<div class=\"elementor-post__meta-data\">\n\t\t\t\t\t<span class=\"elementor-post-date\">\n\t\t\t11 de julio de 2023\t\t<\/span>\n\t\t\t\t<\/div>\n\t\t\t\t\t<\/div>\n\t\t<\/article>\n\t\t\t\t<\/div>\n\t\t\n\t\t\t\t<div class=\"e-load-more-anchor\" data-page=\"1\" data-max-page=\"4\" data-next-page=\"https:\/\/rallswillelaw.com\/es\/wp-json\/wp\/v2\/pages\/368\/page\/2\/\"><\/div>\n\t\t\t\t<nav class=\"elementor-pagination\" aria-label=\"Paginaci\u00f3n\">\n\t\t\t<span class=\"page-numbers prev\">&lt;&lt; Previa<\/span>\n<span aria-current=\"page\" class=\"page-numbers current\"><span class=\"elementor-screen-only\">P\u00e1gina<\/span>1<\/span>\n<a class=\"page-numbers\" href=\"https:\/\/rallswillelaw.com\/es\/wp-json\/wp\/v2\/pages\/368\/page\/2\/\"><span class=\"elementor-screen-only\">P\u00e1gina<\/span>2<\/a>\n<a class=\"page-numbers\" href=\"https:\/\/rallswillelaw.com\/es\/wp-json\/wp\/v2\/pages\/368\/page\/3\/\"><span class=\"elementor-screen-only\">P\u00e1gina<\/span>3<\/a>\n<a class=\"page-numbers\" href=\"https:\/\/rallswillelaw.com\/es\/wp-json\/wp\/v2\/pages\/368\/page\/4\/\"><span class=\"elementor-screen-only\">P\u00e1gina<\/span>4<\/a>\n<a class=\"page-numbers next\" href=\"https:\/\/rallswillelaw.com\/es\/wp-json\/wp\/v2\/pages\/368\/page\/2\/\">Siguiente &gt;&gt;<\/a>\t\t<\/nav>\n\t\t\t\t\t\t<\/div>\n\t\t\t\t<\/div>\n\t\t\t\t\t<\/div>\n\t\t<\/div>\n\t\t\t\t\t<\/div>\n\t\t<\/section>\n\t\t\t\t<\/div>","protected":false},"excerpt":{"rendered":"<p>Blog<\/p>","protected":false},"author":4,"featured_media":0,"parent":0,"menu_order":0,"comment_status":"closed","ping_status":"closed","template":"","meta":{"_monsterinsights_skip_tracking":false,"_monsterinsights_sitenote_active":false,"_monsterinsights_sitenote_note":"","_monsterinsights_sitenote_category":0,"footnotes":""},"class_list":["post-368","page","type-page","status-publish","hentry"],"_links":{"self":[{"href":"https:\/\/rallswillelaw.com\/es\/wp-json\/wp\/v2\/pages\/368","targetHints":{"allow":["GET"]}}],"collection":[{"href":"https:\/\/rallswillelaw.com\/es\/wp-json\/wp\/v2\/pages"}],"about":[{"href":"https:\/\/rallswillelaw.com\/es\/wp-json\/wp\/v2\/types\/page"}],"author":[{"embeddable":true,"href":"https:\/\/rallswillelaw.com\/es\/wp-json\/wp\/v2\/users\/4"}],"replies":[{"embeddable":true,"href":"https:\/\/rallswillelaw.com\/es\/wp-json\/wp\/v2\/comments?post=368"}],"version-history":[{"count":5,"href":"https:\/\/rallswillelaw.com\/es\/wp-json\/wp\/v2\/pages\/368\/revisions"}],"predecessor-version":[{"id":1200,"href":"https:\/\/rallswillelaw.com\/es\/wp-json\/wp\/v2\/pages\/368\/revisions\/1200"}],"wp:attachment":[{"href":"https:\/\/rallswillelaw.com\/es\/wp-json\/wp\/v2\/media?parent=368"}],"curies":[{"name":"wp","href":"https:\/\/api.w.org\/{rel}","templated":true}]}}