{"id":255,"date":"2020-04-26T23:37:44","date_gmt":"2020-04-26T23:37:44","guid":{"rendered":"https:\/\/rallslawoffice.com\/?page_id=255"},"modified":"2023-10-26T16:09:21","modified_gmt":"2023-10-26T16:09:21","slug":"mas-areas-de-practica","status":"publish","type":"page","link":"https:\/\/rallswillelaw.com\/es\/mas-areas-de-practica\/","title":{"rendered":"Otras Areas de Pr\u00e1ctica"},"content":{"rendered":"<div data-elementor-type=\"wp-page\" data-elementor-id=\"255\" class=\"elementor elementor-255\" data-elementor-post-type=\"page\">\n\t\t\t\t\t\t<section class=\"elementor-section elementor-top-section elementor-element elementor-element-4a5ff9b elementor-section-stretched elementor-section-full_width elementor-section-height-min-height elementor-section-height-default elementor-section-items-middle\" data-id=\"4a5ff9b\" data-element_type=\"section\" data-e-type=\"section\" data-settings=\"{&quot;stretch_section&quot;:&quot;section-stretched&quot;,&quot;background_background&quot;:&quot;classic&quot;}\">\n\t\t\t\t\t\t\t<div class=\"elementor-background-overlay\"><\/div>\n\t\t\t\t\t\t\t<div class=\"elementor-container elementor-column-gap-no\">\n\t\t\t\t\t<div class=\"elementor-column elementor-col-100 elementor-top-column elementor-element elementor-element-1a401320\" data-id=\"1a401320\" data-element_type=\"column\" data-e-type=\"column\">\n\t\t\t<div class=\"elementor-widget-wrap elementor-element-populated\">\n\t\t\t\t\t\t<div class=\"elementor-element elementor-element-849e4f4 elementor-widget elementor-widget-text-editor\" data-id=\"849e4f4\" data-element_type=\"widget\" data-e-type=\"widget\" data-widget_type=\"text-editor.default\">\n\t\t\t\t<div class=\"elementor-widget-container\">\n\t\t\t\t\t\t\t\t\t<p style=\"text-align: center\">Consejo Honesto y Digno de Confianza Sobre Sus Cargos Penales.<br \/>Basada en A\u00f1os de Experiencia en Defensa.<\/p>\t\t\t\t\t\t\t\t<\/div>\n\t\t\t\t<\/div>\n\t\t\t\t\t<\/div>\n\t\t<\/div>\n\t\t\t\t\t<\/div>\n\t\t<\/section>\n\t\t\t\t<section class=\"elementor-section elementor-top-section elementor-element elementor-element-1ccef2b0 elementor-section-boxed elementor-section-height-default elementor-section-height-default\" data-id=\"1ccef2b0\" data-element_type=\"section\" data-e-type=\"section\">\n\t\t\t\t\t\t<div class=\"elementor-container elementor-column-gap-default\">\n\t\t\t\t\t<div class=\"elementor-column elementor-col-100 elementor-top-column elementor-element elementor-element-c9e7697\" data-id=\"c9e7697\" data-element_type=\"column\" data-e-type=\"column\">\n\t\t\t<div class=\"elementor-widget-wrap elementor-element-populated\">\n\t\t\t\t\t\t<div class=\"elementor-element elementor-element-28193e0 elementor-widget elementor-widget-spacer\" data-id=\"28193e0\" data-element_type=\"widget\" data-e-type=\"widget\" data-widget_type=\"spacer.default\">\n\t\t\t\t<div class=\"elementor-widget-container\">\n\t\t\t\t\t\t\t<div class=\"elementor-spacer\">\n\t\t\t<div class=\"elementor-spacer-inner\"><\/div>\n\t\t<\/div>\n\t\t\t\t\t\t<\/div>\n\t\t\t\t<\/div>\n\t\t\t\t\t<\/div>\n\t\t<\/div>\n\t\t\t\t\t<\/div>\n\t\t<\/section>\n\t\t\t\t<section class=\"elementor-section elementor-top-section elementor-element elementor-element-e6f096 elementor-section-boxed elementor-section-height-default elementor-section-height-default\" data-id=\"e6f096\" data-element_type=\"section\" data-e-type=\"section\" data-settings=\"{&quot;background_background&quot;:&quot;classic&quot;}\">\n\t\t\t\t\t\t<div class=\"elementor-container elementor-column-gap-default\">\n\t\t\t\t\t<div class=\"elementor-column elementor-col-100 elementor-top-column elementor-element elementor-element-12cae309\" data-id=\"12cae309\" data-element_type=\"column\" data-e-type=\"column\">\n\t\t\t<div class=\"elementor-widget-wrap elementor-element-populated\">\n\t\t\t\t\t\t<div class=\"elementor-element elementor-element-6fc0f0b9 elementor-widget elementor-widget-heading\" data-id=\"6fc0f0b9\" data-element_type=\"widget\" data-e-type=\"widget\" data-widget_type=\"heading.default\">\n\t\t\t\t<div class=\"elementor-widget-container\">\n\t\t\t\t\t<h1 class=\"elementor-heading-title elementor-size-default\">\u00c1reas de Pr\u00e1ctica | Cargos Penales<\/h1>\t\t\t\t<\/div>\n\t\t\t\t<\/div>\n\t\t\t\t\t<\/div>\n\t\t<\/div>\n\t\t\t\t\t<\/div>\n\t\t<\/section>\n\t\t\t\t<section class=\"elementor-section elementor-top-section elementor-element elementor-element-7a3dabba elementor-section-boxed elementor-section-height-default elementor-section-height-default\" data-id=\"7a3dabba\" data-element_type=\"section\" data-e-type=\"section\">\n\t\t\t\t\t\t<div class=\"elementor-container elementor-column-gap-default\">\n\t\t\t\t\t<div class=\"elementor-column elementor-col-100 elementor-top-column elementor-element elementor-element-b528fce\" data-id=\"b528fce\" data-element_type=\"column\" data-e-type=\"column\">\n\t\t\t<div class=\"elementor-widget-wrap elementor-element-populated\">\n\t\t\t\t\t\t<div class=\"elementor-element elementor-element-386c1379 elementor-widget elementor-widget-text-editor\" data-id=\"386c1379\" data-element_type=\"widget\" data-e-type=\"widget\" data-widget_type=\"text-editor.default\">\n\t\t\t\t<div class=\"elementor-widget-container\">\n\t\t\t\t\t\t\t\t\t<p style=\"text-align: center\"><em><strong>\u00bfContra cuales otros cargos penales se defiende Ralls &amp; Wille?<\/strong><\/em><\/p>\t\t\t\t\t\t\t\t<\/div>\n\t\t\t\t<\/div>\n\t\t\t\t\t<\/div>\n\t\t<\/div>\n\t\t\t\t\t<\/div>\n\t\t<\/section>\n\t\t\t\t<section class=\"elementor-section elementor-top-section elementor-element elementor-element-68f4221 elementor-section-boxed elementor-section-height-default elementor-section-height-default\" data-id=\"68f4221\" data-element_type=\"section\" data-e-type=\"section\">\n\t\t\t\t\t\t<div class=\"elementor-container elementor-column-gap-default\">\n\t\t\t\t\t<div class=\"elementor-column elementor-col-100 elementor-top-column elementor-element elementor-element-5b14408\" data-id=\"5b14408\" data-element_type=\"column\" data-e-type=\"column\">\n\t\t\t<div class=\"elementor-widget-wrap elementor-element-populated\">\n\t\t\t\t\t\t<div class=\"elementor-element elementor-element-a0a0ed2 elementor-widget elementor-widget-text-editor\" data-id=\"a0a0ed2\" data-element_type=\"widget\" data-e-type=\"widget\" data-widget_type=\"text-editor.default\">\n\t\t\t\t<div class=\"elementor-widget-container\">\n\t\t\t\t\t\t\t\t\t<p>Nuestro bufete de defensa penal no se detiene en los casos de extradici\u00f3n de Los Estados Unidos, el tr\u00e1fico de drogas, y el lavado de dinero.  Tambi\u00e9n puede <strong><a href=\"https:\/\/rallslawoffice.com\/contact\/\" target=\"_blank\" rel=\"noopener\">llamar a Stephen Ralls y Grant Wille<\/a><\/strong> si se enfrenta a acusaciones penales para el tr\u00e1fico humano, tr\u00e1fico de armas, tr\u00e1fico de recetas m\u00e9dicas, homicidio, y conspiraciones, u otros delitos.<\/p>\t\t\t\t\t\t\t\t<\/div>\n\t\t\t\t<\/div>\n\t\t\t\t\t<\/div>\n\t\t<\/div>\n\t\t\t\t\t<\/div>\n\t\t<\/section>\n\t\t\t\t<section class=\"elementor-section elementor-top-section elementor-element elementor-element-2742ae5a elementor-section-boxed elementor-section-height-default elementor-section-height-default\" data-id=\"2742ae5a\" data-element_type=\"section\" data-e-type=\"section\">\n\t\t\t\t\t\t<div class=\"elementor-container elementor-column-gap-default\">\n\t\t\t\t\t<div class=\"elementor-column elementor-col-100 elementor-top-column elementor-element elementor-element-37ba9486\" data-id=\"37ba9486\" data-element_type=\"column\" data-e-type=\"column\">\n\t\t\t<div class=\"elementor-widget-wrap elementor-element-populated\">\n\t\t\t\t\t\t<div class=\"elementor-element elementor-element-7791eb69 elementor-widget elementor-widget-text-editor\" data-id=\"7791eb69\" data-element_type=\"widget\" data-e-type=\"widget\" data-widget_type=\"text-editor.default\">\n\t\t\t\t<div class=\"elementor-widget-container\">\n\t\t\t\t\t\t\t\t\t<h3 class=\"p1\">Contrabando de humanos<\/h3><p class=\"p1\">Usted puede enfrentarse a cargos del tr\u00e1fico de humanos si ayud\u00f3 migrantes cruzar a o mudar encima de Los EE.UU. sin autorizaci\u00f3n legal.  Acusaciones en un caso penal puede involucrar el guiar a las personas a trav\u00e9s el desierto, la transportaci\u00f3n de ellos en semirremolques o el llevar de ellos por el pa\u00eds a otros estados.<\/p><h3 class=\"p1\"><a href=\"https:\/\/rallslawoffice.com\/tucson-federal-weapons-trafficking-defense-attorney\/\" target=\"_blank\" rel=\"noopener\">Tr\u00e1fico de armas<\/a> causas penales<\/h3><p class=\"p1\">Estos casos penales imputan que usted est\u00e1 involucrada con la transportaci\u00f3n de armas, partes de armas, o armaduras corporales desde los Estados Unidos a otro pa\u00eds sin autorizaci\u00f3n legal.  Estos casos pueden ser peque\u00f1os relativamente, donde el gobierno se acusa de falsificar documentos cuando compr\u00f3 un arma.  Pero hay tambi\u00e9n casos graves con investigaciones complejo por el gobierno que rastrean env\u00edos masivas de armas o cosas relacionadas.<\/p><h3 class=\"p1\">Tr\u00e1fico de recetas m\u00e9dicas\u00a0<\/h3><p class=\"p1\">Un tipo de delito muy espec\u00edfico es el desv\u00edo de medicamentos recetados cual es un cargo penal que se relaciona con los profesionales m\u00e9dicos que recetan medicamentos con el prop\u00f3sito de redistribuirlos. Estos casos penales pueden ser enormes investigaciones de vigilancia, con informantes confidenciales, investigaciones financieras y fiscales.<\/p><h3 class=\"p1\"><a href=\"https:\/\/rallslawoffice.com\/tucson-federal-conspiracy-attorney\/\" target=\"_blank\" rel=\"noopener\">Acusaciones Penales de Conspiraci\u00f3n<\/a>\u00a0<\/h3><p>Lo que distingue conspiraci\u00f3n de otros cargos penales es que usted no tiene que cometer el delito subyacente.  Usted puede estar acusado de conspiraci\u00f3n relacionado a cualquier otro tipo de delito\u2014el tr\u00e1fico de drogas, lavado de dinero, contrabando de humanos, y homicidio.  El gobierno solo necesita probar que acord\u00e9 a trabajar con otros con la meta de cometer un delito.<\/p>\t\t\t\t\t\t\t\t<\/div>\n\t\t\t\t<\/div>\n\t\t\t\t\t<\/div>\n\t\t<\/div>\n\t\t\t\t\t<\/div>\n\t\t<\/section>\n\t\t\t\t<section class=\"elementor-section elementor-top-section elementor-element elementor-element-2f97eea elementor-section-boxed elementor-section-height-default elementor-section-height-default\" data-id=\"2f97eea\" data-element_type=\"section\" data-e-type=\"section\">\n\t\t\t\t\t\t<div class=\"elementor-container elementor-column-gap-default\">\n\t\t\t\t\t<div class=\"elementor-column elementor-col-100 elementor-top-column elementor-element elementor-element-1cc169bd\" data-id=\"1cc169bd\" data-element_type=\"column\" data-e-type=\"column\">\n\t\t\t<div class=\"elementor-widget-wrap elementor-element-populated\">\n\t\t\t\t\t\t<div class=\"elementor-element elementor-element-18e5c3b7 elementor-widget elementor-widget-text-editor\" data-id=\"18e5c3b7\" data-element_type=\"widget\" data-e-type=\"widget\" data-widget_type=\"text-editor.default\">\n\t\t\t\t<div class=\"elementor-widget-container\">\n\t\t\t\t\t\t\t\t\t<p>La lista arriba es un ejemplo de los casos penales que Ralls &amp; Wille puede defenderse contra.  Representan tambi\u00e9n gente <strong>arestado pero no acusado en el corte<\/strong>, y personas quien reciben ordenes a testificar a un <strong>jurado secreto<\/strong>. Aunque usted todav\u00eda no est\u00e1 acusado de un delito, es importante que consulta r\u00e1pidamente con un licenciado que puede ayudarlo a:<\/p><ul><li>Comprender el sistema de justicia penal en los Estados Unidos<\/li><li>Preveer lo que va a pasar proximo<\/li><li>Prepararse para el peor de los casos<\/li><\/ul>\t\t\t\t\t\t\t\t<\/div>\n\t\t\t\t<\/div>\n\t\t\t\t\t<\/div>\n\t\t<\/div>\n\t\t\t\t\t<\/div>\n\t\t<\/section>\n\t\t\t\t<section class=\"elementor-section elementor-top-section elementor-element elementor-element-c05310c elementor-section-boxed elementor-section-height-default elementor-section-height-default\" data-id=\"c05310c\" data-element_type=\"section\" data-e-type=\"section\">\n\t\t\t\t\t\t<div class=\"elementor-container elementor-column-gap-default\">\n\t\t\t\t\t<div class=\"elementor-column elementor-col-100 elementor-top-column elementor-element elementor-element-440d7d2\" data-id=\"440d7d2\" data-element_type=\"column\" data-e-type=\"column\">\n\t\t\t<div class=\"elementor-widget-wrap elementor-element-populated\">\n\t\t\t\t\t\t<div class=\"elementor-element elementor-element-26e4e34 elementor-widget elementor-widget-heading\" data-id=\"26e4e34\" data-element_type=\"widget\" data-e-type=\"widget\" data-widget_type=\"heading.default\">\n\t\t\t\t<div class=\"elementor-widget-container\">\n\t\t\t\t\t<h3 class=\"elementor-heading-title elementor-size-default\">\u00bfDe d\u00f3nde vino la informaci\u00f3n de los cargos penales?<\/h3>\t\t\t\t<\/div>\n\t\t\t\t<\/div>\n\t\t\t\t\t<\/div>\n\t\t<\/div>\n\t\t\t\t\t<\/div>\n\t\t<\/section>\n\t\t\t\t<section class=\"elementor-section elementor-top-section elementor-element elementor-element-b9efb1c elementor-section-boxed elementor-section-height-default elementor-section-height-default\" data-id=\"b9efb1c\" data-element_type=\"section\" data-e-type=\"section\">\n\t\t\t\t\t\t<div class=\"elementor-container elementor-column-gap-default\">\n\t\t\t\t\t<div class=\"elementor-column elementor-col-100 elementor-top-column elementor-element elementor-element-eff78e0\" data-id=\"eff78e0\" data-element_type=\"column\" data-e-type=\"column\">\n\t\t\t<div class=\"elementor-widget-wrap elementor-element-populated\">\n\t\t\t\t\t\t<div class=\"elementor-element elementor-element-76032c4 elementor-widget elementor-widget-text-editor\" data-id=\"76032c4\" data-element_type=\"widget\" data-e-type=\"widget\" data-widget_type=\"text-editor.default\">\n\t\t\t\t<div class=\"elementor-widget-container\">\n\t\t\t\t\t\t\t\t\t<p>Tal vez usted est\u00e1 pregunt\u00e1ndose como los oficiales y el gobierno obtuvieron las pruebas que usaron a acusarlo de un delito.  Ellos usan <strong>investigaci\u00f3n<\/strong> y <strong>vigilancia<\/strong>.<\/p>\t\t\t\t\t\t\t\t<\/div>\n\t\t\t\t<\/div>\n\t\t\t\t\t<\/div>\n\t\t<\/div>\n\t\t\t\t\t<\/div>\n\t\t<\/section>\n\t\t\t\t<section class=\"elementor-section elementor-top-section elementor-element elementor-element-0e7411a elementor-section-boxed elementor-section-height-default elementor-section-height-default\" data-id=\"0e7411a\" data-element_type=\"section\" data-e-type=\"section\">\n\t\t\t\t\t\t<div class=\"elementor-container elementor-column-gap-default\">\n\t\t\t\t\t<div class=\"elementor-column elementor-col-100 elementor-top-column elementor-element elementor-element-11d3833\" data-id=\"11d3833\" data-element_type=\"column\" data-e-type=\"column\">\n\t\t\t<div class=\"elementor-widget-wrap elementor-element-populated\">\n\t\t\t\t\t\t<div class=\"elementor-element elementor-element-9220cb1 elementor-widget elementor-widget-heading\" data-id=\"9220cb1\" data-element_type=\"widget\" data-e-type=\"widget\" data-widget_type=\"heading.default\">\n\t\t\t\t<div class=\"elementor-widget-container\">\n\t\t\t\t\t<h3 class=\"elementor-heading-title elementor-size-default\">Vigilancia &amp; Otras T\u00e9cnicas Investigatorias<\/h3>\t\t\t\t<\/div>\n\t\t\t\t<\/div>\n\t\t\t\t\t<\/div>\n\t\t<\/div>\n\t\t\t\t\t<\/div>\n\t\t<\/section>\n\t\t\t\t<section class=\"elementor-section elementor-top-section elementor-element elementor-element-fc8f5cc elementor-section-boxed elementor-section-height-default elementor-section-height-default\" data-id=\"fc8f5cc\" data-element_type=\"section\" data-e-type=\"section\">\n\t\t\t\t\t\t<div class=\"elementor-container elementor-column-gap-default\">\n\t\t\t\t\t<div class=\"elementor-column elementor-col-100 elementor-top-column elementor-element elementor-element-a818284\" data-id=\"a818284\" data-element_type=\"column\" data-e-type=\"column\">\n\t\t\t<div class=\"elementor-widget-wrap elementor-element-populated\">\n\t\t\t\t\t\t<div class=\"elementor-element elementor-element-80778fa elementor-widget elementor-widget-text-editor\" data-id=\"80778fa\" data-element_type=\"widget\" data-e-type=\"widget\" data-widget_type=\"text-editor.default\">\n\t\t\t\t<div class=\"elementor-widget-container\">\n\t\t\t\t\t\t\t\t\t<p><strong>Vigilancia<\/strong> puede incluir escuchas, \u00f3rdenes de cateo, rastreadores telef\u00f3nicos, rastreadores vehiculares, vigilancia por avi\u00f3n y \u201cdrone,\u201d mecanismos que anotan con cuales n\u00fameros de tel\u00e9fonos habl\u00f3, y cameras de vigilancia.  Es otra raz\u00f3n para tener abogados penalistas para proteger sus derechos.  Examinamos como estas t\u00e9cnicas fueron usado para ver si sus derechos hab\u00edan violados.  Usted puede aprender m\u00e1s sobre <strong><a href=\"https:\/\/rallslawoffice.com\/blog\/surveillance-how-many-ways-can-investigators-watch-you\/\" target=\"_blank\" rel=\"noopener\">t\u00e9cnicas de vigilancia aqu\u00ed<\/a><\/strong>.<\/p><p>Otras <strong> <a href=\"https:\/\/rallslawoffice.com\/blog\/where-does-criminal-case-info-come-from\/\" target=\"_blank\" rel=\"noopener\">t\u00e9cnicas investigatorias<\/a><\/strong> m\u00e1s tradicionales que oficiales de polic\u00eda pueden usar para construir un caso en su contra incluyen:<\/p><ul><li>Interrogatorios de usted o un asociado<\/li><li>Uso de informantes y agentes encubiertos<\/li><li>Operaciones encubiertas inversas<\/li><\/ul><p>Como cliente de Ralls &amp; Wille, querr\u00e1 saber que parte de nuestra estrategia de defensa es \"investigar la investigaci\u00f3n\". Es lo que hacemos para descubrir si sus derechos fueron violados durante el proceso de construcci\u00f3n de casos del gobierno.<\/p>\t\t\t\t\t\t\t\t<\/div>\n\t\t\t\t<\/div>\n\t\t\t\t\t<\/div>\n\t\t<\/div>\n\t\t\t\t\t<\/div>\n\t\t<\/section>\n\t\t\t\t<\/div>","protected":false},"excerpt":{"rendered":"<p>Asesoramiento honesto y confiable sobre sus cargos penales, basado en a\u00f1os de experiencia en defensa. \u00c1reas de Pr\u00e1ctica | Cargos Penales \u00bfQu\u00e9 otros cargos penales Ralls y Wille le defender\u00e1 contra? Nuestra pr\u00e1ctica de defensa penal no se detiene en los cargos penales relacionados con los casos de extradici\u00f3n de EE.UU., el tr\u00e1fico de drogas y lavado de dinero. Tambi\u00e9n puede recurrir a Stephen Ralls y ... <a title=\"Otras Areas de Pr\u00e1ctica\" class=\"read-more\" href=\"https:\/\/rallswillelaw.com\/es\/mas-areas-de-practica\/\" aria-label=\"Leer m\u00e1s sobre M\u00e1s \u00e1reas de pr\u00e1ctica\">Leer m\u00e1s<\/a><\/p>","protected":false},"author":4,"featured_media":0,"parent":0,"menu_order":0,"comment_status":"closed","ping_status":"closed","template":"","meta":{"_monsterinsights_skip_tracking":false,"_monsterinsights_sitenote_active":false,"_monsterinsights_sitenote_note":"","_monsterinsights_sitenote_category":0,"footnotes":""},"class_list":["post-255","page","type-page","status-publish"],"_links":{"self":[{"href":"https:\/\/rallswillelaw.com\/es\/wp-json\/wp\/v2\/pages\/255","targetHints":{"allow":["GET"]}}],"collection":[{"href":"https:\/\/rallswillelaw.com\/es\/wp-json\/wp\/v2\/pages"}],"about":[{"href":"https:\/\/rallswillelaw.com\/es\/wp-json\/wp\/v2\/types\/page"}],"author":[{"embeddable":true,"href":"https:\/\/rallswillelaw.com\/es\/wp-json\/wp\/v2\/users\/4"}],"replies":[{"embeddable":true,"href":"https:\/\/rallswillelaw.com\/es\/wp-json\/wp\/v2\/comments?post=255"}],"version-history":[{"count":9,"href":"https:\/\/rallswillelaw.com\/es\/wp-json\/wp\/v2\/pages\/255\/revisions"}],"predecessor-version":[{"id":1601,"href":"https:\/\/rallswillelaw.com\/es\/wp-json\/wp\/v2\/pages\/255\/revisions\/1601"}],"wp:attachment":[{"href":"https:\/\/rallswillelaw.com\/es\/wp-json\/wp\/v2\/media?parent=255"}],"curies":[{"name":"wp","href":"https:\/\/api.w.org\/{rel}","templated":true}]}}