{"id":20,"date":"2020-04-22T18:46:24","date_gmt":"2020-04-22T18:46:24","guid":{"rendered":"https:\/\/rallslawoffice.com\/?page_id=20"},"modified":"2023-11-27T04:22:40","modified_gmt":"2023-11-27T04:22:40","slug":"tucson-abogado-de-trafico-de-drogas","status":"publish","type":"page","link":"https:\/\/rallswillelaw.com\/es\/tucson-abogado-de-trafico-de-drogas\/","title":{"rendered":"Tucson Abogado de Tr\u00e1fico de Drogas"},"content":{"rendered":"<div data-elementor-type=\"wp-page\" data-elementor-id=\"20\" class=\"elementor elementor-20\" data-elementor-post-type=\"page\">\n\t\t\t\t\t\t<section class=\"elementor-section elementor-top-section elementor-element elementor-element-6efc60bc elementor-section-stretched elementor-section-full_width elementor-section-height-min-height elementor-section-height-default elementor-section-items-middle\" data-id=\"6efc60bc\" data-element_type=\"section\" data-e-type=\"section\" data-settings=\"{&quot;stretch_section&quot;:&quot;section-stretched&quot;,&quot;background_background&quot;:&quot;classic&quot;}\">\n\t\t\t\t\t\t\t<div class=\"elementor-background-overlay\"><\/div>\n\t\t\t\t\t\t\t<div class=\"elementor-container elementor-column-gap-no\">\n\t\t\t\t\t<div class=\"elementor-column elementor-col-100 elementor-top-column elementor-element elementor-element-4516fde1\" data-id=\"4516fde1\" data-element_type=\"column\" data-e-type=\"column\">\n\t\t\t<div class=\"elementor-widget-wrap elementor-element-populated\">\n\t\t\t\t\t\t<div class=\"elementor-element elementor-element-37820ef elementor-widget elementor-widget-text-editor\" data-id=\"37820ef\" data-element_type=\"widget\" data-e-type=\"widget\" data-widget_type=\"text-editor.default\">\n\t\t\t\t<div class=\"elementor-widget-container\">\n\t\t\t\t\t\t\t\t\t<h3 style=\"text-align: center\">Cargos por Narcotr\u00e1fico en Los Estados Unidos son    serios.  Aseguramos que no violen sus derechos.<\/h3>\t\t\t\t\t\t\t\t<\/div>\n\t\t\t\t<\/div>\n\t\t\t\t\t<\/div>\n\t\t<\/div>\n\t\t\t\t\t<\/div>\n\t\t<\/section>\n\t\t\t\t<section class=\"elementor-section elementor-top-section elementor-element elementor-element-66af8726 elementor-section-boxed elementor-section-height-default elementor-section-height-default\" data-id=\"66af8726\" data-element_type=\"section\" data-e-type=\"section\">\n\t\t\t\t\t\t<div class=\"elementor-container elementor-column-gap-default\">\n\t\t\t\t\t<div class=\"elementor-column elementor-col-100 elementor-top-column elementor-element elementor-element-c937763\" data-id=\"c937763\" data-element_type=\"column\" data-e-type=\"column\">\n\t\t\t<div class=\"elementor-widget-wrap elementor-element-populated\">\n\t\t\t\t\t\t<div class=\"elementor-element elementor-element-544cbf28 elementor-widget elementor-widget-spacer\" data-id=\"544cbf28\" data-element_type=\"widget\" data-e-type=\"widget\" data-widget_type=\"spacer.default\">\n\t\t\t\t<div class=\"elementor-widget-container\">\n\t\t\t\t\t\t\t<div class=\"elementor-spacer\">\n\t\t\t<div class=\"elementor-spacer-inner\"><\/div>\n\t\t<\/div>\n\t\t\t\t\t\t<\/div>\n\t\t\t\t<\/div>\n\t\t\t\t\t<\/div>\n\t\t<\/div>\n\t\t\t\t\t<\/div>\n\t\t<\/section>\n\t\t\t\t<section class=\"elementor-section elementor-top-section elementor-element elementor-element-5299010a elementor-section-boxed elementor-section-height-default elementor-section-height-default\" data-id=\"5299010a\" data-element_type=\"section\" data-e-type=\"section\" data-settings=\"{&quot;background_background&quot;:&quot;classic&quot;}\">\n\t\t\t\t\t\t<div class=\"elementor-container elementor-column-gap-default\">\n\t\t\t\t\t<div class=\"elementor-column elementor-col-100 elementor-top-column elementor-element elementor-element-1883dfbb\" data-id=\"1883dfbb\" data-element_type=\"column\" data-e-type=\"column\">\n\t\t\t<div class=\"elementor-widget-wrap elementor-element-populated\">\n\t\t\t\t\t\t<div class=\"elementor-element elementor-element-6a591529 elementor-widget elementor-widget-heading\" data-id=\"6a591529\" data-element_type=\"widget\" data-e-type=\"widget\" data-widget_type=\"heading.default\">\n\t\t\t\t<div class=\"elementor-widget-container\">\n\t\t\t\t\t<h1 class=\"elementor-heading-title elementor-size-default\">Narcotr\u00e1fico<br>Internacional<\/h1>\t\t\t\t<\/div>\n\t\t\t\t<\/div>\n\t\t\t\t\t<\/div>\n\t\t<\/div>\n\t\t\t\t\t<\/div>\n\t\t<\/section>\n\t\t\t\t<section class=\"elementor-section elementor-top-section elementor-element elementor-element-441265cd elementor-section-boxed elementor-section-height-default elementor-section-height-default\" data-id=\"441265cd\" data-element_type=\"section\" data-e-type=\"section\">\n\t\t\t\t\t\t<div class=\"elementor-container elementor-column-gap-default\">\n\t\t\t\t\t<div class=\"elementor-column elementor-col-100 elementor-top-column elementor-element elementor-element-1e792f9c\" data-id=\"1e792f9c\" data-element_type=\"column\" data-e-type=\"column\">\n\t\t\t<div class=\"elementor-widget-wrap elementor-element-populated\">\n\t\t\t\t\t\t<div class=\"elementor-element elementor-element-db8f189 elementor-widget elementor-widget-text-editor\" data-id=\"db8f189\" data-element_type=\"widget\" data-e-type=\"widget\" data-widget_type=\"text-editor.default\">\n\t\t\t\t<div class=\"elementor-widget-container\">\n\t\t\t\t\t\t\t\t\t<h3 class=\"p1\" style=\"text-align: center;\"><strong><em>Tucson Abogado de Tr\u00e1fico de Drogas<\/em><\/strong><\/h3>\t\t\t\t\t\t\t\t<\/div>\n\t\t\t\t<\/div>\n\t\t\t\t\t<\/div>\n\t\t<\/div>\n\t\t\t\t\t<\/div>\n\t\t<\/section>\n\t\t\t\t<section class=\"elementor-section elementor-top-section elementor-element elementor-element-44dc54fc elementor-section-boxed elementor-section-height-default elementor-section-height-default\" data-id=\"44dc54fc\" data-element_type=\"section\" data-e-type=\"section\">\n\t\t\t\t\t\t<div class=\"elementor-container elementor-column-gap-default\">\n\t\t\t\t\t<div class=\"elementor-column elementor-col-100 elementor-top-column elementor-element elementor-element-195f69d7\" data-id=\"195f69d7\" data-element_type=\"column\" data-e-type=\"column\">\n\t\t\t<div class=\"elementor-widget-wrap elementor-element-populated\">\n\t\t\t\t\t\t<div class=\"elementor-element elementor-element-67e22f80 elementor-widget elementor-widget-text-editor\" data-id=\"67e22f80\" data-element_type=\"widget\" data-e-type=\"widget\" data-widget_type=\"text-editor.default\">\n\t\t\t\t<div class=\"elementor-widget-container\">\n\t\t\t\t\t\t\t\t\t<p>Si usted o un ser querido <a href=\"https:\/\/rallslawoffice.com\/blog\/am-i-under-investigation\/\" target=\"_blank\" rel=\"noopener\">esperando enfrentarse a un cargo de tr\u00e1fico de drogas<\/a>Si usted tiene alguna pregunta, ponerse en contacto con un abogado de Tucson con experiencia en tr\u00e1fico de drogas debe ser su primera prioridad. Tanto Arizona y las leyes federales consideran este tipo de delito a ser particularmente grave, y los que est\u00e1n acusados de ella puede enfrentar consecuencias devastadoras. El abogado adecuado puede ayudar a asegurar que usted obtenga el resultado m\u00e1s \u00f3ptimo para su situaci\u00f3n.<\/p><p>En Ralls &amp; Willie, P.C., usted puede esperar t\u00e1cticas agresivas de defensa junto con experiencia en delitos fronterizos. Damos a cada cliente toda nuestra atenci\u00f3n para asegurar que su caso recibe el tiempo y la atenci\u00f3n que necesita.<\/p><p><img fetchpriority=\"high\" decoding=\"async\" class=\"aligncenter wp-image-1762 size-full\" title=\"Los mejores abogados de tr\u00e1fico de drogas en Tuscon\" src=\"https:\/\/rallslawoffice.com\/wp-content\/uploads\/2023\/11\/tucson-drug-trafficking-attorney.jpg\" alt=\"Tuscon Abogado de Trafico de Drogas\" width=\"800\" height=\"400\" srcset=\"https:\/\/rallswillelaw.com\/wp-content\/uploads\/2023\/11\/tucson-drug-trafficking-attorney.jpg 800w, https:\/\/rallswillelaw.com\/wp-content\/uploads\/2023\/11\/tucson-drug-trafficking-attorney-300x150.jpg 300w, https:\/\/rallswillelaw.com\/wp-content\/uploads\/2023\/11\/tucson-drug-trafficking-attorney-768x384.jpg 768w, https:\/\/rallswillelaw.com\/wp-content\/uploads\/2023\/11\/tucson-drug-trafficking-attorney-18x9.jpg 18w\" sizes=\"(max-width: 800px) 100vw, 800px\" \/><\/p>\t\t\t\t\t\t\t\t<\/div>\n\t\t\t\t<\/div>\n\t\t\t\t<div class=\"elementor-element elementor-element-b397a7a elementor-widget elementor-widget-text-editor\" data-id=\"b397a7a\" data-element_type=\"widget\" data-e-type=\"widget\" data-widget_type=\"text-editor.default\">\n\t\t\t\t<div class=\"elementor-widget-container\">\n\t\t\t\t\t\t\t\t\t<h3 style=\"text-align: center;\"><em><strong>\u00bfCu\u00e1nto tiempo le dar\u00e1n por tr\u00e1fico de drogas en Arizona?<\/strong><\/em><\/h3>\t\t\t\t\t\t\t\t<\/div>\n\t\t\t\t<\/div>\n\t\t\t\t<div class=\"elementor-element elementor-element-82c0174 elementor-widget elementor-widget-text-editor\" data-id=\"82c0174\" data-element_type=\"widget\" data-e-type=\"widget\" data-widget_type=\"text-editor.default\">\n\t\t\t\t<div class=\"elementor-widget-container\">\n\t\t\t\t\t\t\t\t\t<p>A menudo se dice que \"el momento se ajusta al delito\". Si le han detenido por <a href=\"https:\/\/www.dea.gov\/sites\/default\/files\/2021-12\/Trafficking%20Penalties.pdf\" target=\"_blank\" rel=\"noopener\">cargos por tr\u00e1fico de drogas en EE.UU.<\/a>como alguien que vende, importa o transporta drogas como marihuana, coca\u00edna, metanfetamina, fentanilo, hero\u00edna y otros opi\u00e1ceos, podr\u00eda enfrentarse a importantes penas de prisi\u00f3n.<\/p><p>No hay una respuesta fija para cu\u00e1nto tiempo tendr\u00e1 que pasar en la c\u00e1rcel por un cargo de tr\u00e1fico de drogas. Un aspecto de la sentencia implica la cantidad de la sustancia que el delincuente tenia en su posesion. Por ejemplo, dos libras de marijuana o nueve onzas de cocaina en un delincuente por primera vez puede resultar en un delito grave de Clase 2. Un cargo de esta naturaleza significaria que usted tendria que pasar tiempo en prision por un cargo de trafico de drogas. Un cargo de esta naturaleza significaria por lo menos tres anos en prision y hasta 12.5 anos. Las multas pueden llegar a $150.000.<\/p><p>Cuando el gobierno de los EE.UU. lo considera un traficante de drogas, es muy importante que trate la acusaci\u00f3n con seriedad. Usted querr\u00e1 un abogado de defensa criminal para proteger y defender sus derechos para asegurar que se haga justicia.<\/p>\t\t\t\t\t\t\t\t<\/div>\n\t\t\t\t<\/div>\n\t\t\t\t<div class=\"elementor-element elementor-element-ad1525c elementor-widget elementor-widget-text-editor\" data-id=\"ad1525c\" data-element_type=\"widget\" data-e-type=\"widget\" data-widget_type=\"text-editor.default\">\n\t\t\t\t<div class=\"elementor-widget-container\">\n\t\t\t\t\t\t\t\t\t<h3 style=\"text-align: center;\"><em><strong>Qu\u00e9 significa una condena por tr\u00e1fico de drogas en Tucson <\/strong><\/em><\/h3>\t\t\t\t\t\t\t\t<\/div>\n\t\t\t\t<\/div>\n\t\t\t\t<div class=\"elementor-element elementor-element-f48054b elementor-widget elementor-widget-text-editor\" data-id=\"f48054b\" data-element_type=\"widget\" data-e-type=\"widget\" data-widget_type=\"text-editor.default\">\n\t\t\t\t<div class=\"elementor-widget-container\">\n\t\t\t\t\t\t\t\t\t<p>Las penas por una condena de tr\u00e1fico de drogas en Arizona son generalmente m\u00e1s duras que en otras zonas del pa\u00eds debido a su ubicaci\u00f3n fronteriza. La aplicaci\u00f3n de estas leyes se toma muy en serio. Si es condenado en <a href=\"https:\/\/en.wikipedia.org\/wiki\/Tucson,_Arizona\" target=\"_blank\" rel=\"noopener\">Tuscon, AZ<\/a>Los que se enfrentan a cargos de tr\u00e1fico de drogas pueden enfrentarse a penas severas en comparaci\u00f3n con otros estados.<\/p><p>Tomamos cada caso como la situacion unica que es y no podemos saber exactamente lo que una condena por trafico de drogas significara para usted hasta que revisemos su caso. Como con cualquier cargo de drogas, las penas variar\u00e1n dependiendo de la cantidad de drogas en posesi\u00f3n de la persona acusada, el tipo de drogas, y cualquier condena anterior. Cuando usted trabaja con nuestro equipo de defensa agresiva, usted puede esperar que su caso reciba el cuidado y la atenci\u00f3n al detalle que necesita para lograr el resultado m\u00e1s \u00f3ptimo.<\/p>\t\t\t\t\t\t\t\t<\/div>\n\t\t\t\t<\/div>\n\t\t\t\t<div class=\"elementor-element elementor-element-ccbdceb elementor-widget elementor-widget-text-editor\" data-id=\"ccbdceb\" data-element_type=\"widget\" data-e-type=\"widget\" data-widget_type=\"text-editor.default\">\n\t\t\t\t<div class=\"elementor-widget-container\">\n\t\t\t\t\t\t\t\t\t<h3 style=\"text-align: center;\"><em><strong>\u00bfCu\u00e1les son las dos formas de presentar cargos por tr\u00e1fico de drogas?<\/strong><\/em><\/h3>\t\t\t\t\t\t\t\t<\/div>\n\t\t\t\t<\/div>\n\t\t\t\t<div class=\"elementor-element elementor-element-18bcaec elementor-widget elementor-widget-text-editor\" data-id=\"18bcaec\" data-element_type=\"widget\" data-e-type=\"widget\" data-widget_type=\"text-editor.default\">\n\t\t\t\t<div class=\"elementor-widget-container\">\n\t\t\t\t\t\t\t\t\t<p>Investigaciones reactivas y proactivas. Por ejemplo, cuando los agentes encuentran muchas drogas en un veh\u00edculo en un control de tr\u00e1fico aleatorio, se trata de una investigaci\u00f3n proactiva.\u00a0<em>investigaci\u00f3n reactiva<\/em>. En contraste, en las\u00a0<em>investigaciones proactivas<\/em>\u00a0hay m\u00e1s cosas involucradas. En esos casos de drogas, los agentes del orden y\/o oficiales federales, investigan exhaustivamente a un presunto narcotraficante y a sus asociados, y una vez que los agentes del orden  han recabado suficiente evidencia, es entonces, cuando arrestan a los sospechosos.<\/p>\t\t\t\t\t\t\t\t<\/div>\n\t\t\t\t<\/div>\n\t\t\t\t<div class=\"elementor-element elementor-element-e061067 elementor-widget elementor-widget-text-editor\" data-id=\"e061067\" data-element_type=\"widget\" data-e-type=\"widget\" data-widget_type=\"text-editor.default\">\n\t\t\t\t<div class=\"elementor-widget-container\">\n\t\t\t\t\t\t\t\t\t<h3 style=\"text-align: center;\"><em><strong>\u00bfC\u00f3mo llevan los abogados de narcotr\u00e1fico un nuevo caso de narcotraficante?<\/strong><\/em><\/h3>\t\t\t\t\t\t\t\t<\/div>\n\t\t\t\t<\/div>\n\t\t\t\t<div class=\"elementor-element elementor-element-4a9e2b6 elementor-widget elementor-widget-text-editor\" data-id=\"4a9e2b6\" data-element_type=\"widget\" data-e-type=\"widget\" data-widget_type=\"text-editor.default\">\n\t\t\t\t<div class=\"elementor-widget-container\">\n\t\t\t\t\t\t\t\t\t<p>Lo primero que hacemos los abogados de defensa criminal de Ralls &amp; Wille cuando recibimos un nuevo caso es asegurarnos de que sus derechos no fueron violados. Eso significa que analizamos la investigaci\u00f3n de los oficiales. <strong>Por ejemplo, nos fijamos en c\u00f3mo los funcionarios:<\/strong><\/p><ul><li>Hicieron la parada de tr\u00e1fico.<\/li><li>Obtuvieron las \u00f3rdenes de cateo<\/li><li>Manej\u00f3 la intervenci\u00f3n telef\u00f3nica<\/li><li>Fuente de informaci\u00f3n confidencial utilizada<\/li><\/ul>\t\t\t\t\t\t\t\t<\/div>\n\t\t\t\t<\/div>\n\t\t\t\t<div class=\"elementor-element elementor-element-3d3ab49 elementor-widget elementor-widget-text-editor\" data-id=\"3d3ab49\" data-element_type=\"widget\" data-e-type=\"widget\" data-widget_type=\"text-editor.default\">\n\t\t\t\t<div class=\"elementor-widget-container\">\n\t\t\t\t\t\t\t\t\t<h3 style=\"text-align: center;\"><em><strong>\u00bfPor qu\u00e9 los abogados especializados en narcotr\u00e1fico examinan la forma en que los agentes llevaron la investigaci\u00f3n y la detenci\u00f3n?<\/strong><\/em><\/h3>\t\t\t\t\t\t\t\t<\/div>\n\t\t\t\t<\/div>\n\t\t\t\t<div class=\"elementor-element elementor-element-4345554 elementor-widget elementor-widget-text-editor\" data-id=\"4345554\" data-element_type=\"widget\" data-e-type=\"widget\" data-widget_type=\"text-editor.default\">\n\t\t\t\t<div class=\"elementor-widget-container\">\n\t\t\t\t\t\t\t\t\t<p>Si sus derechos han sido violados, podemos ser capaces de conseguir que el caso sea desestimado o conseguir un acuerdo favorable. Nuestro equipo de defensa criminal tambi\u00e9n revisa cada caso para la estrategia de juicio. Eso significa que buscamos los agujeros en las pruebas del gobierno que muestran que el acusado es inocente.<\/p>\n<p><\/p>\n<p>Cuando se trata de justicia penal,&nbsp;<a href=\"https:\/\/rallslawoffice.com\/about-the-firm\/\" target=\"_blank\" rel=\"noopener\">los abogados de Ralls &amp; Wille tienen la experiencia<\/a>&nbsp;de hacer \u00e9nfasis en los problemas de la evidencia a los miembros del jurado, para que ellos los consideren.<\/p>\n<p>Su decisi\u00f3n de no culpabilidad en el juicio o un acuerdo de culpabilidad favorable son los resultados que luchamos duro para lograr.<\/p>\t\t\t\t\t\t\t\t<\/div>\n\t\t\t\t<\/div>\n\t\t\t\t<div class=\"elementor-element elementor-element-2399d2e elementor-widget elementor-widget-text-editor\" data-id=\"2399d2e\" data-element_type=\"widget\" data-e-type=\"widget\" data-widget_type=\"text-editor.default\">\n\t\t\t\t<div class=\"elementor-widget-container\">\n\t\t\t\t\t\t\t\t\t<h3 style=\"text-align: center;\"><em><strong>Encuentre abogados con experiencia en tr\u00e1fico de drogas<\/strong><\/em><\/h3>\t\t\t\t\t\t\t\t<\/div>\n\t\t\t\t<\/div>\n\t\t\t\t<div class=\"elementor-element elementor-element-33877e6 elementor-widget elementor-widget-text-editor\" data-id=\"33877e6\" data-element_type=\"widget\" data-e-type=\"widget\" data-widget_type=\"text-editor.default\">\n\t\t\t\t<div class=\"elementor-widget-container\">\n\t\t\t\t\t\t\t\t\t<p>En Ralls &amp; Willie, P.C., nuestros abogados defensores de habla hispana ofrecen experiencia transfronteriza para aquellos que luchan contra el tr\u00e1fico de drogas, lavado de dinero u otros cargos criminales. Tenemos m\u00e1s de 40 a\u00f1os de experiencia combinada y hemos manejado con \u00e9xito casos de alto perfil que involucran cargos internacionales.<\/p>\n<p>Cuente con la fiabilidad de una empresa con una larga trayectoria, junto con los conocimientos t\u00e9cnicos cruciales para la defensa en el mundo actual. <a href=\"https:\/\/rallslawoffice.com\/contact\/\" target=\"_blank\" rel=\"noopener\">P\u00f3ngase en contacto con nuestro equipo<\/a> si usted ha sido acusado o est\u00e1 esperando a ser acusado de tr\u00e1fico de drogas en Tucson y est\u00e1 buscando una defensa agresiva y h\u00e1bil.<\/p>\t\t\t\t\t\t\t\t<\/div>\n\t\t\t\t<\/div>\n\t\t\t\t\t<\/div>\n\t\t<\/div>\n\t\t\t\t\t<\/div>\n\t\t<\/section>\n\t\t\t\t<\/div>","protected":false},"excerpt":{"rendered":"<p>Los cargos por drogas en los Estados Unidos son serios. Nos aseguramos de que sus derechos no fueron violados. InternationalDrug Trafficking Tucson Drug Trafficking Attorney Si usted o alguien que le importa est\u00e1 esperando para hacer frente a un cargo de tr\u00e1fico de drogas, en contacto con un abogado de tr\u00e1fico de drogas con experiencia Tucson debe ser su primera prioridad. Tanto Arizona y las leyes federales consideran este tipo ... <a title=\"Tucson Abogado de Tr\u00e1fico de Drogas\" class=\"read-more\" href=\"https:\/\/rallswillelaw.com\/es\/tucson-abogado-de-trafico-de-drogas\/\" aria-label=\"Leer m\u00e1s sobre Abogado de tr\u00e1fico de drogas en Tucson\">Leer m\u00e1s<\/a><\/p>","protected":false},"author":4,"featured_media":0,"parent":0,"menu_order":0,"comment_status":"closed","ping_status":"closed","template":"","meta":{"_monsterinsights_skip_tracking":false,"_monsterinsights_sitenote_active":false,"_monsterinsights_sitenote_note":"","_monsterinsights_sitenote_category":0,"footnotes":""},"class_list":["post-20","page","type-page","status-publish"],"_links":{"self":[{"href":"https:\/\/rallswillelaw.com\/es\/wp-json\/wp\/v2\/pages\/20","targetHints":{"allow":["GET"]}}],"collection":[{"href":"https:\/\/rallswillelaw.com\/es\/wp-json\/wp\/v2\/pages"}],"about":[{"href":"https:\/\/rallswillelaw.com\/es\/wp-json\/wp\/v2\/types\/page"}],"author":[{"embeddable":true,"href":"https:\/\/rallswillelaw.com\/es\/wp-json\/wp\/v2\/users\/4"}],"replies":[{"embeddable":true,"href":"https:\/\/rallswillelaw.com\/es\/wp-json\/wp\/v2\/comments?post=20"}],"version-history":[{"count":17,"href":"https:\/\/rallswillelaw.com\/es\/wp-json\/wp\/v2\/pages\/20\/revisions"}],"predecessor-version":[{"id":1766,"href":"https:\/\/rallswillelaw.com\/es\/wp-json\/wp\/v2\/pages\/20\/revisions\/1766"}],"wp:attachment":[{"href":"https:\/\/rallswillelaw.com\/es\/wp-json\/wp\/v2\/media?parent=20"}],"curies":[{"name":"wp","href":"https:\/\/api.w.org\/{rel}","templated":true}]}}