{"id":1882,"date":"2024-06-04T10:09:01","date_gmt":"2024-06-04T10:09:01","guid":{"rendered":"https:\/\/rallslawoffice.com\/?page_id=1882"},"modified":"2024-06-04T10:17:27","modified_gmt":"2024-06-04T10:17:27","slug":"tucson-abogado-de-delitos-de-cuello-blanco","status":"publish","type":"page","link":"https:\/\/rallswillelaw.com\/es\/tucson-abogado-de-delitos-de-cuello-blanco\/","title":{"rendered":"Tucson Abogado de Delitos de Cuello Blanco"},"content":{"rendered":"<div data-elementor-type=\"wp-page\" data-elementor-id=\"1882\" class=\"elementor elementor-1882\" data-elementor-post-type=\"page\">\n\t\t\t\t\t\t<section class=\"elementor-section elementor-top-section elementor-element elementor-element-3fca90e elementor-section-stretched elementor-section-full_width elementor-section-height-min-height elementor-section-height-default elementor-section-items-middle\" data-id=\"3fca90e\" data-element_type=\"section\" data-e-type=\"section\" data-settings=\"{&quot;stretch_section&quot;:&quot;section-stretched&quot;,&quot;background_background&quot;:&quot;classic&quot;}\">\n\t\t\t\t\t\t\t<div class=\"elementor-background-overlay\"><\/div>\n\t\t\t\t\t\t\t<div class=\"elementor-container elementor-column-gap-no\">\n\t\t\t\t\t<div class=\"elementor-column elementor-col-100 elementor-top-column elementor-element elementor-element-208c635\" data-id=\"208c635\" data-element_type=\"column\" data-e-type=\"column\">\n\t\t\t<div class=\"elementor-widget-wrap elementor-element-populated\">\n\t\t\t\t\t\t<div class=\"elementor-element elementor-element-b8babe6 elementor-widget elementor-widget-heading\" data-id=\"b8babe6\" data-element_type=\"widget\" data-e-type=\"widget\" data-widget_type=\"heading.default\">\n\t\t\t\t<div class=\"elementor-widget-container\">\n\t\t\t\t\t<h3 class=\"elementor-heading-title elementor-size-default\">Proteja Sus Derechos Dentro Y Fuera De La Corte. <\/h3>\t\t\t\t<\/div>\n\t\t\t\t<\/div>\n\t\t\t\t\t<\/div>\n\t\t<\/div>\n\t\t\t\t\t<\/div>\n\t\t<\/section>\n\t\t\t\t<section class=\"elementor-section elementor-top-section elementor-element elementor-element-9b528ba elementor-section-boxed elementor-section-height-default elementor-section-height-default\" data-id=\"9b528ba\" data-element_type=\"section\" data-e-type=\"section\">\n\t\t\t\t\t\t<div class=\"elementor-container elementor-column-gap-default\">\n\t\t\t\t\t<div class=\"elementor-column elementor-col-100 elementor-top-column elementor-element elementor-element-5250b8b\" data-id=\"5250b8b\" data-element_type=\"column\" data-e-type=\"column\">\n\t\t\t<div class=\"elementor-widget-wrap elementor-element-populated\">\n\t\t\t\t\t\t<div class=\"elementor-element elementor-element-08ac5d8 elementor-widget elementor-widget-spacer\" data-id=\"08ac5d8\" data-element_type=\"widget\" data-e-type=\"widget\" data-widget_type=\"spacer.default\">\n\t\t\t\t<div class=\"elementor-widget-container\">\n\t\t\t\t\t\t\t<div class=\"elementor-spacer\">\n\t\t\t<div class=\"elementor-spacer-inner\"><\/div>\n\t\t<\/div>\n\t\t\t\t\t\t<\/div>\n\t\t\t\t<\/div>\n\t\t\t\t\t<\/div>\n\t\t<\/div>\n\t\t\t\t\t<\/div>\n\t\t<\/section>\n\t\t\t\t<section class=\"elementor-section elementor-top-section elementor-element elementor-element-a902373 elementor-section-boxed elementor-section-height-default elementor-section-height-default\" data-id=\"a902373\" data-element_type=\"section\" data-e-type=\"section\" data-settings=\"{&quot;background_background&quot;:&quot;classic&quot;}\">\n\t\t\t\t\t\t<div class=\"elementor-container elementor-column-gap-default\">\n\t\t\t\t\t<div class=\"elementor-column elementor-col-100 elementor-top-column elementor-element elementor-element-8d106c2\" data-id=\"8d106c2\" data-element_type=\"column\" data-e-type=\"column\">\n\t\t\t<div class=\"elementor-widget-wrap elementor-element-populated\">\n\t\t\t\t\t\t<div class=\"elementor-element elementor-element-f3b719a elementor-widget elementor-widget-heading\" data-id=\"f3b719a\" data-element_type=\"widget\" data-e-type=\"widget\" data-widget_type=\"heading.default\">\n\t\t\t\t<div class=\"elementor-widget-container\">\n\t\t\t\t\t<h2 class=\"elementor-heading-title elementor-size-default\">Tucson Abogado de Delitos de Cuello Blanco <\/h2>\t\t\t\t<\/div>\n\t\t\t\t<\/div>\n\t\t\t\t\t<\/div>\n\t\t<\/div>\n\t\t\t\t\t<\/div>\n\t\t<\/section>\n\t\t\t\t<section class=\"elementor-section elementor-top-section elementor-element elementor-element-289408a elementor-section-boxed elementor-section-height-default elementor-section-height-default\" data-id=\"289408a\" data-element_type=\"section\" data-e-type=\"section\">\n\t\t\t\t\t\t<div class=\"elementor-container elementor-column-gap-default\">\n\t\t\t\t\t<div class=\"elementor-column elementor-col-100 elementor-top-column elementor-element elementor-element-6120497\" data-id=\"6120497\" data-element_type=\"column\" data-e-type=\"column\">\n\t\t\t<div class=\"elementor-widget-wrap elementor-element-populated\">\n\t\t\t\t\t\t<div class=\"elementor-element elementor-element-c70add1 elementor-widget elementor-widget-text-editor\" data-id=\"c70add1\" data-element_type=\"widget\" data-e-type=\"widget\" data-widget_type=\"text-editor.default\">\n\t\t\t\t<div class=\"elementor-widget-container\">\n\t\t\t\t\t\t\t\t\t<p>Los delitos de cuello blanco son de naturaleza no violenta y suelen emplearse para defraudar u ocultar actividades espec\u00edficas con el fin de obtener una ventaja personal o profesional. Estos\u00a0<a href=\"http:\/\/the-complexities-of-defending-white-collar-crime-cases\/\" target=\"_blank\" rel=\"noopener\">delitos de cuello blanco<\/a>\u00a0suelen ser cometidos por personas de una clase econ\u00f3mica superior, que tienen acceso y poder sobre determinadas funciones de una organizaci\u00f3n. Fraude, malversaci\u00f3n de fondos, y el uso de informaci\u00f3n privilegiada son ejemplos comunes. Si usted ha sido acusado de un delito de cuello blanco, un abogado de delitos de cuello blanco Tucson puede ayudar.<\/p><p>En\u00a0<a href=\"https:\/\/rallslawoffice.com\/about-the-firm\/\" target=\"_blank\" rel=\"noopener\">Ralls &amp; Wille, P.C.,<\/a>\u00a0llevamos a\u00f1os defendiendo a clientes que han sido acusados de participar en un delito de cuello blanco. Entendemos lo angustiante que pueden ser estas acusaciones y c\u00f3mo pueden afectar a su reputaci\u00f3n. Para rectificar el problema, nuestro bufete de abogados lleva a cabo investigaciones profundas sobre lo que se le acusa y utilizar\u00e1 todas las herramientas legales disponibles para asegurar que se haga justicia.<\/p>\t\t\t\t\t\t\t\t<\/div>\n\t\t\t\t<\/div>\n\t\t\t\t<div class=\"elementor-element elementor-element-844c490 elementor-widget elementor-widget-text-editor\" data-id=\"844c490\" data-element_type=\"widget\" data-e-type=\"widget\" data-widget_type=\"text-editor.default\">\n\t\t\t\t<div class=\"elementor-widget-container\">\n\t\t\t\t\t\t\t\t\t<h2 style=\"text-align: center;\"><em><strong>Los tipos m\u00e1s comunes de delitos de cuello blanco en Tucson<\/strong><\/em><\/h2>\t\t\t\t\t\t\t\t<\/div>\n\t\t\t\t<\/div>\n\t\t\t\t<div class=\"elementor-element elementor-element-23b4695 elementor-widget elementor-widget-text-editor\" data-id=\"23b4695\" data-element_type=\"widget\" data-e-type=\"widget\" data-widget_type=\"text-editor.default\">\n\t\t\t\t<div class=\"elementor-widget-container\">\n\t\t\t\t\t\t\t\t\t<p>La mayor\u00eda de los delitos de cuello blanco son complejas tramas dise\u00f1adas estrat\u00e9gicamente para acceder a determinadas ganancias financieras a trav\u00e9s de medios enga\u00f1osos. Aunque no son violentos, el impacto duradero en las v\u00edctimas puede tener un efecto significativo en su salud financiera y mental.<\/p><p><strong>Algunos de los delitos de cuello blanco m\u00e1s comunes son:<\/strong><\/p><h3><b>Fraude<\/b><\/h3><p>El t\u00e9rmino \"fraude\" es extremadamente amplio y abarca muchos ejemplos diferentes de delitos de cuello blanco. En general, el acto de fraude se produce cuando un individuo tergiversa u omite deliberadamente cierta informaci\u00f3n con la intenci\u00f3n de enga\u00f1ar o manipular a otra persona para obtener alg\u00fan tipo de beneficio econ\u00f3mico.<\/p><p>Por ejemplo, un individuo podr\u00eda inflar cu\u00e1nto dinero gana realmente cada a\u00f1o para asegurarse una hipoteca m\u00e1s alta. Esto tambi\u00e9n incluye la difusi\u00f3n intencionada de informaci\u00f3n err\u00f3nea para ayudar a impulsar el precio de las acciones de una empresa para que sea m\u00e1s alto de lo que ser\u00eda sin el enga\u00f1o.<\/p><h3><b>Malversaci\u00f3n<\/b><\/h3><p>Cuando alguien es declarado culpable de <a href=\"https:\/\/www.justice.gov\/archives\/jm\/criminal-resource-manual-1005-embezzlement\" target=\"_blank\" rel=\"noopener\">malversaci\u00f3n<\/a>En el caso de los estafadores, significa que han transferido ilegalmente dinero de una persona o empresa a ellos mismos. A menudo se trata de alguien que ocupa una posici\u00f3n de liderazgo de confianza y tiene la capacidad de acceder a estos fondos. A veces, se trata de un empleado que desv\u00eda los beneficios de la empresa, o de un ejecutivo de alto nivel que puede cargar gastos personales en su tarjeta de cr\u00e9dito corporativa.<\/p><h3><b>Informaci\u00f3n privilegiada<\/b><\/h3><p>Es ilegal vender acciones personales de una empresa bas\u00e1ndose en informaci\u00f3n privilegiada que se tenga sobre la organizaci\u00f3n o el mercado. Como las personas que trabajan en una empresa tienen acceso a informaci\u00f3n no p\u00fablica, esto les da una ventaja injusta para gestionar sus acciones y vender cuando tienen indicios de que el precio va a bajar. Por eso el gobierno invierte en vigilar y regular esta funci\u00f3n de las empresas para mantener la integridad del mercado.<\/p><h3><b>Lavado de Dinero<\/b><\/h3><p>El dinero que se obtiene ilegalmente y se pasa disfrazado a otra cuenta puede considerarse blanqueo de capitales. Suele tratarse de un plan meditado para adelantar fondos a trav\u00e9s de una complicada secuencia de transferencias bancarias con el fin de que el dinero parezca obtenido legalmente. Una vez completado el proceso, los autores de este delito suelen tener la intenci\u00f3n de utilizar los fondos para lo que quieran, con la impresi\u00f3n de que nadie podr\u00e1 rastrearlos hasta sus or\u00edgenes.<\/p><h3><strong>Robo de identidad<\/strong><\/h3><p>Utilizar la informaci\u00f3n personal de otra persona para cometer cualquier tipo de fraude es un acto ilegal de usurpaci\u00f3n de identidad. Esto puede ocurrir cuando alguien utiliza el n\u00famero de la seguridad social o la tarjeta de cr\u00e9dito de otra persona para hacer compras ilegales, robar dinero o adquirir un pr\u00e9stamo con la informaci\u00f3n de otra persona. Las v\u00edctimas de este delito se enfrentan a enormes da\u00f1os financieros y tendr\u00e1n que trabajar duro para recuperar sus fondos y restaurar la integridad de su nombre.<\/p><h3><strong>Evasi\u00f3n fiscal<\/strong><\/h3><p>Los actos intencionados para evitar el pago de los impuestos adeudados al gobierno se clasifican como evasi\u00f3n fiscal. Esto puede hacerse a nivel individual o empresarial. Acciones habituales para evitar el pago de impuestos en <a href=\"https:\/\/en.wikipedia.org\/wiki\/Tucson,_Arizona\" target=\"_blank\" rel=\"noopener\">Tucson, AZ<\/a> entre las que se incluyen declarar menos ingresos de los que se tienen, inflar la cantidad que se puede deducir u ocultar el dinero extra que se ha ganado en cuentas en el extranjero. Esto es ilegal, ya que impide que el gobierno pueda financiar determinados servicios p\u00fablicos.<\/p>\t\t\t\t\t\t\t\t<\/div>\n\t\t\t\t<\/div>\n\t\t\t\t<div class=\"elementor-element elementor-element-9858047 elementor-widget elementor-widget-text-editor\" data-id=\"9858047\" data-element_type=\"widget\" data-e-type=\"widget\" data-widget_type=\"text-editor.default\">\n\t\t\t\t<div class=\"elementor-widget-container\">\n\t\t\t\t\t\t\t\t\t<h2 style=\"text-align: center;\"><em><strong>Preguntas frecuentes<\/strong><\/em><\/h2>\t\t\t\t\t\t\t\t<\/div>\n\t\t\t\t<\/div>\n\t\t\t\t<div class=\"elementor-element elementor-element-9aef0df elementor-widget elementor-widget-text-editor\" data-id=\"9aef0df\" data-element_type=\"widget\" data-e-type=\"widget\" data-widget_type=\"text-editor.default\">\n\t\t\t\t<div class=\"elementor-widget-container\">\n\t\t\t\t\t\t\t\t\t<h3>P: \u00bfQu\u00e9 es un abogado defensor de guante blanco?<\/h3>\n\n<p><strong>A:<\/strong> Estos abogados est\u00e1n espec\u00edficamente capacitados para defender a las personas que han sido acusadas de participar en el enga\u00f1o o mala conducta financiera. Tienen experiencia en la investigaci\u00f3n de las leyes que existen para proteger a sus clientes, mientras que ser capaz de hacer agujeros en cualquier acusaci\u00f3n de la fiscal\u00eda. Si bien estos abogados est\u00e1n principalmente interesados en retirar los cargos contra sus clientes, tambi\u00e9n pueden ayudar a reducir la gravedad de cualquier delito si su cliente decide confesarse culpable.<\/p>\n\n<h3>P: \u00bfC\u00f3mo se investigan los delitos de cuello blanco?<\/h3>\n\n<p><strong>A:<\/strong> Normalmente se recurre a diversos organismos policiales especializados, como el FBI y la Agencia Tributaria, para que ayuden a investigar cualquier sospecha de delito de cuello blanco. Estas investigaciones comienzan tradicionalmente con la recopilaci\u00f3n de documentos como registros bancarios y correos electr\u00f3nicos para analizar sus detalles y ver si apuntan a alguna actividad ilegal. Los miembros de estas agencias tambi\u00e9n se tomar\u00e1n su tiempo para entrevistar a testigos que puedan tener conocimiento de primera mano sobre el car\u00e1cter o el comportamiento de alguien en el trabajo.<\/p>\n\n<h3>P: \u00bfQu\u00e9 defensas est\u00e1n disponibles para los cargos de cuello blanco?<\/h3>\n\n<p><strong>A:<\/strong> Debido a que los delincuentes de cuello blanco son a menudo muy inteligentes y calculados en sus acciones, a veces lleva a los investigadores a cometer errores que podr\u00edan descartar piezas espec\u00edficas de evidencia en la corte. Por ejemplo, si las fuerzas del orden son declaradas culpables de incurrir en una trampa, esto podr\u00eda eliminar cualquier prueba que recogieron durante ese evento. De lo contrario, un abogado defensor tendr\u00e1 que se\u00f1alar la falta de pruebas suficientes ante el tribunal para hacer dudar de la culpabilidad de su cliente.<\/p>\n\n<h3>P: \u00bfLos delitos de cuello blanco pueden dar lugar a penas de prisi\u00f3n?<\/h3>\n\n<p><strong>A:<\/strong> S\u00ed, alguien declarado culpable de cometer un delito de cuello blanco puede <a href=\"https:\/\/rallslawoffice.com\/blog\/do-i-have-to-stay-in-jail-until-my-trial\/\" target=\"_blank\" rel=\"noopener\">se enfrentan a penas de prisi\u00f3n<\/a>. Esto es especialmente cierto cuando est\u00e1n en juego grandes sumas de dinero, o se ha producido un da\u00f1o significativo a un individuo u organizaci\u00f3n. Sin embargo, ser acusado de un delito de cuello blanco no significa autom\u00e1ticamente que la c\u00e1rcel sea inevitable. Un abogado defensor puede ayudarle a demostrar su inocencia ante el tribunal o reducir una pena de c\u00e1rcel a arresto domiciliario o multas como castigo alternativo.<\/p>\t\t\t\t\t\t\t\t<\/div>\n\t\t\t\t<\/div>\n\t\t\t\t<div class=\"elementor-element elementor-element-abfa634 elementor-widget elementor-widget-text-editor\" data-id=\"abfa634\" data-element_type=\"widget\" data-e-type=\"widget\" data-widget_type=\"text-editor.default\">\n\t\t\t\t<div class=\"elementor-widget-container\">\n\t\t\t\t\t\t\t\t\t<h2 style=\"text-align: center;\"><em><strong>P\u00f3ngase en contacto con Ralls &amp; Wille, P.C. hoy mismo<\/strong><\/em><\/h2>\t\t\t\t\t\t\t\t<\/div>\n\t\t\t\t<\/div>\n\t\t\t\t<div class=\"elementor-element elementor-element-a152f00 elementor-widget elementor-widget-text-editor\" data-id=\"a152f00\" data-element_type=\"widget\" data-e-type=\"widget\" data-widget_type=\"text-editor.default\">\n\t\t\t\t<div class=\"elementor-widget-container\">\n\t\t\t\t\t\t\t\t\t<p>Si usted ha sido acusado de participar en un delito de cuello blanco y no est\u00e1 seguro de a d\u00f3nde acudir, dar a los abogados de defensa criminal en Ralls y Wille una llamada. <a href=\"https:\/\/rallslawoffice.com\/firm-history\/\" target=\"_blank\" rel=\"noopener\">Durante a\u00f1os, hemos proporcionado asesoramiento jur\u00eddico<\/a> para ayudar a reducir las penas y defender la conducta de nuestros clientes. Estar\u00edamos honrados de extender este mismo servicio a usted y representar su caso. <a href=\"https:\/\/rallslawoffice.com\/contact\/\" target=\"_blank\" rel=\"noopener\">P\u00f3ngase en contacto<\/a> para empezar a proteger su reputaci\u00f3n y resolver sus litigios.<\/p>\t\t\t\t\t\t\t\t<\/div>\n\t\t\t\t<\/div>\n\t\t\t\t\t<\/div>\n\t\t<\/div>\n\t\t\t\t\t<\/div>\n\t\t<\/section>\n\t\t\t\t<\/div>","protected":false},"excerpt":{"rendered":"<p>Proteja sus derechos tanto dentro como fuera de la sala del tribunal. Tucson Abogado de Delitos de Cuello Blanco Delitos de cuello blanco no son violentos en la naturaleza y, a menudo se emplean para el fraude u ocultar actividades espec\u00edficas para recibir una ventaja personal o profesional. Estos delitos de cuello blanco son a menudo cometidos por aquellos en una clase econ\u00f3mica m\u00e1s alta, donde tienen acceso a ... <a title=\"Tucson Abogado de Delitos de Cuello Blanco\" class=\"read-more\" href=\"https:\/\/rallswillelaw.com\/es\/tucson-abogado-de-delitos-de-cuello-blanco\/\" aria-label=\"Leer m\u00e1s sobre Tucson White Collar Crime Lawyer\">Leer m\u00e1s<\/a><\/p>","protected":false},"author":4,"featured_media":0,"parent":0,"menu_order":0,"comment_status":"closed","ping_status":"closed","template":"","meta":{"_monsterinsights_skip_tracking":false,"_monsterinsights_sitenote_active":false,"_monsterinsights_sitenote_note":"","_monsterinsights_sitenote_category":0,"footnotes":""},"class_list":["post-1882","page","type-page","status-publish"],"_links":{"self":[{"href":"https:\/\/rallswillelaw.com\/es\/wp-json\/wp\/v2\/pages\/1882","targetHints":{"allow":["GET"]}}],"collection":[{"href":"https:\/\/rallswillelaw.com\/es\/wp-json\/wp\/v2\/pages"}],"about":[{"href":"https:\/\/rallswillelaw.com\/es\/wp-json\/wp\/v2\/types\/page"}],"author":[{"embeddable":true,"href":"https:\/\/rallswillelaw.com\/es\/wp-json\/wp\/v2\/users\/4"}],"replies":[{"embeddable":true,"href":"https:\/\/rallswillelaw.com\/es\/wp-json\/wp\/v2\/comments?post=1882"}],"version-history":[{"count":18,"href":"https:\/\/rallswillelaw.com\/es\/wp-json\/wp\/v2\/pages\/1882\/revisions"}],"predecessor-version":[{"id":1904,"href":"https:\/\/rallswillelaw.com\/es\/wp-json\/wp\/v2\/pages\/1882\/revisions\/1904"}],"wp:attachment":[{"href":"https:\/\/rallswillelaw.com\/es\/wp-json\/wp\/v2\/media?parent=1882"}],"curies":[{"name":"wp","href":"https:\/\/api.w.org\/{rel}","templated":true}]}}