{"id":1835,"date":"2024-03-26T00:22:07","date_gmt":"2024-03-26T00:22:07","guid":{"rendered":"https:\/\/rallslawoffice.com\/?page_id=1835"},"modified":"2024-06-04T10:30:41","modified_gmt":"2024-06-04T10:30:41","slug":"tucson-abogado-de-delitos-violentos","status":"publish","type":"page","link":"https:\/\/rallswillelaw.com\/es\/tucson-abogado-de-delitos-violentos\/","title":{"rendered":"Tucson Delitos Violentos Abogado"},"content":{"rendered":"<div data-elementor-type=\"wp-page\" data-elementor-id=\"1835\" class=\"elementor elementor-1835\" data-elementor-post-type=\"page\">\n\t\t\t\t\t\t<section class=\"elementor-section elementor-top-section elementor-element elementor-element-3fca90e elementor-section-stretched elementor-section-full_width elementor-section-height-min-height elementor-section-height-default elementor-section-items-middle\" data-id=\"3fca90e\" data-element_type=\"section\" data-e-type=\"section\" data-settings=\"{&quot;stretch_section&quot;:&quot;section-stretched&quot;,&quot;background_background&quot;:&quot;classic&quot;}\">\n\t\t\t\t\t\t\t<div class=\"elementor-background-overlay\"><\/div>\n\t\t\t\t\t\t\t<div class=\"elementor-container elementor-column-gap-no\">\n\t\t\t\t\t<div class=\"elementor-column elementor-col-100 elementor-top-column elementor-element elementor-element-208c635\" data-id=\"208c635\" data-element_type=\"column\" data-e-type=\"column\">\n\t\t\t<div class=\"elementor-widget-wrap elementor-element-populated\">\n\t\t\t\t\t\t<div class=\"elementor-element elementor-element-b8babe6 elementor-widget elementor-widget-heading\" data-id=\"b8babe6\" data-element_type=\"widget\" data-e-type=\"widget\" data-widget_type=\"heading.default\">\n\t\t\t\t<div class=\"elementor-widget-container\">\n\t\t\t\t\t<h3 class=\"elementor-heading-title elementor-size-default\">Proteja Sus Derechos Dentro Y Fuera De La Corte. <\/h3>\t\t\t\t<\/div>\n\t\t\t\t<\/div>\n\t\t\t\t\t<\/div>\n\t\t<\/div>\n\t\t\t\t\t<\/div>\n\t\t<\/section>\n\t\t\t\t<section class=\"elementor-section elementor-top-section elementor-element elementor-element-9b528ba elementor-section-boxed elementor-section-height-default elementor-section-height-default\" data-id=\"9b528ba\" data-element_type=\"section\" data-e-type=\"section\">\n\t\t\t\t\t\t<div class=\"elementor-container elementor-column-gap-default\">\n\t\t\t\t\t<div class=\"elementor-column elementor-col-100 elementor-top-column elementor-element elementor-element-5250b8b\" data-id=\"5250b8b\" data-element_type=\"column\" data-e-type=\"column\">\n\t\t\t<div class=\"elementor-widget-wrap elementor-element-populated\">\n\t\t\t\t\t\t<div class=\"elementor-element elementor-element-08ac5d8 elementor-widget elementor-widget-spacer\" data-id=\"08ac5d8\" data-element_type=\"widget\" data-e-type=\"widget\" data-widget_type=\"spacer.default\">\n\t\t\t\t<div class=\"elementor-widget-container\">\n\t\t\t\t\t\t\t<div class=\"elementor-spacer\">\n\t\t\t<div class=\"elementor-spacer-inner\"><\/div>\n\t\t<\/div>\n\t\t\t\t\t\t<\/div>\n\t\t\t\t<\/div>\n\t\t\t\t\t<\/div>\n\t\t<\/div>\n\t\t\t\t\t<\/div>\n\t\t<\/section>\n\t\t\t\t<section class=\"elementor-section elementor-top-section elementor-element elementor-element-a902373 elementor-section-boxed elementor-section-height-default elementor-section-height-default\" data-id=\"a902373\" data-element_type=\"section\" data-e-type=\"section\" data-settings=\"{&quot;background_background&quot;:&quot;classic&quot;}\">\n\t\t\t\t\t\t<div class=\"elementor-container elementor-column-gap-default\">\n\t\t\t\t\t<div class=\"elementor-column elementor-col-100 elementor-top-column elementor-element elementor-element-8d106c2\" data-id=\"8d106c2\" data-element_type=\"column\" data-e-type=\"column\">\n\t\t\t<div class=\"elementor-widget-wrap elementor-element-populated\">\n\t\t\t\t\t\t<div class=\"elementor-element elementor-element-f3b719a elementor-widget elementor-widget-heading\" data-id=\"f3b719a\" data-element_type=\"widget\" data-e-type=\"widget\" data-widget_type=\"heading.default\">\n\t\t\t\t<div class=\"elementor-widget-container\">\n\t\t\t\t\t<h1 class=\"elementor-heading-title elementor-size-default\">Tucson Delitos Violentos Abogado<\/h1>\t\t\t\t<\/div>\n\t\t\t\t<\/div>\n\t\t\t\t\t<\/div>\n\t\t<\/div>\n\t\t\t\t\t<\/div>\n\t\t<\/section>\n\t\t\t\t<section class=\"elementor-section elementor-top-section elementor-element elementor-element-289408a elementor-section-boxed elementor-section-height-default elementor-section-height-default\" data-id=\"289408a\" data-element_type=\"section\" data-e-type=\"section\">\n\t\t\t\t\t\t<div class=\"elementor-container elementor-column-gap-default\">\n\t\t\t\t\t<div class=\"elementor-column elementor-col-100 elementor-top-column elementor-element elementor-element-6120497\" data-id=\"6120497\" data-element_type=\"column\" data-e-type=\"column\">\n\t\t\t<div class=\"elementor-widget-wrap elementor-element-populated\">\n\t\t\t\t\t\t<div class=\"elementor-element elementor-element-c70add1 elementor-widget elementor-widget-text-editor\" data-id=\"c70add1\" data-element_type=\"widget\" data-e-type=\"widget\" data-widget_type=\"text-editor.default\">\n\t\t\t\t<div class=\"elementor-widget-container\">\n\t\t\t\t\t\t\t\t\tAl ser acusado de un crimen violento, es importante entender sus derechos y responsabilidades bajo la ley de Arizona. Muchos detalles que rodean las leyes de delitos violentos son complicados y dif\u00edciles de entender por su cuenta. Un abogado de delitos violentos Tucson puede ayudarle a aprender acerca de sus opciones legales despu\u00e9s de recibir cargos por delitos violentos para que pueda buscar un mejor resultado. Pueden revisar su situaci\u00f3n y desarrollar un programa detallado para ayudarle.\t\t\t\t\t\t\t\t<\/div>\n\t\t\t\t<\/div>\n\t\t\t\t<div class=\"elementor-element elementor-element-2b17e7b elementor-widget elementor-widget-image\" data-id=\"2b17e7b\" data-element_type=\"widget\" data-e-type=\"widget\" data-widget_type=\"image.default\">\n\t\t\t\t<div class=\"elementor-widget-container\">\n\t\t\t\t\t\t\t\t\t\t\t\t\t\t\t<img fetchpriority=\"high\" decoding=\"async\" width=\"1024\" height=\"532\" src=\"https:\/\/rallswillelaw.com\/wp-content\/uploads\/2024\/03\/tucson-violent-crimes-lawyer-1024x532.webp\" class=\"attachment-large size-large wp-image-1846\" alt=\"Tucson Delitos Violentos Abogado\" srcset=\"https:\/\/rallswillelaw.com\/wp-content\/uploads\/2024\/03\/tucson-violent-crimes-lawyer-1024x532.webp 1024w, https:\/\/rallswillelaw.com\/wp-content\/uploads\/2024\/03\/tucson-violent-crimes-lawyer-300x156.webp 300w, https:\/\/rallswillelaw.com\/wp-content\/uploads\/2024\/03\/tucson-violent-crimes-lawyer-768x399.webp 768w, https:\/\/rallswillelaw.com\/wp-content\/uploads\/2024\/03\/tucson-violent-crimes-lawyer-18x9.webp 18w, https:\/\/rallswillelaw.com\/wp-content\/uploads\/2024\/03\/tucson-violent-crimes-lawyer.webp 1250w\" sizes=\"(max-width: 1024px) 100vw, 1024px\" \/>\t\t\t\t\t\t\t\t\t\t\t\t\t\t\t<\/div>\n\t\t\t\t<\/div>\n\t\t\t\t<div class=\"elementor-element elementor-element-844c490 elementor-widget elementor-widget-text-editor\" data-id=\"844c490\" data-element_type=\"widget\" data-e-type=\"widget\" data-widget_type=\"text-editor.default\">\n\t\t\t\t<div class=\"elementor-widget-container\">\n\t\t\t\t\t\t\t\t\t<h2 style=\"text-align: center;\"><em><strong>Reputado bufete de defensa penal<\/strong><\/em><\/h2>\t\t\t\t\t\t\t\t<\/div>\n\t\t\t\t<\/div>\n\t\t\t\t<div class=\"elementor-element elementor-element-23b4695 elementor-widget elementor-widget-text-editor\" data-id=\"23b4695\" data-element_type=\"widget\" data-e-type=\"widget\" data-widget_type=\"text-editor.default\">\n\t\t\t\t<div class=\"elementor-widget-container\">\n\t\t\t\t\t\t\t\t\t<p><a href=\"https:\/\/rallslawoffice.com\/about-the-firm\/\" target=\"_blank\" rel=\"noopener\">Los abogados de Ralls &amp; Wille, P.C.<\/a> dan una ventaja \u00fanica a sus clientes basada en su larga historia en la ley de defensa criminal. Muchos de los miembros del personal legal son biling\u00fces en ingl\u00e9s y espa\u00f1ol y han manejado casos en tribunales federales y estatales. Si usted es acusado de<a href=\"https:\/\/rallslawoffice.com\/blog\/defending-against-drug-trafficking-charges-unraveling-the-intricacies-of-wiretap-investigations-introduction\/\" target=\"_blank\" rel=\"noopener\"> tr\u00e1fico de drogas,<\/a> cr\u00edmenes asociados con la inmigraci\u00f3n ilegal, u otro crimen violento, Ralls &amp; Wille, P.C. puede ayudar. Se esfuerzan por dar a cada cliente un plan de acci\u00f3n personalizado.<\/p>\t\t\t\t\t\t\t\t<\/div>\n\t\t\t\t<\/div>\n\t\t\t\t<div class=\"elementor-element elementor-element-68180c8 elementor-widget elementor-widget-text-editor\" data-id=\"68180c8\" data-element_type=\"widget\" data-e-type=\"widget\" data-widget_type=\"text-editor.default\">\n\t\t\t\t<div class=\"elementor-widget-container\">\n\t\t\t\t\t\t\t\t\t<h2 style=\"text-align: center;\"><em><strong>\u00bfC\u00f3mo se determinan las penas por delitos violentos?<\/strong><\/em><\/h2>\t\t\t\t\t\t\t\t<\/div>\n\t\t\t\t<\/div>\n\t\t\t\t<div class=\"elementor-element elementor-element-b84849c elementor-widget elementor-widget-text-editor\" data-id=\"b84849c\" data-element_type=\"widget\" data-e-type=\"widget\" data-widget_type=\"text-editor.default\">\n\t\t\t\t<div class=\"elementor-widget-container\">\n\t\t\t\t\t\t\t\t\t<p>Ralls &amp; Wille, P.C. se centra en casos que implican cosas como delitos de drogas, contrabando de dinero y\/o armas, y <a href=\"https:\/\/rallslawoffice.com\/blog\/the-challenges-and-costs-of-defending-conspiracy-cases\/\" target=\"_blank\" rel=\"noopener\">cargos de conspiraci\u00f3n<\/a>. En la mayor\u00eda de los casos, estos delitos se consideran delitos graves. Hay varios factores que intervienen en la sentencia por un delito grave, incluyendo:<\/p>\n<ul>\n<li><strong>Leyes de condena est\u00e1ndar:<\/strong> Arizona tiene leyes que especifican qu\u00e9 tan poco o cu\u00e1nto tiempo debe ser sentenciada una persona dependiendo del delito que cometa. Tambi\u00e9n hay sentencias presuntivas, que suelen ser el punto de partida para una sentencia. La sentencia presunta puede reducirse o ampliarse seg\u00fan el contexto del caso.<\/li>\n<li><strong>Factores contextuales:<\/strong> Los tipos m\u00e1s comunes de factores que determinan una sentencia por delito violento son los factores atenuantes y los factores agravantes. Los factores atenuantes, como la participaci\u00f3n pasiva del acusado en un delito, suelen reducir la condena de un delito violento. Los factores agravantes, como ser el principal participante en un delito o cometer el delito de forma excesivamente violenta, suelen aumentar la condena.<\/li>\n<li><strong>Condenas anteriores:<\/strong> Si un delincuente condenado tiene&nbsp;<a href=\"https:\/\/rallslawoffice.com\/tucson-white-collar-crime-lawyer\/\" target=\"_blank\" rel=\"noopener\">otros delitos<\/a>&nbsp;en su expediente, por lo general est\u00e1n sujetos a sentencias mayores, tambi\u00e9n conocidas como sentencias mejoradas. Al igual que las sentencias est\u00e1ndar, estas suelen estar descritas en la ley de Arizona.<\/li>\n<\/ul>\t\t\t\t\t\t\t\t<\/div>\n\t\t\t\t<\/div>\n\t\t\t\t<div class=\"elementor-element elementor-element-ab4ed30 elementor-widget elementor-widget-text-editor\" data-id=\"ab4ed30\" data-element_type=\"widget\" data-e-type=\"widget\" data-widget_type=\"text-editor.default\">\n\t\t\t\t<div class=\"elementor-widget-container\">\n\t\t\t\t\t\t\t\t\t<h2 style=\"text-align: center;\"><em><strong>Clases de delitos graves<\/strong><\/em><\/h2>\t\t\t\t\t\t\t\t<\/div>\n\t\t\t\t<\/div>\n\t\t\t\t<div class=\"elementor-element elementor-element-c1a6cd0 elementor-widget elementor-widget-text-editor\" data-id=\"c1a6cd0\" data-element_type=\"widget\" data-e-type=\"widget\" data-widget_type=\"text-editor.default\">\n\t\t\t\t<div class=\"elementor-widget-container\">\n\t\t\t\t\t\t\t\t\t<p>Las sentencias por delitos violentos tambi\u00e9n dependen del delito espec\u00edfico del que se le acusa. Los delitos se organizan en clases, cada una de las cuales tiene una duraci\u00f3n diferente para la sentencia:<\/p><ul><li><strong>Clase Uno:<\/strong> En la mayor\u00eda de los casos, esta clase se reserva para el asesinato. Dependiendo de si el asesinato se cometi\u00f3 en primer o segundo grado, el cargo por un delito grave de clase uno puede oscilar entre 15 a\u00f1os y cadena perpetua.<\/li><li><strong>Clase dos:<\/strong> La mayor\u00eda de los delitos considerados delitos graves de clase dos son cosas como el homicidio involuntario y otros delitos violentos como el tr\u00e1fico o la producci\u00f3n de drogas ilegales. Estos delitos suelen conllevar penas de entre 4 y 10 a\u00f1os de prisi\u00f3n.<\/li><li><strong>Clase tres:<\/strong> Los delitos graves de la clase tres suelen implicar el robo de alg\u00fan tipo, ya sea el robo dentro de una residencia o el robo de un veh\u00edculo. Tambi\u00e9n incluye asaltar a alguien con un arma que se considera mortal. Los delitos graves de clase tres suelen condenarse a penas de 2,5 a 7 a\u00f1os de prisi\u00f3n.<\/li><li><strong>Clase cuatro:<\/strong> Otras formas de robo y agresi\u00f3n con un m\u00e9todo que no sea un arma mortal (como el estrangulamiento) se consideran normalmente delitos graves de clase cuatro que conllevan penas de 1,5 a 3 a\u00f1os de prisi\u00f3n.<\/li><li><strong>Clase cinco:<\/strong> Los intentos m\u00faltiples de violencia dom\u00e9stica se consideran a veces violencia dom\u00e9stica agravada, que es un delito grave de clase cinco. Otras formas de acoso, como el acecho, tambi\u00e9n se incluyen en esta clase. Esta clase conlleva la condena habitual de 9 meses a 2 a\u00f1os.<\/li><li><strong>Clase seis:<\/strong> Ciertas formas de robo y tener cosas como parafernalia de drogas podria ser considerado un delito grave de clase seis, pero si nadie fue gravemente herido y si no habia arma mortal involucrada, esto podria cambiar. Con un buen abogado defensor, estos cargos podrian ser reducidos a un delito menor, dependiendo del contexto. Si se decide una condena por delito grave, la sentencia oscila entre 6 meses y 18 meses.<\/li><\/ul>\t\t\t\t\t\t\t\t<\/div>\n\t\t\t\t<\/div>\n\t\t\t\t<div class=\"elementor-element elementor-element-1338d50 elementor-widget elementor-widget-text-editor\" data-id=\"1338d50\" data-element_type=\"widget\" data-e-type=\"widget\" data-widget_type=\"text-editor.default\">\n\t\t\t\t<div class=\"elementor-widget-container\">\n\t\t\t\t\t\t\t\t\t<h2 style=\"text-align: center;\"><em><strong>\u00bfPor qu\u00e9 necesito un abogado?<\/strong><\/em><\/h2>\t\t\t\t\t\t\t\t<\/div>\n\t\t\t\t<\/div>\n\t\t\t\t<div class=\"elementor-element elementor-element-1b76765 elementor-widget elementor-widget-text-editor\" data-id=\"1b76765\" data-element_type=\"widget\" data-e-type=\"widget\" data-widget_type=\"text-editor.default\">\n\t\t\t\t<div class=\"elementor-widget-container\">\n\t\t\t\t\t\t\t\t\t<p>Ser acusado de un delito violento en\u00a0<a href=\"https:\/\/en.wikipedia.org\/wiki\/Tucson,_Arizona\" target=\"_blank\" rel=\"noopener\">Tucson, AZ<\/a>\u00a0es extremadamente grave. Muchos cr\u00edmenes violentos, si usted es condenado por ellos, tambi\u00e9n vienen con cargos de felon\u00eda. Un delito grave puede limitar severamente sus opciones futuras y restringir sus derechos, incluyendo:<\/p><ul><li><strong>Votar:<\/strong> En Arizona, las personas condenadas por delitos graves ya no pueden votar, excepto en circunstancias espec\u00edficas. Esto significa que ya no podr\u00e1 influir en qui\u00e9n le representa ni en el resultado de la legislaci\u00f3n propuesta.<\/li><li><strong>Armas de fuego:<\/strong> Una condena por delito grave tambi\u00e9n le quita el derecho federal a comprar o incluso poseer armas de fuego. Esto tambi\u00e9n puede ocurrir si se le condena por violencia dom\u00e9stica en algunas situaciones.<\/li><li><strong>Empleo:<\/strong> La mayor\u00eda de las empresas comprueban los antecedentes penales de los posibles candidatos. Si encuentran una condena por delito grave en su expediente, puede que se lo piensen dos veces antes de contratarle. Algunas empresas y organizaciones tienen pol\u00edticas que les impiden contratar a condenados por delitos graves u otro tipo de cargos.<\/li><li><strong>Vivienda:<\/strong> Al igual que los empresarios, los propietarios, los bancos y otras autoridades de la vivienda son m\u00e1s reacios a alquilar o vender a delincuentes convictos.<\/li><\/ul><p>Recibir una condena por delito grave puede ser extremadamente perjudicial para su vida. Un abogado de defensa criminal respetado podr\u00eda ser capaz de reducir su cargo de delito grave a un delito menor en algunos casos o eliminar los cargos por completo. Por eso es tan importante buscar un abogado de confianza cuando se enfrenta a cargos por delitos violentos.<\/p>\t\t\t\t\t\t\t\t<\/div>\n\t\t\t\t<\/div>\n\t\t\t\t<div class=\"elementor-element elementor-element-97de1b8 elementor-widget elementor-widget-text-editor\" data-id=\"97de1b8\" data-element_type=\"widget\" data-e-type=\"widget\" data-widget_type=\"text-editor.default\">\n\t\t\t\t<div class=\"elementor-widget-container\">\n\t\t\t\t\t\t\t\t\t<h2 style=\"text-align: center;\"><em><strong>Estrategias comunes de defensa para delitos violentos<\/strong><\/em><\/h2>\t\t\t\t\t\t\t\t<\/div>\n\t\t\t\t<\/div>\n\t\t\t\t<div class=\"elementor-element elementor-element-693523f elementor-widget elementor-widget-text-editor\" data-id=\"693523f\" data-element_type=\"widget\" data-e-type=\"widget\" data-widget_type=\"text-editor.default\">\n\t\t\t\t<div class=\"elementor-widget-container\">\n\t\t\t\t\t\t\t\t\t<p>Aun si usted recibe cargos de crimen violento, es posible evitar o recibir una condena reducida. Un abogado puede defenderte usando argumentos como:<\/p><ul><li><strong>Falta de pruebas:<\/strong> Aunque algunos crean que usted cometi\u00f3 el delito, es responsabilidad de la fiscal\u00eda probarlo m\u00e1s all\u00e1 de toda duda razonable. Si el jurado decide que no puede hacerlo, lo m\u00e1s probable es que emita un veredicto de no culpable. Esto tambi\u00e9n se aplica a las pruebas obtenidas ilegalmente.<\/li><li><strong>Incertidumbre:<\/strong> En muchos casos penales, un testigo debe ser capaz de identificar a la persona que cometi\u00f3 el delito. A veces, esto no sucede, lo que conduce a una menor probabilidad de condena.<\/li><li><strong>Una coartada v\u00e1lida:<\/strong> Un abogado puede ayudarle a reunir pruebas que demuestren que usted no estaba presente cuando se cometi\u00f3 el delito.<\/li><li><strong>Intoxicado sin su consentimiento:<\/strong> Si, sin saberlo, consumi\u00f3 o se vio obligado a consumir drogas o alcohol en relaci\u00f3n con el delito, es posible que no se diera cuenta de la gravedad de los actos que estaba cometiendo.<\/li><\/ul><p>Cada caso es \u00fanico y requiere una estrategia diferente. Un abogado defensor en\u00a0<a href=\"https:\/\/www.tucsonaz.gov\/Home\" target=\"_blank\" rel=\"noopener\">Tucson<\/a>\u00a0puede informarle de qu\u00e9 argumentos podr\u00edan funcionar bien para su situaci\u00f3n y hacerle saber lo que podr\u00eda ocurrir en su caso.<\/p>\t\t\t\t\t\t\t\t<\/div>\n\t\t\t\t<\/div>\n\t\t\t\t<div class=\"elementor-element elementor-element-9858047 elementor-widget elementor-widget-text-editor\" data-id=\"9858047\" data-element_type=\"widget\" data-e-type=\"widget\" data-widget_type=\"text-editor.default\">\n\t\t\t\t<div class=\"elementor-widget-container\">\n\t\t\t\t\t\t\t\t\t<h2 style=\"text-align: center;\"><em><strong>Preguntas frecuentes:<\/strong><\/em><\/h2>\t\t\t\t\t\t\t\t<\/div>\n\t\t\t\t<\/div>\n\t\t\t\t<div class=\"elementor-element elementor-element-9aef0df elementor-widget elementor-widget-text-editor\" data-id=\"9aef0df\" data-element_type=\"widget\" data-e-type=\"widget\" data-widget_type=\"text-editor.default\">\n\t\t\t\t<div class=\"elementor-widget-container\">\n\t\t\t\t\t\t\t\t\t<h3>P: \u00bfCu\u00e1nto cuesta un abogado penalista en Arizona?<\/h3><p><strong>A:<\/strong> Un abogado penalista suele costar entre $200 y $300 por hora en Arizona. Esta cifra puede variar seg\u00fan el nivel de experiencia del abogado o el n\u00famero de casos que haya ganado. Tambi\u00e9n depende del lugar de Arizona en el que se encuentre el abogado y del tiempo que pueda tardar en representarle eficazmente. Para obtener informaci\u00f3n m\u00e1s detallada sobre cu\u00e1nto puede costar un abogado de defensa criminal, p\u00f3ngase en contacto con uno directamente y tenga una discusi\u00f3n con ellos a trav\u00e9s de una consulta inicial.<\/p><h3>P: \u00bfA qu\u00e9 tienen derecho los acusados de delitos penales?<\/h3><p><strong>A:<\/strong> Los acusados de delitos penales tienen derecho a varias cosas cuando se les acusa de un delito, entre ellas a no estar obligados a ofrecer a nadie informaci\u00f3n adicional sobre su caso. Esta ley tambi\u00e9n significa que los acusados no tienen que ser llamados como testigos de sus propios casos si no quieren hacerlo. Tambi\u00e9n tienen derecho a un juicio justo que incluya tanto a un juez como a un jurado. P\u00f3ngase en contacto con un abogado de defensa criminal para obtener m\u00e1s informaci\u00f3n sobre sus derechos como acusado penal.<\/p><h3>P: \u00bfQui\u00e9n decide la condena de un acusado?<\/h3><p><strong>A:<\/strong> Un juez decide la condena de alguien declarado culpable de un delito. Un jurado decide si una persona acusada de cargos es culpable o no, lo que se conoce como condena. El hecho de que se le imputen cargos no significa que se le condene por ellos. Para algunos delitos, hay leyes espec\u00edficas que describen los detalles de un castigo para alguien que es declarado culpable de ese delito. Estas leyes pueden variar seg\u00fan el estado o incluso seg\u00fan el condado, por lo que es importante pedir informaci\u00f3n exacta a un abogado.<\/p><h3>P: \u00bfQu\u00e9 tienen en cuenta los jueces a la hora de dictar sentencia?<\/h3><p><strong>A:<\/strong> Los jueces pueden tener en cuenta varios aspectos a la hora de dictar sentencia, como el historial delictivo y ciertos detalles del propio delito. Tambi\u00e9n puede ayudar que el acusado se arrepienta claramente de sus actos y lo demuestre ante el tribunal. Otros factores incluyen cosas como si hubo violencia, as\u00ed como el papel espec\u00edfico del acusado en el caso. Aunque un abogado no puede predecir el veredicto de un juez, s\u00ed puede darle su opini\u00f3n sobre su situaci\u00f3n.<\/p>\t\t\t\t\t\t\t\t<\/div>\n\t\t\t\t<\/div>\n\t\t\t\t<div class=\"elementor-element elementor-element-abfa634 elementor-widget elementor-widget-text-editor\" data-id=\"abfa634\" data-element_type=\"widget\" data-e-type=\"widget\" data-widget_type=\"text-editor.default\">\n\t\t\t\t<div class=\"elementor-widget-container\">\n\t\t\t\t\t\t\t\t\t<h2 style=\"text-align: center;\"><em><strong>Defienda sus derechos<\/strong><\/em><\/h2>\t\t\t\t\t\t\t\t<\/div>\n\t\t\t\t<\/div>\n\t\t\t\t<div class=\"elementor-element elementor-element-a152f00 elementor-widget elementor-widget-text-editor\" data-id=\"a152f00\" data-element_type=\"widget\" data-e-type=\"widget\" data-widget_type=\"text-editor.default\">\n\t\t\t\t<div class=\"elementor-widget-container\">\n\t\t\t\t\t\t\t\t\t<p>Un cargo criminal tiene el potencial de cambiar completamente su vida, especialmente si se trata de un delito grave. Si usted ha sido acusado de un delito violento, p\u00f3ngase en contacto con un abogado de defensa criminal tan pronto como sea posible para los pr\u00f3ximos pasos. Ralls &amp; Wille, P.C. tiene m\u00e1s de 40 a\u00f1os de experiencia en la defensa de delitos violentos y puede ofrecer apoyo para este tipo de cargos. <a href=\"https:\/\/rallslawoffice.com\/contact\/\" target=\"_blank\" rel=\"noopener\">Concertar una consulta<\/a> hoy mismo para saber m\u00e1s sobre sus posibilidades legales.<\/p>\t\t\t\t\t\t\t\t<\/div>\n\t\t\t\t<\/div>\n\t\t\t\t\t<\/div>\n\t\t<\/div>\n\t\t\t\t\t<\/div>\n\t\t<\/section>\n\t\t\t\t<\/div>","protected":false},"excerpt":{"rendered":"<p>Proteja sus derechos tanto dentro como fuera de la sala del tribunal. Tucson Delitos Violentos Abogado Al ser acusado de un delito violento, es importante entender sus derechos y responsabilidades bajo la ley de Arizona. Muchos detalles que rodean las leyes de delitos violentos son complicados y dif\u00edciles de entender por su cuenta. Un abogado de delitos violentos Tucson puede ayudarle ... <a title=\"Tucson Delitos Violentos Abogado\" class=\"read-more\" href=\"https:\/\/rallswillelaw.com\/es\/tucson-abogado-de-delitos-violentos\/\" aria-label=\"Leer m\u00e1s sobre Tucson Abogado de Cr\u00edmenes Violentos\">Leer m\u00e1s<\/a><\/p>","protected":false},"author":4,"featured_media":0,"parent":0,"menu_order":0,"comment_status":"closed","ping_status":"closed","template":"","meta":{"_monsterinsights_skip_tracking":false,"_monsterinsights_sitenote_active":false,"_monsterinsights_sitenote_note":"","_monsterinsights_sitenote_category":0,"footnotes":""},"class_list":["post-1835","page","type-page","status-publish"],"_links":{"self":[{"href":"https:\/\/rallswillelaw.com\/es\/wp-json\/wp\/v2\/pages\/1835","targetHints":{"allow":["GET"]}}],"collection":[{"href":"https:\/\/rallswillelaw.com\/es\/wp-json\/wp\/v2\/pages"}],"about":[{"href":"https:\/\/rallswillelaw.com\/es\/wp-json\/wp\/v2\/types\/page"}],"author":[{"embeddable":true,"href":"https:\/\/rallswillelaw.com\/es\/wp-json\/wp\/v2\/users\/4"}],"replies":[{"embeddable":true,"href":"https:\/\/rallswillelaw.com\/es\/wp-json\/wp\/v2\/comments?post=1835"}],"version-history":[{"count":13,"href":"https:\/\/rallswillelaw.com\/es\/wp-json\/wp\/v2\/pages\/1835\/revisions"}],"predecessor-version":[{"id":1907,"href":"https:\/\/rallswillelaw.com\/es\/wp-json\/wp\/v2\/pages\/1835\/revisions\/1907"}],"wp:attachment":[{"href":"https:\/\/rallswillelaw.com\/es\/wp-json\/wp\/v2\/media?parent=1835"}],"curies":[{"name":"wp","href":"https:\/\/api.w.org\/{rel}","templated":true}]}}