{"id":1792,"date":"2024-01-30T02:09:57","date_gmt":"2024-01-30T02:09:57","guid":{"rendered":"https:\/\/rallslawoffice.com\/?page_id=1792"},"modified":"2024-01-30T02:16:05","modified_gmt":"2024-01-30T02:16:05","slug":"abogado-de-delitos-federales-en-la-frontera-de-tucson-2","status":"publish","type":"page","link":"https:\/\/rallswillelaw.com\/es\/tucson-human-smuggling-defense-attorney\/","title":{"rendered":"Tucson Contrabando Humano Abogado de Defensa"},"content":{"rendered":"<div data-elementor-type=\"wp-page\" data-elementor-id=\"1792\" class=\"elementor elementor-1792\" data-elementor-post-type=\"page\">\n\t\t\t\t\t\t<section class=\"elementor-section elementor-top-section elementor-element elementor-element-3fca90e elementor-section-stretched elementor-section-full_width elementor-section-height-min-height elementor-section-height-default elementor-section-items-middle\" data-id=\"3fca90e\" data-element_type=\"section\" data-e-type=\"section\" data-settings=\"{&quot;stretch_section&quot;:&quot;section-stretched&quot;,&quot;background_background&quot;:&quot;classic&quot;}\">\n\t\t\t\t\t\t\t<div class=\"elementor-background-overlay\"><\/div>\n\t\t\t\t\t\t\t<div class=\"elementor-container elementor-column-gap-no\">\n\t\t\t\t\t<div class=\"elementor-column elementor-col-100 elementor-top-column elementor-element elementor-element-208c635\" data-id=\"208c635\" data-element_type=\"column\" data-e-type=\"column\">\n\t\t\t<div class=\"elementor-widget-wrap elementor-element-populated\">\n\t\t\t\t\t\t<div class=\"elementor-element elementor-element-b8babe6 elementor-widget elementor-widget-heading\" data-id=\"b8babe6\" data-element_type=\"widget\" data-e-type=\"widget\" data-widget_type=\"heading.default\">\n\t\t\t\t<div class=\"elementor-widget-container\">\n\t\t\t\t\t<h3 class=\"elementor-heading-title elementor-size-default\">Proteja Sus Derechos Dentro Y Fuera De La Corte. <\/h3>\t\t\t\t<\/div>\n\t\t\t\t<\/div>\n\t\t\t\t\t<\/div>\n\t\t<\/div>\n\t\t\t\t\t<\/div>\n\t\t<\/section>\n\t\t\t\t<section class=\"elementor-section elementor-top-section elementor-element elementor-element-9b528ba elementor-section-boxed elementor-section-height-default elementor-section-height-default\" data-id=\"9b528ba\" data-element_type=\"section\" data-e-type=\"section\">\n\t\t\t\t\t\t<div class=\"elementor-container elementor-column-gap-default\">\n\t\t\t\t\t<div class=\"elementor-column elementor-col-100 elementor-top-column elementor-element elementor-element-5250b8b\" data-id=\"5250b8b\" data-element_type=\"column\" data-e-type=\"column\">\n\t\t\t<div class=\"elementor-widget-wrap elementor-element-populated\">\n\t\t\t\t\t\t<div class=\"elementor-element elementor-element-08ac5d8 elementor-widget elementor-widget-spacer\" data-id=\"08ac5d8\" data-element_type=\"widget\" data-e-type=\"widget\" data-widget_type=\"spacer.default\">\n\t\t\t\t<div class=\"elementor-widget-container\">\n\t\t\t\t\t\t\t<div class=\"elementor-spacer\">\n\t\t\t<div class=\"elementor-spacer-inner\"><\/div>\n\t\t<\/div>\n\t\t\t\t\t\t<\/div>\n\t\t\t\t<\/div>\n\t\t\t\t\t<\/div>\n\t\t<\/div>\n\t\t\t\t\t<\/div>\n\t\t<\/section>\n\t\t\t\t<section class=\"elementor-section elementor-top-section elementor-element elementor-element-a902373 elementor-section-boxed elementor-section-height-default elementor-section-height-default\" data-id=\"a902373\" data-element_type=\"section\" data-e-type=\"section\" data-settings=\"{&quot;background_background&quot;:&quot;classic&quot;}\">\n\t\t\t\t\t\t<div class=\"elementor-container elementor-column-gap-default\">\n\t\t\t\t\t<div class=\"elementor-column elementor-col-100 elementor-top-column elementor-element elementor-element-8d106c2\" data-id=\"8d106c2\" data-element_type=\"column\" data-e-type=\"column\">\n\t\t\t<div class=\"elementor-widget-wrap elementor-element-populated\">\n\t\t\t\t\t\t<div class=\"elementor-element elementor-element-f3b719a elementor-widget elementor-widget-heading\" data-id=\"f3b719a\" data-element_type=\"widget\" data-e-type=\"widget\" data-widget_type=\"heading.default\">\n\t\t\t\t<div class=\"elementor-widget-container\">\n\t\t\t\t\t<h1 class=\"elementor-heading-title elementor-size-default\">Tucson Contrabando Humano Abogado de Defensa<\/h1>\t\t\t\t<\/div>\n\t\t\t\t<\/div>\n\t\t\t\t\t<\/div>\n\t\t<\/div>\n\t\t\t\t\t<\/div>\n\t\t<\/section>\n\t\t\t\t<section class=\"elementor-section elementor-top-section elementor-element elementor-element-289408a elementor-section-boxed elementor-section-height-default elementor-section-height-default\" data-id=\"289408a\" data-element_type=\"section\" data-e-type=\"section\">\n\t\t\t\t\t\t<div class=\"elementor-container elementor-column-gap-default\">\n\t\t\t\t\t<div class=\"elementor-column elementor-col-100 elementor-top-column elementor-element elementor-element-6120497\" data-id=\"6120497\" data-element_type=\"column\" data-e-type=\"column\">\n\t\t\t<div class=\"elementor-widget-wrap elementor-element-populated\">\n\t\t\t\t\t\t<div class=\"elementor-element elementor-element-c70add1 elementor-widget elementor-widget-text-editor\" data-id=\"c70add1\" data-element_type=\"widget\" data-e-type=\"widget\" data-widget_type=\"text-editor.default\">\n\t\t\t\t<div class=\"elementor-widget-container\">\n\t\t\t\t\t\t\t\t\t<p>Si te enfrentas a un cargo por tr\u00e1fico de personas, tu principal prioridad debe ser ponerte en contacto con un abogado especializado en defensa de casos de tr\u00e1fico de personas en Tucson. Dado que se trata de un delito tanto federal como estatal en Arizona, podr\u00edas enfrentarte a consecuencias en ambos \u00e1mbitos. En <a href=\"https:\/\/rallslawoffice.com\/about-the-firm\/\" target=\"_blank\" rel=\"noopener\">Ralls &amp; Wille, P.C.<\/a>, nuestros abogados especializados en tr\u00e1fico de migrantes en Arizona consideran que cada cliente debe recibir una atenci\u00f3n personalizada para garantizar que su caso se trate y se gestione con el m\u00e1ximo rigor.<\/p>\t\t\t\t\t\t\t\t<\/div>\n\t\t\t\t<\/div>\n\t\t\t\t<div class=\"elementor-element elementor-element-844c490 elementor-widget elementor-widget-text-editor\" data-id=\"844c490\" data-element_type=\"widget\" data-e-type=\"widget\" data-widget_type=\"text-editor.default\">\n\t\t\t\t<div class=\"elementor-widget-container\">\n\t\t\t\t\t\t\t\t\t<h3 style=\"text-align: center;\"><em><strong>\u00bfQu\u00e9 es la trata de personas? <\/strong><\/em><\/h3>\t\t\t\t\t\t\t\t<\/div>\n\t\t\t\t<\/div>\n\t\t\t\t<div class=\"elementor-element elementor-element-23b4695 elementor-widget elementor-widget-text-editor\" data-id=\"23b4695\" data-element_type=\"widget\" data-e-type=\"widget\" data-widget_type=\"text-editor.default\">\n\t\t\t\t<div class=\"elementor-widget-container\">\n\t\t\t\t\t\t\t\t\t<p>A menudo se confunden el tr\u00e1fico il\u00edcito de personas y la trata de personas, pero se trata de dos delitos distintos. La trata de personas consiste en la explotaci\u00f3n de personas con fines de trabajo forzoso o abuso sexual. Por otro lado, el tr\u00e1fico il\u00edcito de personas es el traslado ilegal de personas a trav\u00e9s de fronteras internacionales. Las personas pueden participar en el tr\u00e1fico il\u00edcito de personas por diversas razones, y las motivaciones pueden variar tanto para los traficantes como para las personas objeto del tr\u00e1fico.<\/p><p><strong>Algunos de los motivos habituales del tr\u00e1fico de personas son:<\/strong><\/p><ul><li><strong>Oportunidades econ\u00f3micas:<\/strong> Hay personas que desean mudarse a otro pa\u00eds en busca de mejores perspectivas econ\u00f3micas, oportunidades laborales y un mejor nivel de vida. Algunos traficantes de personas pueden aprovecharse de esta situaci\u00f3n ofreci\u00e9ndose a ayudar a las personas a cruzar las fronteras de manera ilegal, mediante falsas promesas, explotaci\u00f3n econ\u00f3mica, enga\u00f1os, amenazas y coacci\u00f3n. Es posible que el tr\u00e1fico il\u00edcito de personas derive en trata de personas.<\/li><li><strong>Huir de la persecuci\u00f3n:<\/strong> Es posible que algunas personas est\u00e9n huyendo de conflictos, persecuciones o violaciones de los derechos humanos en sus pa\u00edses de origen. Los traficantes de personas pueden ofrecerles una v\u00eda para escapar y buscar refugio en otro pa\u00eds.<\/li><li><strong>Reencuentro con la familia:<\/strong> Las personas pueden verse motivadas a emigrar de forma ilegal para reunirse con familiares que ya se han establecido en otro pa\u00eds. Los traficantes pueden prometer ayudar a estas personas a reunirse con sus seres queridos.<\/li><li><strong>Falta de opciones legales:<\/strong> En algunos casos, las personas pueden recurrir al tr\u00e1fico de migrantes porque las v\u00edas legales de inmigraci\u00f3n no est\u00e1n disponibles o son dif\u00edciles de acceder.<\/li><\/ul>\t\t\t\t\t\t\t\t<\/div>\n\t\t\t\t<\/div>\n\t\t\t\t<div class=\"elementor-element elementor-element-68180c8 elementor-widget elementor-widget-text-editor\" data-id=\"68180c8\" data-element_type=\"widget\" data-e-type=\"widget\" data-widget_type=\"text-editor.default\">\n\t\t\t\t<div class=\"elementor-widget-container\">\n\t\t\t\t\t\t\t\t\t<h3 style=\"text-align: center;\"><em><strong>Tr\u00e1fico de personas en Arizona<\/strong><\/em><\/h3>\t\t\t\t\t\t\t\t<\/div>\n\t\t\t\t<\/div>\n\t\t\t\t<div class=\"elementor-element elementor-element-b84849c elementor-widget elementor-widget-text-editor\" data-id=\"b84849c\" data-element_type=\"widget\" data-e-type=\"widget\" data-widget_type=\"text-editor.default\">\n\t\t\t\t<div class=\"elementor-widget-container\">\n\t\t\t\t\t\t\t\t\t<p>Seg\u00fan la legislaci\u00f3n estatal de Arizona y la legislaci\u00f3n federal, es ilegal transportar, intentar transportar u ocultar a un inmigrante ilegal conocido con el fin de que entre o resida en el estado de Arizona. Las consecuencias de infringir estas leyes en <a href=\"https:\/\/en.wikipedia.org\/wiki\/Tucson,_Arizona\" target=\"_blank\" rel=\"noopener\">Tucson, AZ<\/a> puede constituir un delito menor o incluso un delito grave, dependiendo de las circunstancias espec\u00edficas del caso.\u00a0<\/p><p>El acto de transportar a un inmigrante ilegal se clasifica como el delito menor m\u00e1s grave, un delito menor de Clase 1. En caso de ser declarado culpable, la persona se enfrenta a sanciones que incluyen multas de hasta 1.000 d\u00f3lares, libertad condicional de hasta 4 a\u00f1os y una posible pena de c\u00e1rcel de hasta 6 meses. Sin embargo, si esto incluye a diez o m\u00e1s inmigrantes ilegales, el delito se eleva a un delito grave de Clase 6. Sin circunstancias agravantes, la sentencia puede incluir prisi\u00f3n de hasta 1,5 a\u00f1os.\u00a0<\/p><p><img fetchpriority=\"high\" decoding=\"async\" class=\"aligncenter wp-image-1808 size-full\" title=\"Los mejores abogados defensores especializados en tr\u00e1fico de personas en Tucson\" src=\"https:\/\/rallslawoffice.com\/wp-content\/uploads\/2024\/01\/tucson-human-smuggling-defense-attorney.jpg\" alt=\"Tucson Contrabando Humano Abogado de Defensa\" width=\"1000\" height=\"550\" srcset=\"https:\/\/rallswillelaw.com\/wp-content\/uploads\/2024\/01\/tucson-human-smuggling-defense-attorney.jpg 1000w, https:\/\/rallswillelaw.com\/wp-content\/uploads\/2024\/01\/tucson-human-smuggling-defense-attorney-300x165.jpg 300w, https:\/\/rallswillelaw.com\/wp-content\/uploads\/2024\/01\/tucson-human-smuggling-defense-attorney-768x422.jpg 768w, https:\/\/rallswillelaw.com\/wp-content\/uploads\/2024\/01\/tucson-human-smuggling-defense-attorney-18x10.jpg 18w\" sizes=\"(max-width: 1000px) 100vw, 1000px\" \/><\/p>\t\t\t\t\t\t\t\t<\/div>\n\t\t\t\t<\/div>\n\t\t\t\t<div class=\"elementor-element elementor-element-ab4ed30 elementor-widget elementor-widget-text-editor\" data-id=\"ab4ed30\" data-element_type=\"widget\" data-e-type=\"widget\" data-widget_type=\"text-editor.default\">\n\t\t\t\t<div class=\"elementor-widget-container\">\n\t\t\t\t\t\t\t\t\t<h3 style=\"text-align: center;\"><em><strong>Tr\u00e1fico de personas a nivel federal <\/strong><\/em><\/h3>\t\t\t\t\t\t\t\t<\/div>\n\t\t\t\t<\/div>\n\t\t\t\t<div class=\"elementor-element elementor-element-c1a6cd0 elementor-widget elementor-widget-text-editor\" data-id=\"c1a6cd0\" data-element_type=\"widget\" data-e-type=\"widget\" data-widget_type=\"text-editor.default\">\n\t\t\t\t<div class=\"elementor-widget-container\">\n\t\t\t\t\t\t\t\t\t<p>Adem\u00e1s de las leyes estatales, existen leyes federales contra el tr\u00e1fico de personas, y la mayor\u00eda de ellas se recogen en el <a href=\"https:\/\/www.uscis.gov\/laws-and-policy\/legislation\/immigration-and-nationality-act\" target=\"_blank\" rel=\"noopener\">Ley de Inmigraci\u00f3n y Nacionalidad<\/a> (INA) y otras leyes relacionadas. Constituye un delito federal introducir, transportar o dar refugio a personas que no est\u00e9n autorizadas a entrar o permanecer en los Estados Unidos. Tambi\u00e9n es ilegal explotar a las personas objeto de tr\u00e1fico il\u00edcito mediante trabajos forzados, la trata de personas o su participaci\u00f3n forzada en actividades de la delincuencia organizada.<\/p><p>Las sanciones federales por tr\u00e1fico de personas pueden incluir multas, libertad condicional y hasta 10 a\u00f1os de prisi\u00f3n federal.<strong> La gravedad de la sanci\u00f3n depende de:<\/strong><\/p><ul><li>El n\u00famero de personas indocumentadas que son transportadas o acogidas<\/li><li>Si hay menores no acompa\u00f1ados<\/li><li>Si las personas indocumentadas fueran trasladadas en condiciones inseguras<\/li><li>Si alguien result\u00f3 herido o falleci\u00f3<\/li><li>Si el presunto contrabandista obtuvo un beneficio econ\u00f3mico<\/li><\/ul><p>Estas leyes son aplicadas por la polic\u00eda estatal y local de Arizona y por agencias federales de los Estados Unidos, como el Servicio de Inmigraci\u00f3n y Control de Aduanas (ICE), la Oficina de Aduanas y Protecci\u00f3n Fronteriza (CBP) y el Departamento de Justicia (DOJ).<\/p>\t\t\t\t\t\t\t\t<\/div>\n\t\t\t\t<\/div>\n\t\t\t\t<div class=\"elementor-element elementor-element-1338d50 elementor-widget elementor-widget-text-editor\" data-id=\"1338d50\" data-element_type=\"widget\" data-e-type=\"widget\" data-widget_type=\"text-editor.default\">\n\t\t\t\t<div class=\"elementor-widget-container\">\n\t\t\t\t\t\t\t\t\t<h3 style=\"text-align: center;\"><em><strong>Delitos relacionados con el tr\u00e1fico de personas<\/strong><\/em><\/h3>\t\t\t\t\t\t\t\t<\/div>\n\t\t\t\t<\/div>\n\t\t\t\t<div class=\"elementor-element elementor-element-1b76765 elementor-widget elementor-widget-text-editor\" data-id=\"1b76765\" data-element_type=\"widget\" data-e-type=\"widget\" data-widget_type=\"text-editor.default\">\n\t\t\t\t<div class=\"elementor-widget-container\">\n\t\t\t\t\t\t\t\t\t<p>Las personas pueden convertirse en v\u00edctimas f\u00e1ciles de la explotaci\u00f3n cuando se encuentran en situaciones desesperadas, como cuando desean huir de su pa\u00eds en busca de una nueva vida. El tr\u00e1fico ilegal de personas hacia los Estados Unidos se ha convertido en un negocio lucrativo, ya que quienes cruzan las fronteras de forma clandestina pueden verse obligados a participar en actividades ilegales para sus traficantes como forma de pagarles.<\/p><p><strong>Los delitos relacionados con el tr\u00e1fico de personas incluyen:<\/strong><\/p><ul><li>Secuestro con fines de rescate o retenci\u00f3n de un migrante contra su voluntad hasta que se paguen las cuotas correspondientes<\/li><li>Falsificaci\u00f3n de documentos de inmigraci\u00f3n<\/li><li><a href=\"https:\/\/rallslawoffice.com\/tucson-money-laundering-lawyer\/\" target=\"_blank\" rel=\"noopener\">Blanqueo de dinero<\/a><\/li><li>Narcotr\u00e1fico<\/li><li><a href=\"https:\/\/rallslawoffice.com\/tucson-federal-weapons-trafficking-defense-attorney\/\" target=\"_blank\" rel=\"noopener\">Tr\u00e1fico de armas<\/a><\/li><li>Matrimonio fraudulento para obtener la ciudadan\u00eda por naturalizaci\u00f3n<\/li><li>No pagar impuestos<\/li><li>Trata de personas con fines lucrativos o de beneficio personal<\/li><li>Infracciones de tr\u00e1nsito, como la utilizaci\u00f3n de veh\u00edculos sin matricular<\/li><li>Puesta en peligro y negligencia<\/li><\/ul><p>Es importante se\u00f1alar que, si bien el tr\u00e1fico de personas implica cruces fronterizos ilegales, esto no siempre significa que las personas involucradas vayan a sufrir explotaci\u00f3n. El tr\u00e1fico de personas a trav\u00e9s de las fronteras constituye un delito, independientemente de que los presuntos traficantes cometan otros delitos.<\/p>\t\t\t\t\t\t\t\t<\/div>\n\t\t\t\t<\/div>\n\t\t\t\t<div class=\"elementor-element elementor-element-97de1b8 elementor-widget elementor-widget-text-editor\" data-id=\"97de1b8\" data-element_type=\"widget\" data-e-type=\"widget\" data-widget_type=\"text-editor.default\">\n\t\t\t\t<div class=\"elementor-widget-container\">\n\t\t\t\t\t\t\t\t\t<h3 style=\"text-align: center;\"><em><strong>Defensas habituales en un caso de tr\u00e1fico de personas<\/strong><\/em><\/h3>\t\t\t\t\t\t\t\t<\/div>\n\t\t\t\t<\/div>\n\t\t\t\t<div class=\"elementor-element elementor-element-693523f elementor-widget elementor-widget-text-editor\" data-id=\"693523f\" data-element_type=\"widget\" data-e-type=\"widget\" data-widget_type=\"text-editor.default\">\n\t\t\t\t<div class=\"elementor-widget-container\">\n\t\t\t\t\t\t\t\t\t<p>Las sanciones a las que puede enfrentarse una persona por infringir las leyes federales y estatales de inmigraci\u00f3n pueden ser muy severas y afectar al resto de su vida. Por ello, es fundamental contar con un abogado con experiencia en defensa de casos de tr\u00e1fico de personas en Tucson que pueda defenderlo frente a estos cargos.<\/p><p><strong>Algunas de las defensas m\u00e1s utilizadas son:<\/strong><\/p><ul><li>La falta de conocimiento o de intenci\u00f3n, como por ejemplo, poder demostrar que no eran conscientes del car\u00e1cter ilegal de las actividades o que no ten\u00edan la intenci\u00f3n de participar en el tr\u00e1fico de personas<\/li><li>La falta o insuficiencia de pruebas<\/li><li>Registro y confiscaci\u00f3n ilegales<\/li><li>Coacci\u00f3n<\/li><li>Una violaci\u00f3n de los derechos del acusado<\/li><li>Cuestionar la credibilidad de un testigo<\/li><\/ul><p>Un abogado especializado en tr\u00e1fico de migrantes en Arizona tambi\u00e9n puede negociar un acuerdo con la fiscal\u00eda que incluya una reducci\u00f3n de los cargos, una recomendaci\u00f3n de sentencia indulgente o la retirada total de algunos cargos antes incluso de llegar a juicio. En ciertos casos se pueden tener en cuenta consideraciones humanitarias, pero esto no puede utilizarse para eximir a una persona de las consecuencias, aunque est\u00e9 motivado por razones humanitarias.<\/p>\t\t\t\t\t\t\t\t<\/div>\n\t\t\t\t<\/div>\n\t\t\t\t<div class=\"elementor-element elementor-element-48eb751 elementor-widget elementor-widget-text-editor\" data-id=\"48eb751\" data-element_type=\"widget\" data-e-type=\"widget\" data-widget_type=\"text-editor.default\">\n\t\t\t\t<div class=\"elementor-widget-container\">\n\t\t\t\t\t\t\t\t\t<h3 style=\"text-align: center;\"><em><strong>Encuentre abogados con experiencia en defensa de casos de tr\u00e1fico de personas en Tucson<\/strong><\/em><\/h3>\t\t\t\t\t\t\t\t<\/div>\n\t\t\t\t<\/div>\n\t\t\t\t<div class=\"elementor-element elementor-element-510d683 elementor-widget elementor-widget-text-editor\" data-id=\"510d683\" data-element_type=\"widget\" data-e-type=\"widget\" data-widget_type=\"text-editor.default\">\n\t\t\t\t<div class=\"elementor-widget-container\">\n\t\t\t\t\t\t\t\t\tDado que existen sanciones severas para las personas que infringen las leyes de inmigraci\u00f3n estatales y federales, es fundamental contar con la presencia de un abogado defensor especializado en tr\u00e1fico de personas en Tucson durante cualquier interacci\u00f3n con agentes gubernamentales en relaci\u00f3n con una investigaci\u00f3n penal federal o estatal. Si usted o un ser querido se enfrenta a cargos relacionados con el tr\u00e1fico de personas o un delito similar, <a href=\"https:\/\/rallslawoffice.com\/contact\/\" target=\"_blank\" rel=\"noopener\">P\u00f3ngase en contacto con Ralls &amp; Wille, P.C.<\/a>, hoy.\t\t\t\t\t\t\t\t<\/div>\n\t\t\t\t<\/div>\n\t\t\t\t\t<\/div>\n\t\t<\/div>\n\t\t\t\t\t<\/div>\n\t\t<\/section>\n\t\t\t\t<\/div>","protected":false},"excerpt":{"rendered":"<p>Protect Your Rights Both Inside and Outside the Courtroom. Tucson Human Smuggling Defense Attorney If you might be facing a human smuggling charge, your top priority should be reaching out to a skilled Tucson human smuggling defense attorney. Since it is a federal and Arizona state crime, you may face consequences from both levels. At &#8230; <a title=\"Tucson Contrabando Humano Abogado de Defensa\" class=\"read-more\" href=\"https:\/\/rallswillelaw.com\/es\/tucson-human-smuggling-defense-attorney\/\" aria-label=\"Leer m\u00e1s sobre Tucson Human Smuggling Defense Attorney\">Leer m\u00e1s<\/a><\/p>","protected":false},"author":4,"featured_media":0,"parent":0,"menu_order":0,"comment_status":"closed","ping_status":"closed","template":"","meta":{"_monsterinsights_skip_tracking":false,"_monsterinsights_sitenote_active":false,"_monsterinsights_sitenote_note":"","_monsterinsights_sitenote_category":0,"footnotes":""},"class_list":["post-1792","page","type-page","status-publish"],"_links":{"self":[{"href":"https:\/\/rallswillelaw.com\/es\/wp-json\/wp\/v2\/pages\/1792","targetHints":{"allow":["GET"]}}],"collection":[{"href":"https:\/\/rallswillelaw.com\/es\/wp-json\/wp\/v2\/pages"}],"about":[{"href":"https:\/\/rallswillelaw.com\/es\/wp-json\/wp\/v2\/types\/page"}],"author":[{"embeddable":true,"href":"https:\/\/rallswillelaw.com\/es\/wp-json\/wp\/v2\/users\/4"}],"replies":[{"embeddable":true,"href":"https:\/\/rallswillelaw.com\/es\/wp-json\/wp\/v2\/comments?post=1792"}],"version-history":[{"count":29,"href":"https:\/\/rallswillelaw.com\/es\/wp-json\/wp\/v2\/pages\/1792\/revisions"}],"predecessor-version":[{"id":1823,"href":"https:\/\/rallswillelaw.com\/es\/wp-json\/wp\/v2\/pages\/1792\/revisions\/1823"}],"wp:attachment":[{"href":"https:\/\/rallswillelaw.com\/es\/wp-json\/wp\/v2\/media?parent=1792"}],"curies":[{"name":"wp","href":"https:\/\/api.w.org\/{rel}","templated":true}]}}