{"id":1605,"date":"2023-10-26T16:44:13","date_gmt":"2023-10-26T16:44:13","guid":{"rendered":"https:\/\/rallslawoffice.com\/?page_id=1605"},"modified":"2023-10-26T17:38:32","modified_gmt":"2023-10-26T17:38:32","slug":"historia-de-la-empresa","status":"publish","type":"page","link":"https:\/\/rallswillelaw.com\/es\/historia-de-la-empresa\/","title":{"rendered":"Historia de la Firma"},"content":{"rendered":"<div data-elementor-type=\"wp-page\" data-elementor-id=\"1605\" class=\"elementor elementor-1605\" data-elementor-post-type=\"page\">\n\t\t\t\t\t\t<section class=\"elementor-section elementor-top-section elementor-element elementor-element-017a58f elementor-section-boxed elementor-section-height-default elementor-section-height-default\" data-id=\"017a58f\" data-element_type=\"section\" data-e-type=\"section\">\n\t\t\t\t\t\t<div class=\"elementor-container elementor-column-gap-default\">\n\t\t\t\t\t<div class=\"elementor-column elementor-col-100 elementor-top-column elementor-element elementor-element-5dc2657\" data-id=\"5dc2657\" data-element_type=\"column\" data-e-type=\"column\">\n\t\t\t<div class=\"elementor-widget-wrap elementor-element-populated\">\n\t\t\t\t\t\t<div class=\"elementor-element elementor-element-a934ebe elementor-widget elementor-widget-heading\" data-id=\"a934ebe\" data-element_type=\"widget\" data-e-type=\"widget\" data-widget_type=\"heading.default\">\n\t\t\t\t<div class=\"elementor-widget-container\">\n\t\t\t\t\t<h1 class=\"elementor-heading-title elementor-size-default\">Historia de la Firma<\/h1>\t\t\t\t<\/div>\n\t\t\t\t<\/div>\n\t\t\t\t\t<\/div>\n\t\t<\/div>\n\t\t\t\t\t<\/div>\n\t\t<\/section>\n\t\t\t\t<section class=\"elementor-section elementor-top-section elementor-element elementor-element-78efade elementor-section-boxed elementor-section-height-default elementor-section-height-default\" data-id=\"78efade\" data-element_type=\"section\" data-e-type=\"section\">\n\t\t\t\t\t\t<div class=\"elementor-container elementor-column-gap-default\">\n\t\t\t\t\t<div class=\"elementor-column elementor-col-100 elementor-top-column elementor-element elementor-element-d16ee4f\" data-id=\"d16ee4f\" data-element_type=\"column\" data-e-type=\"column\">\n\t\t\t<div class=\"elementor-widget-wrap elementor-element-populated\">\n\t\t\t\t\t\t<div class=\"elementor-element elementor-element-65e02d9 elementor-widget-divider--view-line elementor-widget elementor-widget-divider\" data-id=\"65e02d9\" data-element_type=\"widget\" data-e-type=\"widget\" data-widget_type=\"divider.default\">\n\t\t\t\t<div class=\"elementor-widget-container\">\n\t\t\t\t\t\t\t<div class=\"elementor-divider\">\n\t\t\t<span class=\"elementor-divider-separator\">\n\t\t\t\t\t\t<\/span>\n\t\t<\/div>\n\t\t\t\t\t\t<\/div>\n\t\t\t\t<\/div>\n\t\t\t\t\t<\/div>\n\t\t<\/div>\n\t\t\t\t\t<\/div>\n\t\t<\/section>\n\t\t\t\t<section class=\"elementor-section elementor-top-section elementor-element elementor-element-467b376 elementor-section-boxed elementor-section-height-default elementor-section-height-default\" data-id=\"467b376\" data-element_type=\"section\" data-e-type=\"section\">\n\t\t\t\t\t\t<div class=\"elementor-container elementor-column-gap-default\">\n\t\t\t\t\t<div class=\"elementor-column elementor-col-100 elementor-top-column elementor-element elementor-element-ca84384\" data-id=\"ca84384\" data-element_type=\"column\" data-e-type=\"column\">\n\t\t\t<div class=\"elementor-widget-wrap elementor-element-populated\">\n\t\t\t\t\t\t<div class=\"elementor-element elementor-element-bc8070d elementor-widget elementor-widget-heading\" data-id=\"bc8070d\" data-element_type=\"widget\" data-e-type=\"widget\" data-widget_type=\"heading.default\">\n\t\t\t\t<div class=\"elementor-widget-container\">\n\t\t\t\t\t<h3 class=\"elementor-heading-title elementor-size-default\"><b>\"El Vaquero\" y \"El Abogado del Diablo\": La Historia de los apodos de Stephen Ralls.<\/b><\/h3>\t\t\t\t<\/div>\n\t\t\t\t<\/div>\n\t\t\t\t<div class=\"elementor-element elementor-element-7154f78 elementor-widget elementor-widget-text-editor\" data-id=\"7154f78\" data-element_type=\"widget\" data-e-type=\"widget\" data-widget_type=\"text-editor.default\">\n\t\t\t\t<div class=\"elementor-widget-container\">\n\t\t\t\t\t\t\t\t\t<p>Los or\u00edgenes de los apodos de Stephen G. Ralls,<b> \"El Vaquero\u201d<\/b> y <b>\"El Abogado del Diablo\" <\/b>se remontan a m\u00e1s de cuarenta a\u00f1os atr\u00e1s. Todo comenz\u00f3 cuando Steve, un reci\u00e9n graduado ansioso por hacerse de un nombre, cre\u00f3 su estilo caracter\u00edstico, vistiendo un traje con botas vaqueras cuando iba a la corte. Inicialmente, fueron sus habilidades excepcionales y sus \u00e9xitos manejando casos sumamente dif\u00edciles para sus clientes, lo que lo hizo destacar y no las simples botas que pod\u00eda pagarse en esos entonces. Despu\u00e9s ya cuando su carrera despeg\u00f3, Steve cambi\u00f3 a usar botas hechas de pieles ex\u00f3ticas, como el cocodrilo y el avestruz, lo que dio lugar a su apodo de <i><b>\"El Vaquero\".<\/b><\/i> Las personas que pasaron mucho de su tiempo en las cortes de Arizona, relatan como escuchaban el sonido que hac\u00edan las botas de Steve, cuando \u00e9l caminaba atreves de la sala rumbo a otra batalla legal.<\/p><p>El otro apodo de Steve, <i><b>\"El Abogado del Diablo\", <\/b><\/i>lleg\u00f3 m\u00e1s tarde en su carrera. Al contrario de lo que se podr\u00eda pensar, el apodo no se inspir\u00f3 en la pel\u00edcula de 1997 protagonizada por Al Pacino. En cambio, se inspir\u00f3 en la reputaci\u00f3n bien establecida de Steve a lo largo de su exitosa carrera de cuatro d\u00e9cadas. En algunos c\u00edrculos se pensaba que, si una persona se encontraba en problemas legales muy serios, el \u00fanico abogado capaz de ayudarte era Steve Ralls. Antiguos clientes tanto en M\u00e9xico como en Estados Unidos, utilizaron este apodo como una forma de enfatizar su h\u00e1bil representaci\u00f3n.<\/p><p>Sin embargo, fue hace casi una d\u00e9cada cuando este apodo llam\u00f3 la atenci\u00f3n del p\u00fablico a trav\u00e9s de una\u00a0<a href=\"https:\/\/www.youtube.com\/watch?v=envp9UPuVJs\" target=\"_blank\" rel=\"noopener\"><b>entrevista con Steve<\/b><\/a>\u00a0realizada por una periodista del medio de noticias en espa\u00f1ol Univisi\u00f3n. Cuando se le pregunt\u00f3 sobre su apodo de \"El Abogado del Diablo\", y el Se\u00f1or Ralls se rio. Esa entrevista se difundi\u00f3 a trav\u00e9s de las redes sociales y llev\u00f3 al reconocimiento internacional del apodo, sobre todo porque su bufete de abogados se centr\u00f3 en defender a narcotraficantes de alto perfil, quienes enfrentaban cargos de <a href=\"https:\/\/rallslawoffice.com\/tucson-extradition-lawyer\/\" target=\"_blank\" rel=\"noopener\">extradici\u00f3n<\/a>, <a href=\"https:\/\/rallslawoffice.com\/tucson-drug-trafficking-attorney\/\" target=\"_blank\" rel=\"noopener\">drogas<\/a>o una <a href=\"https:\/\/rallslawoffice.com\/tucson-money-laundering-lawyer\/\" target=\"_blank\" rel=\"noopener\">lavado de dinero<\/a> .<\/p>\t\t\t\t\t\t\t\t<\/div>\n\t\t\t\t<\/div>\n\t\t\t\t\t<\/div>\n\t\t<\/div>\n\t\t\t\t\t<\/div>\n\t\t<\/section>\n\t\t\t\t<section class=\"elementor-section elementor-top-section elementor-element elementor-element-8201fbd elementor-section-stretched elementor-section-full_width elementor-section-height-default elementor-section-height-default\" data-id=\"8201fbd\" data-element_type=\"section\" data-e-type=\"section\" data-settings=\"{&quot;stretch_section&quot;:&quot;section-stretched&quot;,&quot;background_background&quot;:&quot;classic&quot;}\">\n\t\t\t\t\t\t<div class=\"elementor-container elementor-column-gap-default\">\n\t\t\t\t\t<div class=\"elementor-column elementor-col-100 elementor-top-column elementor-element elementor-element-02e0b31\" data-id=\"02e0b31\" data-element_type=\"column\" data-e-type=\"column\">\n\t\t\t<div class=\"elementor-widget-wrap elementor-element-populated\">\n\t\t\t\t\t\t<section class=\"elementor-section elementor-inner-section elementor-element elementor-element-7af1c9f elementor-section-boxed elementor-section-height-default elementor-section-height-default\" data-id=\"7af1c9f\" data-element_type=\"section\" data-e-type=\"section\">\n\t\t\t\t\t\t<div class=\"elementor-container elementor-column-gap-default\">\n\t\t\t\t\t<div class=\"elementor-column elementor-col-100 elementor-inner-column elementor-element elementor-element-f9a993b\" data-id=\"f9a993b\" data-element_type=\"column\" data-e-type=\"column\">\n\t\t\t<div class=\"elementor-widget-wrap elementor-element-populated\">\n\t\t\t\t\t\t<div class=\"elementor-element elementor-element-6247daa elementor-widget elementor-widget-heading\" data-id=\"6247daa\" data-element_type=\"widget\" data-e-type=\"widget\" data-widget_type=\"heading.default\">\n\t\t\t\t<div class=\"elementor-widget-container\">\n\t\t\t\t\t<h3 class=\"elementor-heading-title elementor-size-default\">Historia de 314 S. Sixth Avenue \u2013 La Casa De Whitmore<\/h3>\t\t\t\t<\/div>\n\t\t\t\t<\/div>\n\t\t\t\t\t<\/div>\n\t\t<\/div>\n\t\t\t\t\t<\/div>\n\t\t<\/section>\n\t\t\t\t<section class=\"elementor-section elementor-inner-section elementor-element elementor-element-e7ce4ba elementor-section-boxed elementor-section-height-default elementor-section-height-default\" data-id=\"e7ce4ba\" data-element_type=\"section\" data-e-type=\"section\">\n\t\t\t\t\t\t<div class=\"elementor-container elementor-column-gap-default\">\n\t\t\t\t\t<div class=\"elementor-column elementor-col-50 elementor-inner-column elementor-element elementor-element-79a6085\" data-id=\"79a6085\" data-element_type=\"column\" data-e-type=\"column\">\n\t\t\t<div class=\"elementor-widget-wrap elementor-element-populated\">\n\t\t\t\t\t\t<div class=\"elementor-element elementor-element-d00fc32 elementor-widget elementor-widget-text-editor\" data-id=\"d00fc32\" data-element_type=\"widget\" data-e-type=\"widget\" data-widget_type=\"text-editor.default\">\n\t\t\t\t<div class=\"elementor-widget-container\">\n\t\t\t\t\t\t\t\t\t<p>El edificio en 314 S. Sixth Avenue, fue construido en 1906 para el Dr. W.V. Whitmore. Naci\u00f3 en 1862 en Maine. Recibi\u00f3 su t\u00edtulo de m\u00e9dico de la Universidad de California y se mud\u00f3 a Tucson en la d\u00e9cada de 1890 para ocupar un puesto como m\u00e9dico para el Ferrocarril del Pac\u00edfico Sur. Pronto entr\u00f3 en la pr\u00e1ctica privada y r\u00e1pidamente se convirti\u00f3 en un m\u00e9dico prominente y un miembro muy activo de la comunidad. Whitmore ayud\u00f3 a fundar la Sociedad M\u00e9dica Pima y se desempe\u00f1\u00f3 como presidente de la Asociaci\u00f3n M\u00e9dica del Estado de Arizona.<\/p>\t\t\t\t\t\t\t\t<\/div>\n\t\t\t\t<\/div>\n\t\t\t\t\t<\/div>\n\t\t<\/div>\n\t\t\t\t<div class=\"elementor-column elementor-col-50 elementor-inner-column elementor-element elementor-element-0fae852\" data-id=\"0fae852\" data-element_type=\"column\" data-e-type=\"column\">\n\t\t\t<div class=\"elementor-widget-wrap elementor-element-populated\">\n\t\t\t\t\t\t<div class=\"elementor-element elementor-element-3f1f09b elementor-widget elementor-widget-image\" data-id=\"3f1f09b\" data-element_type=\"widget\" data-e-type=\"widget\" data-widget_type=\"image.default\">\n\t\t\t\t<div class=\"elementor-widget-container\">\n\t\t\t\t\t\t\t\t\t\t\t\t\t\t\t<img fetchpriority=\"high\" decoding=\"async\" width=\"233\" height=\"258\" src=\"https:\/\/rallswillelaw.com\/wp-content\/uploads\/2020\/05\/Whitmore-AHS-1989.jpg\" class=\"attachment-large size-large wp-image-617\" alt=\"Dr. Whitmore\" \/>\t\t\t\t\t\t\t\t\t\t\t\t\t\t\t<\/div>\n\t\t\t\t<\/div>\n\t\t\t\t\t<\/div>\n\t\t<\/div>\n\t\t\t\t\t<\/div>\n\t\t<\/section>\n\t\t\t\t<section class=\"elementor-section elementor-inner-section elementor-element elementor-element-3248684 elementor-section-boxed elementor-section-height-default elementor-section-height-default\" data-id=\"3248684\" data-element_type=\"section\" data-e-type=\"section\">\n\t\t\t\t\t\t<div class=\"elementor-container elementor-column-gap-default\">\n\t\t\t\t\t<div class=\"elementor-column elementor-col-100 elementor-inner-column elementor-element elementor-element-9072e9b\" data-id=\"9072e9b\" data-element_type=\"column\" data-e-type=\"column\">\n\t\t\t<div class=\"elementor-widget-wrap elementor-element-populated\">\n\t\t\t\t\t\t<div class=\"elementor-element elementor-element-e637208 elementor-widget elementor-widget-text-editor\" data-id=\"e637208\" data-element_type=\"widget\" data-e-type=\"widget\" data-widget_type=\"text-editor.default\">\n\t\t\t\t<div class=\"elementor-widget-container\">\n\t\t\t\t\t\t\t\t\t<p>De alguna manera apropiado, dado por el actual uso de su casa, el Dr. Whitmore fue acusado penalmente en 1924, por cargos de narc\u00f3ticos. Y fue condenado por conspirar con Tito Flores, un farmac\u00e9utico due\u00f1o de farmacias en Tucson y Bisbee. La evidencia mostrada durante el juicio mostr\u00f3 que durante el per\u00edodo de la conspiraci\u00f3n, el Dr. Whitmore escribi\u00f3 3,500 recetas de narc\u00f3ticos, a menudo sin siquiera ver al paciente, todas las cuales se surtieron en las farmacias de Flores.\u00a0<\/p>\t\t\t\t\t\t\t\t<\/div>\n\t\t\t\t<\/div>\n\t\t\t\t\t<\/div>\n\t\t<\/div>\n\t\t\t\t\t<\/div>\n\t\t<\/section>\n\t\t\t\t<section class=\"elementor-section elementor-inner-section elementor-element elementor-element-0e88005 elementor-section-boxed elementor-section-height-default elementor-section-height-default\" data-id=\"0e88005\" data-element_type=\"section\" data-e-type=\"section\">\n\t\t\t\t\t\t<div class=\"elementor-container elementor-column-gap-default\">\n\t\t\t\t\t<div class=\"elementor-column elementor-col-50 elementor-inner-column elementor-element elementor-element-17fe99a\" data-id=\"17fe99a\" data-element_type=\"column\" data-e-type=\"column\">\n\t\t\t<div class=\"elementor-widget-wrap elementor-element-populated\">\n\t\t\t\t\t\t<div class=\"elementor-element elementor-element-5363e29 elementor-widget elementor-widget-text-editor\" data-id=\"5363e29\" data-element_type=\"widget\" data-e-type=\"widget\" data-widget_type=\"text-editor.default\">\n\t\t\t\t<div class=\"elementor-widget-container\">\n\t\t\t\t\t\t\t\t\t<p>El amigo de Whitmore, desde hac\u00eda m\u00e1s de 25 a\u00f1os, el Juez Federal de Distrito W.H. Sawtelle, ten\u00eda l\u00e1grimas en sus ojos cuando sentenci\u00f3 a Whitmore a 15 meses de prisi\u00f3n, en McNeil Island, Washington.<\/p><p>La Casa Whitmore fue adquirida por un barbero llamado H.W. Sprawls y finalmente se convirti\u00f3 en La Park Barber Shop, que continu\u00f3 existiendo hasta al menos 1971. En 1981, la propiedad estuvo vacante. En 1990, alberg\u00f3 el Programa de Alcance Comunitario.<\/p>\t\t\t\t\t\t\t\t<\/div>\n\t\t\t\t<\/div>\n\t\t\t\t\t<\/div>\n\t\t<\/div>\n\t\t\t\t<div class=\"elementor-column elementor-col-50 elementor-inner-column elementor-element elementor-element-7f64a87\" data-id=\"7f64a87\" data-element_type=\"column\" data-e-type=\"column\">\n\t\t\t<div class=\"elementor-widget-wrap elementor-element-populated\">\n\t\t\t\t\t\t<div class=\"elementor-element elementor-element-440f70d elementor-widget elementor-widget-image\" data-id=\"440f70d\" data-element_type=\"widget\" data-e-type=\"widget\" data-widget_type=\"image.default\">\n\t\t\t\t<div class=\"elementor-widget-container\">\n\t\t\t\t\t\t\t\t\t\t\t\t\t\t\t<img decoding=\"async\" width=\"700\" height=\"461\" src=\"https:\/\/rallswillelaw.com\/wp-content\/uploads\/2020\/05\/drawing.jpg\" class=\"attachment-large size-large wp-image-619\" alt=\"Casa de Whitmore Ralls &amp; Wille bufete\" srcset=\"https:\/\/rallswillelaw.com\/wp-content\/uploads\/2020\/05\/drawing.jpg 700w, https:\/\/rallswillelaw.com\/wp-content\/uploads\/2020\/05\/drawing-300x198.jpg 300w\" sizes=\"(max-width: 700px) 100vw, 700px\" \/>\t\t\t\t\t\t\t\t\t\t\t\t\t\t\t<\/div>\n\t\t\t\t<\/div>\n\t\t\t\t\t<\/div>\n\t\t<\/div>\n\t\t\t\t\t<\/div>\n\t\t<\/section>\n\t\t\t\t\t<\/div>\n\t\t<\/div>\n\t\t\t\t\t<\/div>\n\t\t<\/section>\n\t\t\t\t<\/div>","protected":false},"excerpt":{"rendered":"<p>Historia de los apodos \"El Vaquero\" y \"El Abogado del Diablo La historia de los apodos de Stephen Ralls Los or\u00edgenes de los apodos de Stephen G. Ralls, \"El Vaquero\" y \"El Abogado del Diablo\" se remontan a hace m\u00e1s de cuarenta a\u00f1os. Todo empez\u00f3 cuando Steve, un reci\u00e9n licenciado deseoso de hacerse un nombre ... <a title=\"Historia de la Firma\" class=\"read-more\" href=\"https:\/\/rallswillelaw.com\/es\/historia-de-la-empresa\/\" aria-label=\"Leer m\u00e1s sobre Historia de la empresa\">Leer m\u00e1s<\/a><\/p>","protected":false},"author":4,"featured_media":0,"parent":0,"menu_order":0,"comment_status":"closed","ping_status":"closed","template":"","meta":{"_monsterinsights_skip_tracking":false,"_monsterinsights_sitenote_active":false,"_monsterinsights_sitenote_note":"","_monsterinsights_sitenote_category":0,"footnotes":""},"class_list":["post-1605","page","type-page","status-publish"],"_links":{"self":[{"href":"https:\/\/rallswillelaw.com\/es\/wp-json\/wp\/v2\/pages\/1605","targetHints":{"allow":["GET"]}}],"collection":[{"href":"https:\/\/rallswillelaw.com\/es\/wp-json\/wp\/v2\/pages"}],"about":[{"href":"https:\/\/rallswillelaw.com\/es\/wp-json\/wp\/v2\/types\/page"}],"author":[{"embeddable":true,"href":"https:\/\/rallswillelaw.com\/es\/wp-json\/wp\/v2\/users\/4"}],"replies":[{"embeddable":true,"href":"https:\/\/rallswillelaw.com\/es\/wp-json\/wp\/v2\/comments?post=1605"}],"version-history":[{"count":7,"href":"https:\/\/rallswillelaw.com\/es\/wp-json\/wp\/v2\/pages\/1605\/revisions"}],"predecessor-version":[{"id":1646,"href":"https:\/\/rallswillelaw.com\/es\/wp-json\/wp\/v2\/pages\/1605\/revisions\/1646"}],"wp:attachment":[{"href":"https:\/\/rallswillelaw.com\/es\/wp-json\/wp\/v2\/media?parent=1605"}],"curies":[{"name":"wp","href":"https:\/\/api.w.org\/{rel}","templated":true}]}}