{"id":1587,"date":"2023-10-26T15:46:13","date_gmt":"2023-10-26T15:46:13","guid":{"rendered":"https:\/\/rallslawoffice.com\/?page_id=1587"},"modified":"2024-01-30T02:20:11","modified_gmt":"2024-01-30T02:20:11","slug":"abogado-defensor-de-delitos-federales-fronterizos-en-tucson","status":"publish","type":"page","link":"https:\/\/rallswillelaw.com\/es\/tucson-federal-border-crimes-defense-lawyer\/","title":{"rendered":"Tucson Federal Frontera Delitos Abogado"},"content":{"rendered":"<div data-elementor-type=\"wp-page\" data-elementor-id=\"1587\" class=\"elementor elementor-1587\" data-elementor-post-type=\"page\">\n\t\t\t\t\t\t<section class=\"elementor-section elementor-top-section elementor-element elementor-element-3fca90e elementor-section-stretched elementor-section-full_width elementor-section-height-min-height elementor-section-height-default elementor-section-items-middle\" data-id=\"3fca90e\" data-element_type=\"section\" data-e-type=\"section\" data-settings=\"{&quot;stretch_section&quot;:&quot;section-stretched&quot;,&quot;background_background&quot;:&quot;classic&quot;}\">\n\t\t\t\t\t\t\t<div class=\"elementor-background-overlay\"><\/div>\n\t\t\t\t\t\t\t<div class=\"elementor-container elementor-column-gap-no\">\n\t\t\t\t\t<div class=\"elementor-column elementor-col-100 elementor-top-column elementor-element elementor-element-208c635\" data-id=\"208c635\" data-element_type=\"column\" data-e-type=\"column\">\n\t\t\t<div class=\"elementor-widget-wrap elementor-element-populated\">\n\t\t\t\t\t\t<div class=\"elementor-element elementor-element-b8babe6 elementor-widget elementor-widget-heading\" data-id=\"b8babe6\" data-element_type=\"widget\" data-e-type=\"widget\" data-widget_type=\"heading.default\">\n\t\t\t\t<div class=\"elementor-widget-container\">\n\t\t\t\t\t<h3 class=\"elementor-heading-title elementor-size-default\">Proteja Sus Derechos Dentro Y Fuera De La Corte. <\/h3>\t\t\t\t<\/div>\n\t\t\t\t<\/div>\n\t\t\t\t\t<\/div>\n\t\t<\/div>\n\t\t\t\t\t<\/div>\n\t\t<\/section>\n\t\t\t\t<section class=\"elementor-section elementor-top-section elementor-element elementor-element-9b528ba elementor-section-boxed elementor-section-height-default elementor-section-height-default\" data-id=\"9b528ba\" data-element_type=\"section\" data-e-type=\"section\">\n\t\t\t\t\t\t<div class=\"elementor-container elementor-column-gap-default\">\n\t\t\t\t\t<div class=\"elementor-column elementor-col-100 elementor-top-column elementor-element elementor-element-5250b8b\" data-id=\"5250b8b\" data-element_type=\"column\" data-e-type=\"column\">\n\t\t\t<div class=\"elementor-widget-wrap elementor-element-populated\">\n\t\t\t\t\t\t<div class=\"elementor-element elementor-element-08ac5d8 elementor-widget elementor-widget-spacer\" data-id=\"08ac5d8\" data-element_type=\"widget\" data-e-type=\"widget\" data-widget_type=\"spacer.default\">\n\t\t\t\t<div class=\"elementor-widget-container\">\n\t\t\t\t\t\t\t<div class=\"elementor-spacer\">\n\t\t\t<div class=\"elementor-spacer-inner\"><\/div>\n\t\t<\/div>\n\t\t\t\t\t\t<\/div>\n\t\t\t\t<\/div>\n\t\t\t\t\t<\/div>\n\t\t<\/div>\n\t\t\t\t\t<\/div>\n\t\t<\/section>\n\t\t\t\t<section class=\"elementor-section elementor-top-section elementor-element elementor-element-a902373 elementor-section-boxed elementor-section-height-default elementor-section-height-default\" data-id=\"a902373\" data-element_type=\"section\" data-e-type=\"section\" data-settings=\"{&quot;background_background&quot;:&quot;classic&quot;}\">\n\t\t\t\t\t\t<div class=\"elementor-container elementor-column-gap-default\">\n\t\t\t\t\t<div class=\"elementor-column elementor-col-100 elementor-top-column elementor-element elementor-element-8d106c2\" data-id=\"8d106c2\" data-element_type=\"column\" data-e-type=\"column\">\n\t\t\t<div class=\"elementor-widget-wrap elementor-element-populated\">\n\t\t\t\t\t\t<div class=\"elementor-element elementor-element-f3b719a elementor-widget elementor-widget-heading\" data-id=\"f3b719a\" data-element_type=\"widget\" data-e-type=\"widget\" data-widget_type=\"heading.default\">\n\t\t\t\t<div class=\"elementor-widget-container\">\n\t\t\t\t\t<h1 class=\"elementor-heading-title elementor-size-default\">Tucson Federal Frontera Delitos Abogado <\/h1>\t\t\t\t<\/div>\n\t\t\t\t<\/div>\n\t\t\t\t\t<\/div>\n\t\t<\/div>\n\t\t\t\t\t<\/div>\n\t\t<\/section>\n\t\t\t\t<section class=\"elementor-section elementor-top-section elementor-element elementor-element-9fba427 elementor-section-boxed elementor-section-height-default elementor-section-height-default\" data-id=\"9fba427\" data-element_type=\"section\" data-e-type=\"section\">\n\t\t\t\t\t\t<div class=\"elementor-container elementor-column-gap-default\">\n\t\t\t\t\t<div class=\"elementor-column elementor-col-100 elementor-top-column elementor-element elementor-element-56d5421\" data-id=\"56d5421\" data-element_type=\"column\" data-e-type=\"column\">\n\t\t\t<div class=\"elementor-widget-wrap elementor-element-populated\">\n\t\t\t\t\t\t<div class=\"elementor-element elementor-element-2a030bc elementor-widget elementor-widget-text-editor\" data-id=\"2a030bc\" data-element_type=\"widget\" data-e-type=\"widget\" data-widget_type=\"text-editor.default\">\n\t\t\t\t<div class=\"elementor-widget-container\">\n\t\t\t\t\t\t\t\t\t<h3 style=\"text-align: center;\"><em><strong>\u00bfHa sido acusado de un delito fronterizo?<\/strong><\/em><\/h3>\t\t\t\t\t\t\t\t<\/div>\n\t\t\t\t<\/div>\n\t\t\t\t\t<\/div>\n\t\t<\/div>\n\t\t\t\t\t<\/div>\n\t\t<\/section>\n\t\t\t\t<section class=\"elementor-section elementor-top-section elementor-element elementor-element-289408a elementor-section-boxed elementor-section-height-default elementor-section-height-default\" data-id=\"289408a\" data-element_type=\"section\" data-e-type=\"section\">\n\t\t\t\t\t\t<div class=\"elementor-container elementor-column-gap-default\">\n\t\t\t\t\t<div class=\"elementor-column elementor-col-100 elementor-top-column elementor-element elementor-element-6120497\" data-id=\"6120497\" data-element_type=\"column\" data-e-type=\"column\">\n\t\t\t<div class=\"elementor-widget-wrap elementor-element-populated\">\n\t\t\t\t\t\t<div class=\"elementor-element elementor-element-c70add1 elementor-widget elementor-widget-text-editor\" data-id=\"c70add1\" data-element_type=\"widget\" data-e-type=\"widget\" data-widget_type=\"text-editor.default\">\n\t\t\t\t<div class=\"elementor-widget-container\">\n\t\t\t\t\t\t\t\t\t<p>El estado de la frontera sur de los Estados Unidos ha sido un tema pol\u00e9mico de debate p\u00fablico durante las \u00faltimas d\u00e9cadas, y recientemente, ha habido una gran cantidad de nuevos informes sobre la crisis humanitaria que se est\u00e1 desarrollando a lo largo de la frontera con M\u00e9xico. Este lugar es uno de los mayores centros de trata de personas, contrabando de drogas y una amplia gama de otras operaciones delictivas del mundo. El <a href=\"https:\/\/www.cbp.gov\/\" target=\"_blank\" rel=\"noopener\">Servicio de Aduanas y Protecci\u00f3n Fronteriza de Estados Unidos (CBP)<\/a> es la agencia federal responsable de vigilar y gestionar la frontera sur, pero est\u00e1n algo limitados en cuanto a sus capacidades de aplicaci\u00f3n de la ley y el alcance de los problemas con los que se enfrentan cada d\u00eda.<\/p>\t\t\t\t\t\t\t\t<\/div>\n\t\t\t\t<\/div>\n\t\t\t\t<div class=\"elementor-element elementor-element-844c490 elementor-widget elementor-widget-text-editor\" data-id=\"844c490\" data-element_type=\"widget\" data-e-type=\"widget\" data-widget_type=\"text-editor.default\">\n\t\t\t\t<div class=\"elementor-widget-container\">\n\t\t\t\t\t\t\t\t\t<h3 style=\"text-align: center;\"><em><strong>Representaci\u00f3n de<\/strong><strong> Alta Calidad para Defensa contra Delitos Federales Fronterizos <\/strong><\/em><\/h3>\t\t\t\t\t\t\t\t<\/div>\n\t\t\t\t<\/div>\n\t\t\t\t<div class=\"elementor-element elementor-element-23b4695 elementor-widget elementor-widget-text-editor\" data-id=\"23b4695\" data-element_type=\"widget\" data-e-type=\"widget\" data-widget_type=\"text-editor.default\">\n\t\t\t\t<div class=\"elementor-widget-container\">\n\t\t\t\t\t\t\t\t\t<p>Durante los \u00faltimos a\u00f1os, muchas personas han sido acusadas de todo tipo de delitos federales relacionados con el cruce de fronteras. Los ciudadanos estadounidenses condenados por delitos fronterizos podr\u00edan enfrentarse a a\u00f1os en una prisi\u00f3n federal, mientras que los no ciudadanos se enfrentan a esas mismas penas m\u00e1s la deportaci\u00f3n a sus pa\u00edses de origen sin la posibilidad de solicitar la entrada o un visado en el futuro.<\/p><p>Si usted ha sido acusado de cualquier tipo de delito federal relacionado con la frontera, es vital encontrar un abogado defensor en quien pueda confiar para que lo represente. Los abogados de defensa criminal en <a href=\"https:\/\/rallslawoffice.com\/about-the-firm\/\" target=\"_blank\" rel=\"noopener\">Ralls &amp; Wille, PC<\/a>, tienen una reputaci\u00f3n de \u00e9xito en los casos federales que se originan a lo largo de la frontera sur de los Estados Unidos. Conocemos los estatutos que se aplicar\u00e1n a su caso y las diversas cuestiones de procedimiento que podr\u00eda encontrar como el caso se desarrolla. Estamos seguros de nuestra capacidad para manejar los casos de delitos fronterizos m\u00e1s dif\u00edciles presentados en los tribunales federales y estamos dispuestos a proporcionar el asesoramiento jur\u00eddico integral que necesita de su lado en esta dif\u00edcil situaci\u00f3n.<\/p>\t\t\t\t\t\t\t\t<\/div>\n\t\t\t\t<\/div>\n\t\t\t\t<div class=\"elementor-element elementor-element-68180c8 elementor-widget elementor-widget-text-editor\" data-id=\"68180c8\" data-element_type=\"widget\" data-e-type=\"widget\" data-widget_type=\"text-editor.default\">\n\t\t\t\t<div class=\"elementor-widget-container\">\n\t\t\t\t\t\t\t\t\t<h3 style=\"text-align: center;\"><em><strong>Comprendiendo los delitos fronterizos federales <\/strong><\/em><\/h3>\t\t\t\t\t\t\t\t<\/div>\n\t\t\t\t<\/div>\n\t\t\t\t<div class=\"elementor-element elementor-element-b84849c elementor-widget elementor-widget-text-editor\" data-id=\"b84849c\" data-element_type=\"widget\" data-e-type=\"widget\" data-widget_type=\"text-editor.default\">\n\t\t\t\t<div class=\"elementor-widget-container\">\n\t\t\t\t\t\t\t\t\t<p>\"Delitos fronterizos\" es un t\u00e9rmino relativamente amplio que se aplica a cualquier delito penal relacionado con las fronteras terrestres del sur o del norte de Estados Unidos, cualquier puerto de entrada o cualquier otro punto de entrada a Estados Unidos por tierra, mar o aire. Cada vez que alguien visita Estados Unidos, debe tener la documentaci\u00f3n adecuada relativa a la naturaleza de su estancia, y el gobierno federal tambi\u00e9n mantiene una lista de personas con \u00f3rdenes de detenci\u00f3n pendientes o que son de inter\u00e9s para otros organismos encargados de hacer cumplir la ley.<\/p><p>Los delitos fronterizos a menudo implican el cruce ilegal de personas o contrabando ilegal hacia o desde los Estados Unidos. Algunos casos de delitos fronterizos federales implican a una sola persona, mientras que otros son m\u00e1s amplios e implican conspiraciones criminales con m\u00faltiples individuos. Mientras que un delito fronterizo puede parecer que se ha desarrollado en un estado espec\u00edfico, es importante recordar que debido a que estos delitos pertenecen a las fronteras de la naci\u00f3n, todos los delitos fronterizos son delitos federales procesados en un tribunal federal.<\/p><p>Cualquiera que sea su caso, usted debe conocer sus derechos en un caso penal y el valor de contratar una representaci\u00f3n de defensa en la que pueda confiar. Los abogados de Ralls &amp; Wille tienen una amplia experiencia profesional en el manejo de una amplia gama de casos de delitos fronterizos federales. Es com\u00fan que los casos de delitos fronterizos federales involucren m\u00faltiples delitos, y algunos de los delitos fronterizos m\u00e1s com\u00fanmente citados que componen estos casos incluyen:<\/p><ul><li><strong><a href=\"https:\/\/rallslawoffice.com\/tucson-human-smuggling-defense-attorney\/\" target=\"_blank\" rel=\"noopener\">Trata y tr\u00e1fico de seres humanos<\/a>.<\/strong> Cualquier tipo de cruce de fronteras requiere legalmente la documentaci\u00f3n adecuada. Los pasaportes y documentos de inmigraci\u00f3n suelen ser esenciales, y las personas que buscan asilo pol\u00edtico deben hacerlo a trav\u00e9s de los canales adecuados. Varias organizaciones de M\u00e9xico han aprovechado la demanda de ayuda para cruzar la frontera estadounidense. El contrabando de personas suele ser un servicio de alquiler estrictamente relacionado con hacer que los clientes crucen la frontera estadounidense de forma encubierta e ilegal.<\/li><li><strong>Tr\u00e1fico de drogas.<\/strong> La frontera sur de Estados Unidos es uno de los mayores centros de <a href=\"https:\/\/rallslawoffice.com\/international-drug-trafficking\/\" target=\"_blank\" rel=\"noopener\">tr\u00e1fico de drogas<\/a> ilegales del mundo. Las drogas obtenidas y\/o producidas en M\u00e9xico o Sudam\u00e9rica se transportan a trav\u00e9s de la frontera de varias formas, incluyendo el uso de mulas, o individuos a los que se ha pagado o amenazado para que conduzcan o transporten ilegalmente drogas a trav\u00e9s de la frontera hacia Estados Unidos. Muchos casos de delitos federales fronterizos implican alg\u00fan tipo de tr\u00e1fico de drogas, y muchas personas han sido procesadas por estos delitos cuando fueron efectivamente obligadas a cooperar, ya sea a trav\u00e9s de amenazas de violencia o desesperaci\u00f3n.<\/li><li><strong>Tr\u00e1fico de armas.<\/strong> Al igual que el tr\u00e1fico de drogas, el <a href=\"https:\/\/rallslawoffice.com\/tucson-federal-weapons-trafficking-defense-attorney\/\" target=\"_blank\" rel=\"noopener\">tr\u00e1fico ilegal de armas<\/a> es habitual a lo largo de la frontera sur de Estados Unidos. El t\u00e9rmino \"tr\u00e1fico de armas\" se aplica generalmente a cualquier operaci\u00f3n ilegal en la que se trasladan armas de un mercado legal a otro ilegal. Es posible que un caso de tr\u00e1fico de armas implique armas ilegales, piezas de armas, munici\u00f3n, chalecos antibalas y mucho m\u00e1s.<\/li><li><strong>Fraude y falsificaci\u00f3n de documentos de inmigraci\u00f3n.<\/strong> Aunque el cruce encubierto de fronteras es m\u00e1s com\u00fan, algunos individuos intentan entrar en Estados Unidos a trav\u00e9s de los canales oficiales de forma fraudulenta. Han surgido muchos casos de delitos fronterizos relacionados con la producci\u00f3n y venta de documentos de inmigraci\u00f3n y personales falsificados. Cualquier intento de defraudar a una agencia federal es un delito grave y puede acarrear a\u00f1os de prisi\u00f3n federal.<\/li><li><strong>Corrupci\u00f3n en la CBP.<\/strong> Aunque la mayor\u00eda de los miembros de la CBP desempe\u00f1an sus funciones de buena fe, algunos han participado deliberadamente en delitos fronterizos y se han enfrentado a penas severas. Si un agente de la CBP es acusado de aprovecharse de su posici\u00f3n y autoridad para sacar provecho de la actividad ilegal a trav\u00e9s de la frontera, esto puede dar lugar a sanciones penales severas, incluyendo muchos a\u00f1os de prisi\u00f3n.<\/li><\/ul>\t\t\t\t\t\t\t\t<\/div>\n\t\t\t\t<\/div>\n\t\t\t\t<div class=\"elementor-element elementor-element-ab4ed30 elementor-widget elementor-widget-text-editor\" data-id=\"ab4ed30\" data-element_type=\"widget\" data-e-type=\"widget\" data-widget_type=\"text-editor.default\">\n\t\t\t\t<div class=\"elementor-widget-container\">\n\t\t\t\t\t\t\t\t\t<h3 style=\"text-align: center;\"><em><strong>\u00bfC\u00f3mo se construyen los casos de delitos fronterizos federales? <\/strong><\/em><\/h3>\t\t\t\t\t\t\t\t<\/div>\n\t\t\t\t<\/div>\n\t\t\t\t<div class=\"elementor-element elementor-element-c1a6cd0 elementor-widget elementor-widget-text-editor\" data-id=\"c1a6cd0\" data-element_type=\"widget\" data-e-type=\"widget\" data-widget_type=\"text-editor.default\">\n\t\t\t\t<div class=\"elementor-widget-container\">\n\t\t\t\t\t\t\t\t\t<p>La mayor\u00eda de los delitos que afectan a las fronteras de Estados Unidos son perseguidos por las fuerzas del orden federales. Si no es la CBP, otras agencias como <a href=\"https:\/\/www.ice.gov\/about-ice\/homeland-security-investigations\" target=\"_blank\" rel=\"noopener\">Investigaciones de Seguridad Nacional<\/a> (HSI), la <a href=\"https:\/\/www.atf.gov\/\" target=\"_blank\" rel=\"noopener\">Oficina de Alcohol, Tabaco y Armas de Fuego<\/a> (ATF), la Oficina Federal de Investigaci\u00f3n (FBI) o la Agencia Antidroga (DEA) podr\u00edan ser los principales actores detr\u00e1s de una investigaci\u00f3n federal de delitos fronterizos. Si una agencia de la ley local o estatal descubre pruebas de un delito fronterizo federal, puede iniciar la investigaci\u00f3n hasta que sea adoptada por una agencia federal.<\/p><p>Cada vez que una agencia de aplicaci\u00f3n de la ley construye un caso de delitos fronterizos federales, normalmente lo har\u00e1 a trav\u00e9s de diversas formas de investigaci\u00f3n y vigilancia. Esto podr\u00eda implicar el uso de agentes encubiertos e informantes, interrogatorios y diversos tipos de vigilancia electr\u00f3nica. Por ejemplo, las fuerzas del orden pueden obtener la autoridad para realizar escuchas telef\u00f3nicas y otros tipos de vigilancia digital siempre que obtengan las autorizaciones pertinentes.<\/p><p>Es importante recordar que las fuerzas del orden a todos los niveles en Estados Unidos tienen instrucciones de acatar la Constituci\u00f3n y otras leyes que restringen sus poderes. Esto significa que deben seguir normas y procedimientos espec\u00edficos para obtener las pruebas que utilizan para construir sus casos y no pueden violar los derechos constitucionales de los sospechosos. Una de las defensas m\u00e1s eficaces en cualquier caso penal es demostrar que los investigadores violaron a sabiendas sus derechos o se involucraron en violaciones intencionales de la Constituci\u00f3n, construyendo su caso ilegalmente.<\/p>\t\t\t\t\t\t\t\t<\/div>\n\t\t\t\t<\/div>\n\t\t\t\t<div class=\"elementor-element elementor-element-1338d50 elementor-widget elementor-widget-text-editor\" data-id=\"1338d50\" data-element_type=\"widget\" data-e-type=\"widget\" data-widget_type=\"text-editor.default\">\n\t\t\t\t<div class=\"elementor-widget-container\">\n\t\t\t\t\t\t\t\t\t<h3 style=\"text-align: center;\"><em><strong>defendi\u00e9ndose en una Corte Federal <\/strong><\/em><\/h3>\t\t\t\t\t\t\t\t<\/div>\n\t\t\t\t<\/div>\n\t\t\t\t<div class=\"elementor-element elementor-element-1b76765 elementor-widget elementor-widget-text-editor\" data-id=\"1b76765\" data-element_type=\"widget\" data-e-type=\"widget\" data-widget_type=\"text-editor.default\">\n\t\t\t\t<div class=\"elementor-widget-container\">\n\t\t\t\t\t\t\t\t\t<p>Tanto si sabe que ha infringido la ley federal como si cree que ha sido acusado injustamente de un delito que no ha cometido, un abogado defensor en el que pueda confiar ser\u00e1 primordial para su defensa. Un abogado defensor con experiencia en delitos federales fronterizos es el activo ideal para tener de su lado a medida que su caso se desarrolla.<\/p><p>Cuando usted elige Ralls y Wille para que lo represente en un caso de delitos fronterizos federales, podemos comenzar inmediatamente a construir su defensa mediante la revisi\u00f3n de las circunstancias en las que fue detenido. Vamos a verificar que los agentes de detenci\u00f3n seguido todos los requisitos constitucionales aplicables y respetado sus derechos constitucionales a trav\u00e9s de cada paso del procedimiento de detenci\u00f3n. Si descubrimos cualquier evidencia de mala conducta, determinaremos las maneras m\u00e1s eficaces de aprovechar estas cuestiones para usted.<\/p>\t\t\t\t\t\t\t\t<\/div>\n\t\t\t\t<\/div>\n\t\t\t\t<div class=\"elementor-element elementor-element-97de1b8 elementor-widget elementor-widget-text-editor\" data-id=\"97de1b8\" data-element_type=\"widget\" data-e-type=\"widget\" data-widget_type=\"text-editor.default\">\n\t\t\t\t<div class=\"elementor-widget-container\">\n\t\t\t\t\t\t\t\t\t<h3 style=\"text-align: center;\"><em><strong>Qu\u00e9 esperar de su abogado defensor de delitos federales fronterizos <\/strong><\/em><\/h3>\t\t\t\t\t\t\t\t<\/div>\n\t\t\t\t<\/div>\n\t\t\t\t<div class=\"elementor-element elementor-element-693523f elementor-widget elementor-widget-text-editor\" data-id=\"693523f\" data-element_type=\"widget\" data-e-type=\"widget\" data-widget_type=\"text-editor.default\">\n\t\t\t\t<div class=\"elementor-widget-container\">\n\t\t\t\t\t\t\t\t\t<p>El abogado defensor correcto de su lado puede hacer una tremenda diferencia en el resultado de su caso de delitos federales fronterizos. Su abogado puede reunir pruebas que apoyen su defensa, interrogar r\u00e1pidamente a los testigos involucrados en el caso e identificar cualquier error de procedimiento por parte de los oficiales que lo arrestaron, los investigadores de la agencia gubernamental o los fiscales del tribunal federal. Si usted no cometi\u00f3 el delito, su abogado defensor de delitos fronterizos federales ofrece la oportunidad \u00f3ptima de obtener pruebas exculpatorias para desmantelar el caso de la fiscal\u00eda en su contra.<\/p><p>Cuando una agencia federal ha reunido pruebas sustanciales antes de proceder a un arresto, pueden estar dispuestos a llegar a un acuerdo con el acusado. Si los fiscales est\u00e1n dispuestos a negociar, su abogado defensor puede ayudarle a conseguir el mejor acuerdo posible.<\/p><p>En algunos casos, un abogado defensor federal no tendr\u00e1 otra opci\u00f3n que argumentar en nombre de su cliente en la corte ante un jurado. Cuando usted elige <strong>Ralls &amp; Wille, PC<\/strong>, para representar su defensa en un caso de delitos fronterizos, podemos aprovechar toda nuestra experiencia profesional y recursos para usted. Nuestra firma se ha ganado una s\u00f3lida reputaci\u00f3n como algunos de los abogados defensores federales m\u00e1s consumados debido a nuestro compromiso con la defensa centrada en el cliente. Ning\u00fan abogado puede garantizar resultados para cualquier cliente, pero nuestra firma puede garantizar un trabajo exhaustivo para usted a trav\u00e9s de cada paso de los procedimientos de su caso.<\/p><p>Para obtener m\u00e1s informaci\u00f3n sobre los servicios legales que nuestro equipo puede ofrecer en un caso de delitos fronterizos federales, <a href=\"https:\/\/rallslawoffice.com\/contact\/\" target=\"_blank\" rel=\"noopener\">p\u00f3ngase en contacto<\/a> con nosotros hoy mismo para programar una consulta y obtener m\u00e1s informaci\u00f3n sobre los servicios legales profesionales que ofrecemos.<\/p><p>.<\/p><p>. <strong>.<\/strong> .<\/p>\t\t\t\t\t\t\t\t<\/div>\n\t\t\t\t<\/div>\n\t\t\t\t\t<\/div>\n\t\t<\/div>\n\t\t\t\t\t<\/div>\n\t\t<\/section>\n\t\t\t\t<\/div>","protected":false},"excerpt":{"rendered":"<p>Proteja sus derechos tanto dentro como fuera de la sala del tribunal. Tucson Federal Frontera Delitos Abogado \u00bfHa sido acusado de un delito fronterizo? El estado de la frontera sur de los Estados Unidos ha sido un tema pol\u00e9mico de debate p\u00fablico durante las \u00faltimas d\u00e9cadas, y recientemente, ha habido una serie de nuevos informes ... <a title=\"Tucson Federal Frontera Delitos Abogado\" class=\"read-more\" href=\"https:\/\/rallswillelaw.com\/es\/tucson-federal-border-crimes-defense-lawyer\/\" aria-label=\"Leer m\u00e1s sobre Tucson Federal Border Crimes Lawyer\">Leer m\u00e1s<\/a><\/p>","protected":false},"author":4,"featured_media":0,"parent":0,"menu_order":0,"comment_status":"closed","ping_status":"closed","template":"","meta":{"_monsterinsights_skip_tracking":false,"_monsterinsights_sitenote_active":false,"_monsterinsights_sitenote_note":"","_monsterinsights_sitenote_category":0,"footnotes":""},"class_list":["post-1587","page","type-page","status-publish"],"_links":{"self":[{"href":"https:\/\/rallswillelaw.com\/es\/wp-json\/wp\/v2\/pages\/1587","targetHints":{"allow":["GET"]}}],"collection":[{"href":"https:\/\/rallswillelaw.com\/es\/wp-json\/wp\/v2\/pages"}],"about":[{"href":"https:\/\/rallswillelaw.com\/es\/wp-json\/wp\/v2\/types\/page"}],"author":[{"embeddable":true,"href":"https:\/\/rallswillelaw.com\/es\/wp-json\/wp\/v2\/users\/4"}],"replies":[{"embeddable":true,"href":"https:\/\/rallswillelaw.com\/es\/wp-json\/wp\/v2\/comments?post=1587"}],"version-history":[{"count":10,"href":"https:\/\/rallswillelaw.com\/es\/wp-json\/wp\/v2\/pages\/1587\/revisions"}],"predecessor-version":[{"id":1827,"href":"https:\/\/rallswillelaw.com\/es\/wp-json\/wp\/v2\/pages\/1587\/revisions\/1827"}],"wp:attachment":[{"href":"https:\/\/rallswillelaw.com\/es\/wp-json\/wp\/v2\/media?parent=1587"}],"curies":[{"name":"wp","href":"https:\/\/api.w.org\/{rel}","templated":true}]}}