{"id":1582,"date":"2023-10-26T15:17:32","date_gmt":"2023-10-26T15:17:32","guid":{"rendered":"https:\/\/rallslawoffice.com\/?page_id=1582"},"modified":"2024-06-04T10:43:00","modified_gmt":"2024-06-04T10:43:00","slug":"tucson-abogado-federal-de-conspiracion","status":"publish","type":"page","link":"https:\/\/rallswillelaw.com\/es\/tucson-federal-conspiracy-attorney\/","title":{"rendered":"Abogado Federal de Conspiraci\u00f3n en Tucson"},"content":{"rendered":"<div data-elementor-type=\"wp-page\" data-elementor-id=\"1582\" class=\"elementor elementor-1582\" data-elementor-post-type=\"page\">\n\t\t\t\t\t\t<section class=\"elementor-section elementor-top-section elementor-element elementor-element-3fca90e elementor-section-stretched elementor-section-full_width elementor-section-height-min-height elementor-section-height-default elementor-section-items-middle\" data-id=\"3fca90e\" data-element_type=\"section\" data-e-type=\"section\" data-settings=\"{&quot;stretch_section&quot;:&quot;section-stretched&quot;,&quot;background_background&quot;:&quot;classic&quot;}\">\n\t\t\t\t\t\t\t<div class=\"elementor-background-overlay\"><\/div>\n\t\t\t\t\t\t\t<div class=\"elementor-container elementor-column-gap-no\">\n\t\t\t\t\t<div class=\"elementor-column elementor-col-100 elementor-top-column elementor-element elementor-element-208c635\" data-id=\"208c635\" data-element_type=\"column\" data-e-type=\"column\">\n\t\t\t<div class=\"elementor-widget-wrap elementor-element-populated\">\n\t\t\t\t\t\t<div class=\"elementor-element elementor-element-b8babe6 elementor-widget elementor-widget-heading\" data-id=\"b8babe6\" data-element_type=\"widget\" data-e-type=\"widget\" data-widget_type=\"heading.default\">\n\t\t\t\t<div class=\"elementor-widget-container\">\n\t\t\t\t\t<h3 class=\"elementor-heading-title elementor-size-default\">Proteja Sus Derechos Dentro Y Fuera De La Corte. <\/h3>\t\t\t\t<\/div>\n\t\t\t\t<\/div>\n\t\t\t\t\t<\/div>\n\t\t<\/div>\n\t\t\t\t\t<\/div>\n\t\t<\/section>\n\t\t\t\t<section class=\"elementor-section elementor-top-section elementor-element elementor-element-9b528ba elementor-section-boxed elementor-section-height-default elementor-section-height-default\" data-id=\"9b528ba\" data-element_type=\"section\" data-e-type=\"section\">\n\t\t\t\t\t\t<div class=\"elementor-container elementor-column-gap-default\">\n\t\t\t\t\t<div class=\"elementor-column elementor-col-100 elementor-top-column elementor-element elementor-element-5250b8b\" data-id=\"5250b8b\" data-element_type=\"column\" data-e-type=\"column\">\n\t\t\t<div class=\"elementor-widget-wrap elementor-element-populated\">\n\t\t\t\t\t\t<div class=\"elementor-element elementor-element-08ac5d8 elementor-widget elementor-widget-spacer\" data-id=\"08ac5d8\" data-element_type=\"widget\" data-e-type=\"widget\" data-widget_type=\"spacer.default\">\n\t\t\t\t<div class=\"elementor-widget-container\">\n\t\t\t\t\t\t\t<div class=\"elementor-spacer\">\n\t\t\t<div class=\"elementor-spacer-inner\"><\/div>\n\t\t<\/div>\n\t\t\t\t\t\t<\/div>\n\t\t\t\t<\/div>\n\t\t\t\t\t<\/div>\n\t\t<\/div>\n\t\t\t\t\t<\/div>\n\t\t<\/section>\n\t\t\t\t<section class=\"elementor-section elementor-top-section elementor-element elementor-element-a902373 elementor-section-boxed elementor-section-height-default elementor-section-height-default\" data-id=\"a902373\" data-element_type=\"section\" data-e-type=\"section\" data-settings=\"{&quot;background_background&quot;:&quot;classic&quot;}\">\n\t\t\t\t\t\t<div class=\"elementor-container elementor-column-gap-default\">\n\t\t\t\t\t<div class=\"elementor-column elementor-col-100 elementor-top-column elementor-element elementor-element-8d106c2\" data-id=\"8d106c2\" data-element_type=\"column\" data-e-type=\"column\">\n\t\t\t<div class=\"elementor-widget-wrap elementor-element-populated\">\n\t\t\t\t\t\t<div class=\"elementor-element elementor-element-f3b719a elementor-widget elementor-widget-heading\" data-id=\"f3b719a\" data-element_type=\"widget\" data-e-type=\"widget\" data-widget_type=\"heading.default\">\n\t\t\t\t<div class=\"elementor-widget-container\">\n\t\t\t\t\t<h1 class=\"elementor-heading-title elementor-size-default\">Abogado Federal de Conspiraci\u00f3n en Tucson <\/h1>\t\t\t\t<\/div>\n\t\t\t\t<\/div>\n\t\t\t\t\t<\/div>\n\t\t<\/div>\n\t\t\t\t\t<\/div>\n\t\t<\/section>\n\t\t\t\t<section class=\"elementor-section elementor-top-section elementor-element elementor-element-9fba427 elementor-section-boxed elementor-section-height-default elementor-section-height-default\" data-id=\"9fba427\" data-element_type=\"section\" data-e-type=\"section\">\n\t\t\t\t\t\t<div class=\"elementor-container elementor-column-gap-default\">\n\t\t\t\t\t<div class=\"elementor-column elementor-col-100 elementor-top-column elementor-element elementor-element-56d5421\" data-id=\"56d5421\" data-element_type=\"column\" data-e-type=\"column\">\n\t\t\t<div class=\"elementor-widget-wrap elementor-element-populated\">\n\t\t\t\t\t\t<div class=\"elementor-element elementor-element-2a030bc elementor-widget elementor-widget-text-editor\" data-id=\"2a030bc\" data-element_type=\"widget\" data-e-type=\"widget\" data-widget_type=\"text-editor.default\">\n\t\t\t\t<div class=\"elementor-widget-container\">\n\t\t\t\t\t\t\t\t\t<h3 style=\"text-align: center;\"><em><strong>\u00bfHa sido acusado de conspiraci\u00f3n criminal?<\/strong><\/em><\/h3>\t\t\t\t\t\t\t\t<\/div>\n\t\t\t\t<\/div>\n\t\t\t\t\t<\/div>\n\t\t<\/div>\n\t\t\t\t\t<\/div>\n\t\t<\/section>\n\t\t\t\t<section class=\"elementor-section elementor-top-section elementor-element elementor-element-289408a elementor-section-boxed elementor-section-height-default elementor-section-height-default\" data-id=\"289408a\" data-element_type=\"section\" data-e-type=\"section\">\n\t\t\t\t\t\t<div class=\"elementor-container elementor-column-gap-default\">\n\t\t\t\t\t<div class=\"elementor-column elementor-col-100 elementor-top-column elementor-element elementor-element-6120497\" data-id=\"6120497\" data-element_type=\"column\" data-e-type=\"column\">\n\t\t\t<div class=\"elementor-widget-wrap elementor-element-populated\">\n\t\t\t\t\t\t<div class=\"elementor-element elementor-element-c70add1 elementor-widget elementor-widget-text-editor\" data-id=\"c70add1\" data-element_type=\"widget\" data-e-type=\"widget\" data-widget_type=\"text-editor.default\">\n\t\t\t\t<div class=\"elementor-widget-container\">\n\t\t\t\t\t\t\t\t\t<p>Si usted es arrestado por cualquier delito penal, es natural preguntarse qu\u00e9 tipo de sanciones usted podr\u00eda enfrentar si es condenado y qu\u00e9 defensas podr\u00edan estar disponibles para usted, para ayudarle a evitar esa condena. Es posible ser arrestado por las autoridades locales o estatales, pero enfrentarse a un proceso judicial nivel federal, es especialmente desalentador.<\/p>\t\t\t\t\t\t\t\t<\/div>\n\t\t\t\t<\/div>\n\t\t\t\t<div class=\"elementor-element elementor-element-844c490 elementor-widget elementor-widget-text-editor\" data-id=\"844c490\" data-element_type=\"widget\" data-e-type=\"widget\" data-widget_type=\"text-editor.default\">\n\t\t\t\t<div class=\"elementor-widget-container\">\n\t\t\t\t\t\t\t\t\t<h3 style=\"text-align: center;\"><em><strong>Abogado Defensor con Experiencia en Cargos Federales de Conspiraci\u00f3n <\/strong><\/em><\/h3>\t\t\t\t\t\t\t\t<\/div>\n\t\t\t\t<\/div>\n\t\t\t\t<div class=\"elementor-element elementor-element-23b4695 elementor-widget elementor-widget-text-editor\" data-id=\"23b4695\" data-element_type=\"widget\" data-e-type=\"widget\" data-widget_type=\"text-editor.default\">\n\t\t\t\t<div class=\"elementor-widget-container\">\n\t\t\t\t\t\t\t\t\t<p>Varias agencias federales, como la Oficina Federal de Investigaciones (FBI), Investigaciones de Seguridad Nacional (HSI), la Oficina de Alcohol, Tabaco y Armas de Fuego (ATF), y la Agencia Antidrogas (DEA), llevan a cabo todo tipo de investigaciones penales en los Estados Unidos regularmente. Si usted es arrestado por cargos federales de conspiraci\u00f3n, esto significa que el gobierno federal probablemente ha estado construyendo un caso contra usted durante alg\u00fan tiempo y finalmente ha reunido las pruebas que cree necesarias para asegurar una condena. Esta es una situaci\u00f3n precaria para cualquier persona, y es vital conocer sus derechos y sus opciones para defenderse si usted termina en este tipo de situaci\u00f3n.<\/p><p>. <a href=\"https:\/\/rallslawoffice.com\/about-the-firm\/\" target=\"_blank\" rel=\"noopener\">Ralls &amp; Wille, PC<\/a>, han cultivado una reputaci\u00f3n profesional muy fuerte como un l\u00edder en la defensa penal en las cortes federales. Sabemos c\u00f3mo las distintas agencias federales manejan los casos criminales y llevan a cabo sus investigaciones, y sabemos las normas procesales que se aplican a su caso de conspiraci\u00f3n federal. Nuestro equipo puede proporcionarle un asesoramiento integral de defensa desde el momento de su arresto a trav\u00e9s de todos los procedimientos que le esperan. Cuanto antes se ponga en contacto con nuestro equipo, antes podremos empezar a guiarle a trav\u00e9s del dif\u00edcil caso que tiene por delante y con confianza.<\/p>\t\t\t\t\t\t\t\t<\/div>\n\t\t\t\t<\/div>\n\t\t\t\t<div class=\"elementor-element elementor-element-68180c8 elementor-widget elementor-widget-text-editor\" data-id=\"68180c8\" data-element_type=\"widget\" data-e-type=\"widget\" data-widget_type=\"text-editor.default\">\n\t\t\t\t<div class=\"elementor-widget-container\">\n\t\t\t\t\t\t\t\t\t<h3 style=\"text-align: center;\"><em><strong>\u00bfQu\u00e9 son los cargos de conspiraci\u00f3n a nivel federal? <\/strong><\/em><\/h3>\t\t\t\t\t\t\t\t<\/div>\n\t\t\t\t<\/div>\n\t\t\t\t<div class=\"elementor-element elementor-element-b84849c elementor-widget elementor-widget-text-editor\" data-id=\"b84849c\" data-element_type=\"widget\" data-e-type=\"widget\" data-widget_type=\"text-editor.default\">\n\t\t\t\t<div class=\"elementor-widget-container\">\n\t\t\t\t\t\t\t\t\t<p>El t\u00e9rmino \"conspiraci\u00f3n\" es algo vago y puede aplicarse a cualquier situaci\u00f3n en la que m\u00e1s de una persona se pone de acuerdo para cometer un delito y toma medidas para llevarlo a cabo. A nivel federal, un cargo de conspiraci\u00f3n puede aplicarse siempre que dos o m\u00e1s personas se pongan de acuerdo para cometer un delito federal y tomen medidas para promover el delito.<\/p><p>Uno de los aspectos m\u00e1s desafiantes de defenderse contra cargos federales de conspiraci\u00f3n es el hecho de que la conspiraci\u00f3n no es el \u00fanico delito que se citar\u00e1 en su caso. La mayor\u00eda de los casos federales de conspiraci\u00f3n se basan en\u00a0<a href=\"https:\/\/rallslawoffice.com\/tucson-white-collar-crime-lawyer\/\" target=\"_blank\" rel=\"noopener\">otros delitos<\/a>\u00a0y luego se aplica a todos los miembros del grupo que participan en estas actividades ilegales. Por ejemplo, si varias partes participan en una <a href=\"https:\/\/rallslawoffice.com\/international-drug-trafficking\/\" target=\"_blank\" rel=\"noopener\">tr\u00e1fico de drogas<\/a> a trav\u00e9s de las fronteras estatales, esto puede abrir la puerta a cargos federales de conspiraci\u00f3n contra cada parte, junto con cargos adicionales por hechos espec\u00edficos relacionados con el tr\u00e1fico de drogas.<\/p><p>Si se le acusa de cualquier tipo de delito de conspiraci\u00f3n federal, tambi\u00e9n es esencial entender la Ley de Organizaciones Corruptas e Influenciadas por Chantajes (RICO). Este estatuto federal se aplica a las conspiraciones criminales a nivel federal, asegurando que cada miembro de una conspiraci\u00f3n se enfrenta a consecuencias por cualquier papel que puedan haber desempe\u00f1ado en facilitar las actividades ilegales de otros miembros. Es importante recordar que RICO puede aplicarse a usted incluso si no participa en un acto manifiesto. Esto tambi\u00e9n significa que usted podr\u00eda ser responsable si un miembro de su conspiraci\u00f3n de tr\u00e1fico de drogas, cometiera un delito grave como un asesinato, en RICO incluso si usted no participara directamente en el asesinato, se basar\u00edan \u00fanicamente en su participaci\u00f3n en la misma conspiraci\u00f3n.<\/p><p>Esto es s\u00f3lo un ejemplo de lo complejos que pueden ser los estatutos penales federales y lo que est\u00e1 en juego en cualquier caso de conspiraci\u00f3n federal. Si se le acusa de conspiraci\u00f3n federal, es probable que se enfrente a cargos penales adicionales, y necesita una representaci\u00f3n de defensa con mucha experiencia a su lado, para llegar a la conclusi\u00f3n m\u00e1s \u00f3ptima de su caso.<\/p>\t\t\t\t\t\t\t\t<\/div>\n\t\t\t\t<\/div>\n\t\t\t\t<div class=\"elementor-element elementor-element-ab4ed30 elementor-widget elementor-widget-text-editor\" data-id=\"ab4ed30\" data-element_type=\"widget\" data-e-type=\"widget\" data-widget_type=\"text-editor.default\">\n\t\t\t\t<div class=\"elementor-widget-container\">\n\t\t\t\t\t\t\t\t\t<h3 style=\"text-align: center;\"><em><strong>\u00bfQu\u00e9 es el Estatuto de Limitaciones para Cargos Federales de Conspiraci\u00f3n?<\/strong><\/em><\/h3>\t\t\t\t\t\t\t\t<\/div>\n\t\t\t\t<\/div>\n\t\t\t\t<div class=\"elementor-element elementor-element-c1a6cd0 elementor-widget elementor-widget-text-editor\" data-id=\"c1a6cd0\" data-element_type=\"widget\" data-e-type=\"widget\" data-widget_type=\"text-editor.default\">\n\t\t\t\t<div class=\"elementor-widget-container\">\n\t\t\t\t\t\t\t\t\t<p>La ley de Estatuto de Limitaciones o prescripci\u00f3n,  es el plazo en el que el gobierno debe presentar cargos penales despu\u00e9s de que se haya cometido un acto ilegal. Para la mayor\u00eda de los delitos federales, el plazo de prescripci\u00f3n es de cinco a\u00f1os a partir de la fecha del \u00faltimo acto ilegal manifiesto cometido por el acusado. Si el gobierno no presenta cargos dentro de este plazo de cinco a\u00f1os, el estatuto de limitaciones pasa, y el acusado no puede ser procesado.<\/p><p>Es importante tener en cuenta que un caso de conspiraci\u00f3n federal puede implicar estatutos legales que anulan efectivamente el estatuto de limitaciones. Espec\u00edficamente, muchos casos de conspiraci\u00f3n implican \"esfuerzos criminales continuos\", lo que significa que, por la naturaleza de la conspiraci\u00f3n, los miembros implicados est\u00e1n continuamente fomentando sus operaciones ilegales.<\/p><p>Un punto com\u00fan de contenci\u00f3n planteado por los abogados defensores que representan a clientes acusados de conspiraci\u00f3n federal es el estatuto de limitaciones aplicable. Un abogado defensor puede argumentar que el estatuto de limitaciones ha pasado para los cargos, mientras que los fiscales del gobierno argumentan que la ley proporciona un estatuto alternativo o que las acciones del acusado constituyen un esfuerzo continuo y que ning\u00fan acto manifiesto es estrictamente necesario. Este tipo de disputas requieren la atenci\u00f3n de un abogado defensor experimentado.<\/p>\t\t\t\t\t\t\t\t<\/div>\n\t\t\t\t<\/div>\n\t\t\t\t<div class=\"elementor-element elementor-element-1338d50 elementor-widget elementor-widget-text-editor\" data-id=\"1338d50\" data-element_type=\"widget\" data-e-type=\"widget\" data-widget_type=\"text-editor.default\">\n\t\t\t\t<div class=\"elementor-widget-container\">\n\t\t\t\t\t\t\t\t\t<h3 style=\"text-align: center;\"><em><strong>Posibles penas por condena por conspiraci\u00f3n federal <\/strong><\/em><\/h3>\t\t\t\t\t\t\t\t<\/div>\n\t\t\t\t<\/div>\n\t\t\t\t<div class=\"elementor-element elementor-element-1b76765 elementor-widget elementor-widget-text-editor\" data-id=\"1b76765\" data-element_type=\"widget\" data-e-type=\"widget\" data-widget_type=\"text-editor.default\">\n\t\t\t\t<div class=\"elementor-widget-container\">\n\t\t\t\t\t\t\t\t\t<p>Es natural que cualquiera se pregunte a qu\u00e9 penas podr\u00eda enfrentarse si alguien es sentenciado en una corte federal. Cuando se trata de cargos federales de conspiraci\u00f3n, no hay una pena m\u00ednima establecida \u00fanicamente para la conspiraci\u00f3n. En cambio, las penas potenciales para un acusado condenado dependen en gran medida del delito subyacente dentro del caso de conspiraci\u00f3n.<\/p><p>Por ejemplo, si se le acusa de conspiraci\u00f3n federal en relaci\u00f3n con el tr\u00e1fico de drogas, sus penas se determinar\u00e1n desde el punto de partida, de las penas t\u00edpicamente asignadas para las condenas por delitos federales de drogas. Si se aplica la ley RICO y se le acusa de delitos graves cometidos por otros miembros de la conspiraci\u00f3n en la que usted particip\u00f3, esto puede aumentar su condena dr\u00e1sticamente.<\/p><p>Muchos individuos acusados de conspiraci\u00f3n federal se enfrentan a d\u00e9cadas en una prisi\u00f3n federal debido a la naturaleza y gravedad de los cargos subyacentes en sus casos. Es importante recordar que muchos delitos penales federales conllevan sentencias m\u00ednimas obligatorias, por lo que, si es declarado culpable, estas implicar\u00e1n el m\u00ednimo de las penas que una persona podr\u00eda enfrentar, y sus penas reales, probablemente ser\u00e1n mucho mayores.<\/p><p>La contrataci\u00f3n de un abogado defensor federal con experiencia en casos de conspiraci\u00f3n es el m\u00e9todo \u00f3ptimo para reducir sus posibles penas en caso de ser condenado. Su abogado sabr\u00e1 c\u00f3mo argumentar para que sus penas se reduzcan tanto como sea posible, e incluso es posible que un buen abogado ayude a su cliente a que se retiren cargos espec\u00edficos y se reduzcan otros cargos. En \u00faltima instancia, cada persona se enfrenta a circunstancias totalmente diferentes, pero cualquier individuo se beneficia de tener un abogado con experiencia en el que pueda confiar para asesorarle.<\/p>\t\t\t\t\t\t\t\t<\/div>\n\t\t\t\t<\/div>\n\t\t\t\t<div class=\"elementor-element elementor-element-97de1b8 elementor-widget elementor-widget-text-editor\" data-id=\"97de1b8\" data-element_type=\"widget\" data-e-type=\"widget\" data-widget_type=\"text-editor.default\">\n\t\t\t\t<div class=\"elementor-widget-container\">\n\t\t\t\t\t\t\t\t\t<h3 style=\"text-align: center;\"><em><strong>C\u00f3mo elegir el abogado adecuado para defenderle <\/strong><\/em><\/h3>\t\t\t\t\t\t\t\t<\/div>\n\t\t\t\t<\/div>\n\t\t\t\t<div class=\"elementor-element elementor-element-693523f elementor-widget elementor-widget-text-editor\" data-id=\"693523f\" data-element_type=\"widget\" data-e-type=\"widget\" data-widget_type=\"text-editor.default\">\n\t\t\t\t<div class=\"elementor-widget-container\">\n\t\t\t\t\t\t\t\t\t<p>.<\/p><p>. <strong>.<\/strong> se han ganado una reputaci\u00f3n profesional como una de las firmas de defensa m\u00e1s consumadas. Despu\u00e9s de defender con \u00e9xito a clientes en casos federales de alto perfil, hemos adquirido la experiencia y los recursos profesionales necesarios para manejar los casos federales m\u00e1s dif\u00edciles. Sabemos lo que su inminente caso de conspiraci\u00f3n federal puede implicar y c\u00f3mo ayudarle a desarrollar una estrategia eficaz para hacer frente a los procedimientos que se avecinan.<\/p>\t\t\t\t\t\t\t\t<\/div>\n\t\t\t\t<\/div>\n\t\t\t\t<div class=\"elementor-element elementor-element-0f7aec3 elementor-widget elementor-widget-text-editor\" data-id=\"0f7aec3\" data-element_type=\"widget\" data-e-type=\"widget\" data-widget_type=\"text-editor.default\">\n\t\t\t\t<div class=\"elementor-widget-container\">\n\t\t\t\t\t\t\t\t\t<h3 style=\"text-align: center;\"><em><strong>Qu\u00e9 esperar de su abogado defensor de conspiraciones federales <\/strong><\/em><\/h3>\t\t\t\t\t\t\t\t<\/div>\n\t\t\t\t<\/div>\n\t\t\t\t<div class=\"elementor-element elementor-element-2ae373a elementor-widget elementor-widget-text-editor\" data-id=\"2ae373a\" data-element_type=\"widget\" data-e-type=\"widget\" data-widget_type=\"text-editor.default\">\n\t\t\t\t<div class=\"elementor-widget-container\">\n\t\t\t\t\t\t\t\t\t<p>Cuando usted necesita un abogado defensor de conspiraci\u00f3n federal con experiencia para su caso, es importante saber lo que puede esperar en t\u00e9rminos de los servicios legales que pueden proporcionar. Su caso es probable que tome mucho tiempo para completar, y puede haber largos intervalos entre las comparecencias ante el tribunal. La fase previa al juicio es a menudo muy larga, y los sospechosos pueden permanecer bajo custodia federal mientras esperan el juicio. Su abogado defensor de conspiraci\u00f3n federal debe estar bien versado en varios aspectos de la representaci\u00f3n de defensa federal, incluyendo:<\/p><ul><li><strong>Mociones previas al juicio.<\/strong> Su abogado defensor puede necesitar presentar mociones para que ciertos tipos de pruebas no se presenten ante la corte. Tambi\u00e9n es posible presentar mociones para solicitar cambios en el procedimiento, y un abogado defensor de conspiraci\u00f3n federal con experiencia, debe ser experto en la redacci\u00f3n de mociones previas al juicio convincentes y detalladas para sus clientes.<\/li><li><strong>Procedimiento reglamentario.<\/strong> Si se produce cualquier tipo de mala conducta en las primeras etapas de su caso, esto a veces es suficiente para que se retiren o reduzcan los cargos contra usted. Su abogado debe estar muy al tanto de todos los procedimientos tempranos y de los estatutos que se aplican a su caso espec\u00edfico para que est\u00e9n listos para aprovechar cualquier oportunidad que la fiscal\u00eda pueda ofrecer y que pueda beneficiar a su cliente.<\/li><li><strong>Convenios Declaratorios<\/strong> Los fiscales federales pueden ser tan adversos al riesgo como los acusados. Los Convenios Declaratorios son una forma de mitigaci\u00f3n del riesgo para ambas partes. A trav\u00e9s de negociaciones confidenciales, un abogado defensor experto en conspiraci\u00f3n, puede ayudar a los fiscales a entender los problemas que probablemente enfrentar\u00e1n si tienen que tratar de probar su caso. Utilizando esta ventaja, un abogado defensor con experiencia puede negociar un acuerdo favorable para el acusado, permiti\u00e9ndole aceptar su responsabilidad, pero evitando las severas penas asociadas con sus cargos originales.<\/li><li><strong>Evidencias y apoyo en el litigio.<\/strong> Su abogado debe estar preparado para manejar todos los aspectos del proceso de evidencias, y una vez que el litigio comienza en serio, deben ser capaces de proporcionar apoyo continuo para cada sesi\u00f3n de la corte.<\/li><\/ul><p>Estos son s\u00f3lo algunos ejemplos de los servicios que su abogado debe ser capaz de proporcionar. Es importante recordar que los casos federales de conspiraci\u00f3n se construyen t\u00edpicamente de forma gradual, y las agencias federales no se mueven para arrestar a los sospechosos hasta el momento en que creen que tienen pruebas m\u00e1s que suficientes para asegurar una condena. Usted necesita una representaci\u00f3n de defensa en la que pueda confiar en esta situaci\u00f3n, y el equipo de Ralls &amp; Wille est\u00e1 listo para ayudarle. <strong><a href=\"https:\/\/rallslawoffice.com\/contact\/\" target=\"_blank\" rel=\"noopener\">P\u00f3ngase en contacto<\/a><\/strong> con nosotros hoy y programe una consulta para aprender m\u00e1s acerca de los servicios legales que ofrecemos. <\/p>\t\t\t\t\t\t\t\t<\/div>\n\t\t\t\t<\/div>\n\t\t\t\t\t<\/div>\n\t\t<\/div>\n\t\t\t\t\t<\/div>\n\t\t<\/section>\n\t\t\t\t<\/div>","protected":false},"excerpt":{"rendered":"<p>Proteja sus derechos tanto dentro como fuera de la sala del tribunal. Tucson Federal Conspiraci\u00f3n Abogado \u00bfHa sido acusado de conspiraci\u00f3n criminal? Si usted es arrestado por cualquier delito penal, es natural preguntarse qu\u00e9 tipo de sanciones que podr\u00eda enfrentar si usted es condenado y qu\u00e9 defensas podr\u00edan estar disponibles para usted para ayudarle ... <a title=\"Abogado Federal de Conspiraci\u00f3n en Tucson\" class=\"read-more\" href=\"https:\/\/rallswillelaw.com\/es\/tucson-federal-conspiracy-attorney\/\" aria-label=\"Leer m\u00e1s sobre Tucson Federal Conspiracy Attorney\">Leer m\u00e1s<\/a><\/p>","protected":false},"author":4,"featured_media":0,"parent":0,"menu_order":0,"comment_status":"closed","ping_status":"closed","template":"","meta":{"_monsterinsights_skip_tracking":false,"_monsterinsights_sitenote_active":false,"_monsterinsights_sitenote_note":"","_monsterinsights_sitenote_category":0,"footnotes":""},"class_list":["post-1582","page","type-page","status-publish"],"_links":{"self":[{"href":"https:\/\/rallswillelaw.com\/es\/wp-json\/wp\/v2\/pages\/1582","targetHints":{"allow":["GET"]}}],"collection":[{"href":"https:\/\/rallswillelaw.com\/es\/wp-json\/wp\/v2\/pages"}],"about":[{"href":"https:\/\/rallswillelaw.com\/es\/wp-json\/wp\/v2\/types\/page"}],"author":[{"embeddable":true,"href":"https:\/\/rallswillelaw.com\/es\/wp-json\/wp\/v2\/users\/4"}],"replies":[{"embeddable":true,"href":"https:\/\/rallswillelaw.com\/es\/wp-json\/wp\/v2\/comments?post=1582"}],"version-history":[{"count":16,"href":"https:\/\/rallswillelaw.com\/es\/wp-json\/wp\/v2\/pages\/1582\/revisions"}],"predecessor-version":[{"id":1913,"href":"https:\/\/rallswillelaw.com\/es\/wp-json\/wp\/v2\/pages\/1582\/revisions\/1913"}],"wp:attachment":[{"href":"https:\/\/rallswillelaw.com\/es\/wp-json\/wp\/v2\/media?parent=1582"}],"curies":[{"name":"wp","href":"https:\/\/api.w.org\/{rel}","templated":true}]}}