{"id":1567,"date":"2023-10-25T21:57:35","date_gmt":"2023-10-25T21:57:35","guid":{"rendered":"https:\/\/rallslawoffice.com\/?page_id=1567"},"modified":"2024-03-26T00:40:12","modified_gmt":"2024-03-26T00:40:12","slug":"tucson-gun-crime-lawyer","status":"publish","type":"page","link":"https:\/\/rallswillelaw.com\/es\/tucson-gun-crime-lawyer\/","title":{"rendered":"Tucson Abogado de Delitos de Armas"},"content":{"rendered":"<div data-elementor-type=\"wp-page\" data-elementor-id=\"1567\" class=\"elementor elementor-1567\" data-elementor-post-type=\"page\">\n\t\t\t\t\t\t<section class=\"elementor-section elementor-top-section elementor-element elementor-element-3fca90e elementor-section-stretched elementor-section-full_width elementor-section-height-min-height elementor-section-height-default elementor-section-items-middle\" data-id=\"3fca90e\" data-element_type=\"section\" data-e-type=\"section\" data-settings=\"{&quot;stretch_section&quot;:&quot;section-stretched&quot;,&quot;background_background&quot;:&quot;classic&quot;}\">\n\t\t\t\t\t\t\t<div class=\"elementor-background-overlay\"><\/div>\n\t\t\t\t\t\t\t<div class=\"elementor-container elementor-column-gap-no\">\n\t\t\t\t\t<div class=\"elementor-column elementor-col-100 elementor-top-column elementor-element elementor-element-208c635\" data-id=\"208c635\" data-element_type=\"column\" data-e-type=\"column\">\n\t\t\t<div class=\"elementor-widget-wrap elementor-element-populated\">\n\t\t\t\t\t\t<div class=\"elementor-element elementor-element-b8babe6 elementor-widget elementor-widget-heading\" data-id=\"b8babe6\" data-element_type=\"widget\" data-e-type=\"widget\" data-widget_type=\"heading.default\">\n\t\t\t\t<div class=\"elementor-widget-container\">\n\t\t\t\t\t<h3 class=\"elementor-heading-title elementor-size-default\">Proteja Sus Derechos Dentro Y Fuera De La Corte. <\/h3>\t\t\t\t<\/div>\n\t\t\t\t<\/div>\n\t\t\t\t\t<\/div>\n\t\t<\/div>\n\t\t\t\t\t<\/div>\n\t\t<\/section>\n\t\t\t\t<section class=\"elementor-section elementor-top-section elementor-element elementor-element-9b528ba elementor-section-boxed elementor-section-height-default elementor-section-height-default\" data-id=\"9b528ba\" data-element_type=\"section\" data-e-type=\"section\">\n\t\t\t\t\t\t<div class=\"elementor-container elementor-column-gap-default\">\n\t\t\t\t\t<div class=\"elementor-column elementor-col-100 elementor-top-column elementor-element elementor-element-5250b8b\" data-id=\"5250b8b\" data-element_type=\"column\" data-e-type=\"column\">\n\t\t\t<div class=\"elementor-widget-wrap elementor-element-populated\">\n\t\t\t\t\t\t<div class=\"elementor-element elementor-element-08ac5d8 elementor-widget elementor-widget-spacer\" data-id=\"08ac5d8\" data-element_type=\"widget\" data-e-type=\"widget\" data-widget_type=\"spacer.default\">\n\t\t\t\t<div class=\"elementor-widget-container\">\n\t\t\t\t\t\t\t<div class=\"elementor-spacer\">\n\t\t\t<div class=\"elementor-spacer-inner\"><\/div>\n\t\t<\/div>\n\t\t\t\t\t\t<\/div>\n\t\t\t\t<\/div>\n\t\t\t\t\t<\/div>\n\t\t<\/div>\n\t\t\t\t\t<\/div>\n\t\t<\/section>\n\t\t\t\t<section class=\"elementor-section elementor-top-section elementor-element elementor-element-a902373 elementor-section-boxed elementor-section-height-default elementor-section-height-default\" data-id=\"a902373\" data-element_type=\"section\" data-e-type=\"section\" data-settings=\"{&quot;background_background&quot;:&quot;classic&quot;}\">\n\t\t\t\t\t\t<div class=\"elementor-container elementor-column-gap-default\">\n\t\t\t\t\t<div class=\"elementor-column elementor-col-100 elementor-top-column elementor-element elementor-element-8d106c2\" data-id=\"8d106c2\" data-element_type=\"column\" data-e-type=\"column\">\n\t\t\t<div class=\"elementor-widget-wrap elementor-element-populated\">\n\t\t\t\t\t\t<div class=\"elementor-element elementor-element-f3b719a elementor-widget elementor-widget-heading\" data-id=\"f3b719a\" data-element_type=\"widget\" data-e-type=\"widget\" data-widget_type=\"heading.default\">\n\t\t\t\t<div class=\"elementor-widget-container\">\n\t\t\t\t\t<h1 class=\"elementor-heading-title elementor-size-default\">Abogado para delitos con Armas<\/h1>\t\t\t\t<\/div>\n\t\t\t\t<\/div>\n\t\t\t\t\t<\/div>\n\t\t<\/div>\n\t\t\t\t\t<\/div>\n\t\t<\/section>\n\t\t\t\t<section class=\"elementor-section elementor-top-section elementor-element elementor-element-9fba427 elementor-section-boxed elementor-section-height-default elementor-section-height-default\" data-id=\"9fba427\" data-element_type=\"section\" data-e-type=\"section\">\n\t\t\t\t\t\t<div class=\"elementor-container elementor-column-gap-default\">\n\t\t\t\t\t<div class=\"elementor-column elementor-col-100 elementor-top-column elementor-element elementor-element-56d5421\" data-id=\"56d5421\" data-element_type=\"column\" data-e-type=\"column\">\n\t\t\t<div class=\"elementor-widget-wrap elementor-element-populated\">\n\t\t\t\t\t\t<div class=\"elementor-element elementor-element-2a030bc elementor-widget elementor-widget-text-editor\" data-id=\"2a030bc\" data-element_type=\"widget\" data-e-type=\"widget\" data-widget_type=\"text-editor.default\">\n\t\t\t\t<div class=\"elementor-widget-container\">\n\t\t\t\t\t\t\t\t\t<h3 style=\"text-align: center;\"><em><strong>\u00bfHa sido acusado de un delito con armas de fuego?<\/strong><\/em><\/h3>\t\t\t\t\t\t\t\t<\/div>\n\t\t\t\t<\/div>\n\t\t\t\t\t<\/div>\n\t\t<\/div>\n\t\t\t\t\t<\/div>\n\t\t<\/section>\n\t\t\t\t<section class=\"elementor-section elementor-top-section elementor-element elementor-element-289408a elementor-section-boxed elementor-section-height-default elementor-section-height-default\" data-id=\"289408a\" data-element_type=\"section\" data-e-type=\"section\">\n\t\t\t\t\t\t<div class=\"elementor-container elementor-column-gap-default\">\n\t\t\t\t\t<div class=\"elementor-column elementor-col-100 elementor-top-column elementor-element elementor-element-6120497\" data-id=\"6120497\" data-element_type=\"column\" data-e-type=\"column\">\n\t\t\t<div class=\"elementor-widget-wrap elementor-element-populated\">\n\t\t\t\t\t\t<div class=\"elementor-element elementor-element-c70add1 elementor-widget elementor-widget-text-editor\" data-id=\"c70add1\" data-element_type=\"widget\" data-e-type=\"widget\" data-widget_type=\"text-editor.default\">\n\t\t\t\t<div class=\"elementor-widget-container\">\n\t\t\t\t\t\t\t\t\t<p class=\"MsoNormal\">Tanto en Tucson y en Arizona, es posible que un individuo se enfrente a un proceso penal (ya sea en el Estado o Federal) por un delito estrictamente relacionado con la posesi\u00f3n de un arma de fuego o por el uso de un arma de fuego mientras se est\u00e1 cometiendo un delito. Tambi\u00e9n es posible que los propietarios de armas de fuego y respetuosos de la ley en Tucson, inesperadamente se enfrenten a cargos criminales debido a la incomprensi\u00f3n de las leyes estatales de armas de fuego o por acciones accidentales.\u00a0<\/p>\t\t\t\t\t\t\t\t<\/div>\n\t\t\t\t<\/div>\n\t\t\t\t<div class=\"elementor-element elementor-element-844c490 elementor-widget elementor-widget-text-editor\" data-id=\"844c490\" data-element_type=\"widget\" data-e-type=\"widget\" data-widget_type=\"text-editor.default\">\n\t\t\t\t<div class=\"elementor-widget-container\">\n\t\t\t\t\t\t\t\t\t<h3 style=\"text-align: center;\"><em><strong>Abogado Defensor con Experiencia en Delitos con Armas de Fuego en Tucson, AZ <\/strong><\/em><\/h3>\t\t\t\t\t\t\t\t<\/div>\n\t\t\t\t<\/div>\n\t\t\t\t<div class=\"elementor-element elementor-element-23b4695 elementor-widget elementor-widget-text-editor\" data-id=\"23b4695\" data-element_type=\"widget\" data-e-type=\"widget\" data-widget_type=\"text-editor.default\">\n\t\t\t\t<div class=\"elementor-widget-container\">\n\t\t\t\t\t\t\t\t\t<p>Si usted o miembros de su familia han sido acusados de cualquier delito penal, relacionado con armas de fuego, es importante contar con un abogado defensor h\u00e1bil y experimentado a su lado en esta dif\u00edcil situaci\u00f3n. Si bien es posible que una persona enfrente cargos por delitos menores o graves por delitos relacionados con armas de fuego, la mayor\u00eda de estos casos se procesan a nivel de delito grave. Las penas al ser condenado suelen ser severas y aumentan autom\u00e1ticamente si el arma de fuego se us\u00f3 mientras se comet\u00eda un delito separado o si el acusado es un \"poseedor prohibido\", lo que significa que no se le permite legalmente poseer, poseer o usar armas de fuego.<\/p><p>. <a href=\"https:\/\/rallslawoffice.com\/about-the-firm\/\" target=\"_blank\" rel=\"noopener\">Ralls &amp; Wille, PC<\/a> tienen d\u00e9cadas de experiencia profesional en defensa penal en Arizona. Si necesita representaci\u00f3n legal, nuestro bufete puede brindarle un asesoramiento responsivo y meticuloso en todas las etapas de su caso. Es crucial conocer sus derechos en el momento de ser detenido; En muchos casos, los oficiales que lo arrestan intentar\u00e1n extraerle informaci\u00f3n, con la esperanza de que usted desconozca sus derechos, y darles informaci\u00f3n que, despu\u00e9s ser\u00eda usada en su contra. Inmediatamente despu\u00e9s del arresto, ejerza su derecho a permanecer en silencio, hasta que pueda ejercer su derecho a obtener una representaci\u00f3n y comun\u00edquese con un abogado defensor en el que usted  pueda confiar.<\/p>\t\t\t\t\t\t\t\t<\/div>\n\t\t\t\t<\/div>\n\t\t\t\t<div class=\"elementor-element elementor-element-68180c8 elementor-widget elementor-widget-text-editor\" data-id=\"68180c8\" data-element_type=\"widget\" data-e-type=\"widget\" data-widget_type=\"text-editor.default\">\n\t\t\t\t<div class=\"elementor-widget-container\">\n\t\t\t\t\t\t\t\t\t<h3 style=\"text-align: center;\"><em><strong>Conozca sus derechos despu\u00e9s del arresto<\/strong><\/em><\/h3>\t\t\t\t\t\t\t\t<\/div>\n\t\t\t\t<\/div>\n\t\t\t\t<div class=\"elementor-element elementor-element-b84849c elementor-widget elementor-widget-text-editor\" data-id=\"b84849c\" data-element_type=\"widget\" data-e-type=\"widget\" data-widget_type=\"text-editor.default\">\n\t\t\t\t<div class=\"elementor-widget-container\">\n\t\t\t\t\t\t\t\t\t<p>Cuando una persona es arrestada por cualquier delito penal en Tucson o en cualquier otro lugar de los Estados Unidos, se aplican dos derechos constitucionales muy importantes a la situaci\u00f3n que se deben conocer y comprender. El primero es el derecho de la Quinta Enmienda a permanecer en silencio. Usted no tiene ninguna obligaci\u00f3n de incriminarse a s\u00ed mismo respondiendo preguntas despu\u00e9s de ser arrestado. A veces, la polic\u00eda intenta obligar a los sospechosos que son detenidos a confesar o intimidarlos para que firmen declaraciones, a veces hasta alegando que est\u00e1n legalmente obligados a hacerlo. Esto no es cierto; una vez que lo arrestan, el oficial de polic\u00eda que lo arrest\u00f3, debe leerle sus derechos Miranda antes de hacerle preguntas. Esto incluye la frase: \"Usted tiene derecho a permanecer en silencio\". Aproveche al m\u00e1ximo este derecho hasta que pueda ponerse en contacto con un abogado defensor al que le pueda confiar su caso.<\/p>\t\t\t\t\t\t\t\t<\/div>\n\t\t\t\t<\/div>\n\t\t\t\t<div class=\"elementor-element elementor-element-ab4ed30 elementor-widget elementor-widget-text-editor\" data-id=\"ab4ed30\" data-element_type=\"widget\" data-e-type=\"widget\" data-widget_type=\"text-editor.default\">\n\t\t\t\t<div class=\"elementor-widget-container\">\n\t\t\t\t\t\t\t\t\t<h3 style=\"text-align: center;\"><em><strong>Abogados Defensores P\u00fablicos Versus Abogados Defensores Privados en Tucson <\/strong><\/em><\/h3>\t\t\t\t\t\t\t\t<\/div>\n\t\t\t\t<\/div>\n\t\t\t\t<div class=\"elementor-element elementor-element-c1a6cd0 elementor-widget elementor-widget-text-editor\" data-id=\"c1a6cd0\" data-element_type=\"widget\" data-e-type=\"widget\" data-widget_type=\"text-editor.default\">\n\t\t\t\t<div class=\"elementor-widget-container\">\n\t\t\t\t\t\t\t\t\t<p>Para algunos, trabajar con un <a href=\"https:\/\/rallslawoffice.com\/blog\/public-defenders-vs-private-criminal-defense-attorneys-unraveling-the-disparities-in-legal-representation\/\" target=\"_blank\" rel=\"noopener\">defensor p\u00fablico<\/a> es la opci\u00f3n l\u00f3gica. Piensan que la representaci\u00f3n legal privada es demasiado costosa y pueden creer que trabajar con un abogado defensor p\u00fablico es perfectamente aceptable para su situaci\u00f3n. La realidad es que, si bien la mayor\u00eda de los defensores p\u00fablicos en Tucson tienen experiencia y son trabajadores, a menudo est\u00e1n sobrecargados con demasiados casos a la vez y no pueden brindar mucha atenci\u00f3n individualizada a sus clientes.<\/p><p>Cuando tiene la capacidad de retener a un abogado defensor privado con amplia experiencia, est\u00e1 invirtiendo en un nivel mucho m\u00e1s alto de representaci\u00f3n legal que lo que incluso los mejores defensores p\u00fablicos pueden ofrecer.<\/p><p>Ralls &amp; Wille se reunir\u00e1 con usted tan pronto como sea posible despu\u00e9s de su arresto y comenzar\u00e1 a examinar cuidadosamente el caso en su contra. Tenemos la experiencia y la capacidad necesarias para identificar de inmediato las violaciones de sus derechos constitucionales y los errores procesales que a veces pueden conducir a la desestimaci\u00f3n de cargos o resoluciones incre\u00edblemente favorables. \u00a0<\/p><p>Nuestro objetivo para cada cliente que representamos es crear el caso m\u00e1s s\u00f3lido posible lo m\u00e1s r\u00e1pido posible, mientras permanecemos atentos a los factores procesales que a veces pueden conducir a una resoluci\u00f3n r\u00e1pida y positiva para nuestro cliente. Estamos muy familiarizados con las leyes de armas del estado y los muchos problemas burocr\u00e1ticos que estos casos a menudo conllevan, y cuanto antes se comunique con nuestro bufete, m\u00e1s pronto podremos comenzar a guiarlo a trav\u00e9s del caso que se avecina.<\/p>\t\t\t\t\t\t\t\t<\/div>\n\t\t\t\t<\/div>\n\t\t\t\t<div class=\"elementor-element elementor-element-1338d50 elementor-widget elementor-widget-text-editor\" data-id=\"1338d50\" data-element_type=\"widget\" data-e-type=\"widget\" data-widget_type=\"text-editor.default\">\n\t\t\t\t<div class=\"elementor-widget-container\">\n\t\t\t\t\t\t\t\t\t<h3 style=\"text-align: center;\"><strong><em>Delitos con armas de fuego m\u00e1s com\u00fanmente procesados en Tucson<\/em> <\/strong><\/h3>\t\t\t\t\t\t\t\t<\/div>\n\t\t\t\t<\/div>\n\t\t\t\t<div class=\"elementor-element elementor-element-1b76765 elementor-widget elementor-widget-text-editor\" data-id=\"1b76765\" data-element_type=\"widget\" data-e-type=\"widget\" data-widget_type=\"text-editor.default\">\n\t\t\t\t<div class=\"elementor-widget-container\">\n\t\t\t\t\t\t\t\t\t<p>Cuando necesite representaci\u00f3n de defensa para un caso de delito con armas de fuego en Tucson o Arizona, es vital elegir un abogado defensor que tenga experiencia comprobada en la resoluci\u00f3n de casos similares al suyo. Hay muchos tipos de delitos con armas de fuego por los que podr\u00eda ser acusado en el estado, y algunos de los m\u00e1s comunes incluyen:<\/p><ul><li><strong>-\tDescarga negligente.<\/strong> Se espera que todos los propietarios de armas en el estado ejerzan su buen juicio y sigan las reglas de seguridad de armas de fuego en todo momento. Una descarga negligente ocurre cuando un arma se dispara accidentalmente debido a una negligencia criminal. Esto puede ocurrir mientras se manipula un arma cargada, se limpia un arma que no se ha limpiado adecuadamente y por negligencia general. Este es un delito grave de clase 6 en Arizona, castigable con hasta dos a\u00f1os en una prisi\u00f3n estatal, suponiendo que no haya condenas previas.<\/li><li><strong>-\tMala conducta que involucra un arma<\/strong> En realidad, hay 17 versiones diferentes de este delito, pero el m\u00e1s com\u00fan, es la posesi\u00f3n de un arma mortal por parte de un \"poseedor prohibido\", lo que significa que el acusado tiene legalmente prohibido tener o poseer un arma. A nivel de delito menor, los cargos de mala conducta con armas de fuego pueden llevar a varios meses de c\u00e1rcel, pero a nivel de delito grave este delito puede llevar a varios a\u00f1os en una prisi\u00f3n estatal. Si el acusado tiene antecedentes penales, su sentencia puede aumentar.<\/li><li><strong>-\tConducta desordenada con un arma de fuego.<\/strong>Cualquier persona que exhiba, manipule o descargue imprudentemente un arma de fuego dentro de un municipio con la intenci\u00f3n de perturbar la paz comete un delito grave de clase 6.<\/li><li><strong>-\tDisparar desde el veh\u00edculo.<\/strong> Este es un delito grave de clase 2 en el estado y puede ser acusado como un delito de naturaleza peligrosa. La condena por disparar desde un veh\u00edculo, puede conllevar una pena de siete a 21 a\u00f1os en una prisi\u00f3n estatal.<\/li><li><strong>-\tAgresi\u00f3n agravada con un arma mortal.<\/strong> Amenazar a otra persona con un arma de fuego es un delito grave peligroso de clase 3 con una sentencia obligatoria de cinco a 15 a\u00f1os en una prisi\u00f3n estatal sin posibilidad de libertad condicional.<\/li><li><strong>-\tPosesi\u00f3n de un arma prohibida.<\/strong> Un arma prohibida es cualquier arma considerada ilegal seg\u00fan la ley de Arizona. Los ejemplos comunes incluyen rifles con ca\u00f1ones de menos de 16 pulgadas, escopetas con ca\u00f1ones de menos de 18 pulgadas y rifles capaces de disparar r\u00e1pidamente de forma totalmente autom\u00e1tica. Este delito generalmente se clasifica como un delito grave de clase 4.<\/li><\/ul><p>Adem\u00e1s de estos cargos estatales, el gobierno federal de Arizona tambi\u00e9n puede presentar cargos por ciertos delitos relacionados con armas de fuego, tales como:<\/p><ul><li><strong>-\tContrabando de bienes de los Estados Unidos:<\/strong> El gobierno federal requiere que cualquier persona que exporte ciertos bienes tenga una licencia, incluidas armas de fuego, chalecos antibalas u otros art\u00edculos relacionados con la defensa. Por ley, el contrabando de bienes desde los Estados Unidos puede resultar en una sentencia de prisi\u00f3n de hasta 10 a\u00f1os, junto con una fuerte multa.<\/li><li><strong>-\tNo ciudadano en posesi\u00f3n de un arma de fuego:<\/strong> Es un delito que cualquier persona sin estatus migratorio legal en los Estados Unidos posea un arma de fuego, incluso si tiene autorizaci\u00f3n de trabajo. La pena m\u00e1xima por este delito es de 10 a\u00f1os de prisi\u00f3n.<\/li><li><strong>-\tPosesi\u00f3n de armas de fuego durante un delito de violencia o delito de tr\u00e1fico de drogas:<\/strong> Si se le encuentra culpable de poseer un arma de fuego durante un delito violento o de drogas, las penas pueden ser severas. Como m\u00ednimo, cumplir\u00e1 cinco a\u00f1os adicionales adem\u00e1s de la pena que haya recibido por el delito de drogas o violencia.\u00a0<a href=\"https:\/\/rallslawoffice.com\/tucson-violent-crimes-lawyer\/\" target=\"_blank\" rel=\"noopener\">delitos violentos<\/a>. Esa cifra puede llegar a 10 a\u00f1os si el arma de fuego se blande o se dispara durante el delito subyacente.<\/li><\/ul>\t\t\t\t\t\t\t\t<\/div>\n\t\t\t\t<\/div>\n\t\t\t\t<div class=\"elementor-element elementor-element-97de1b8 elementor-widget elementor-widget-text-editor\" data-id=\"97de1b8\" data-element_type=\"widget\" data-e-type=\"widget\" data-widget_type=\"text-editor.default\">\n\t\t\t\t<div class=\"elementor-widget-container\">\n\t\t\t\t\t\t\t\t\t<h3 style=\"text-align: center;\"><em><strong>Construyendo su Defensa Contra los Cargos por Armas de Fuego en Tucson<\/strong><\/em><\/h3>\t\t\t\t\t\t\t\t<\/div>\n\t\t\t\t<\/div>\n\t\t\t\t<div class=\"elementor-element elementor-element-693523f elementor-widget elementor-widget-text-editor\" data-id=\"693523f\" data-element_type=\"widget\" data-e-type=\"widget\" data-widget_type=\"text-editor.default\">\n\t\t\t\t<div class=\"elementor-widget-container\">\n\t\t\t\t\t\t\t\t\t<p>El abogado defensor adecuado es un activo invaluable para su caso pendiente. En cada caso penal presentado, la fiscal\u00eda tiene la carga de probar que el acusado es culpable m\u00e1s all\u00e1 de toda duda razonable, y debe cumplir con esta carga de la prueba aprovechando la evidencia disponible y el testimonio de los testigos. El trabajo del abogado defensor es impugnar esta evidencia y argumentar de manera persuasiva que el gobierno no puede cumplir con su carga de la prueba.<\/p><p>Cuando elige a Ralls &amp; Wille para representar su defensa, nosotros podemos comenzar inmediatamente a reunir evidencia para respaldar su versi\u00f3n del caso. Tambi\u00e9n revisaremos cuidadosamente los detalles de c\u00f3mo se llev\u00f3 a cabo su arresto y examinaremos el comportamiento de los oficiales que lo arrestaron involucrados en su caso. Muchos de los casos penales relacionados con armas de fuego presentados en el estado no se plantean a trav\u00e9s de arrestos espont\u00e1neos. Si bien es posible ser arrestado por un asalto o una descarga negligente, algunos de los casos penales m\u00e1s graves relacionados con armas de fuego en Tucson surgen de la investigaci\u00f3n y vigilancia llevadas a cabo a lo largo del tiempo.<\/p><p>La polic\u00eda tiene una capacidad limitada para vigilar a quienes cree que est\u00e1n infringiendo la ley. Tambi\u00e9n est\u00e1n limitados en lo que respecta a la recopilaci\u00f3n de pruebas y solo pueden utilizar t\u00e9cnicas aprobadas para rastrear un presunto comportamiento delictivo. El interrogatorio de asociados conocidos, el uso de informantes y agentes encubiertos, y la vigilancia digital se utilizan a menudo en casos de armas de fuego de alto perfil y otras investigaciones criminales. Desafortunadamente, los oficiales que manejan estos casos no siempre siguen la ley al hacerlo.<\/p><p>El \u00e9xito de su defensa requerir\u00e1 las habilidades que solo un abogado defensor con experiencia puede ofrecer. Ralls &amp; Wille trabajar\u00e1 en estrecha colaboraci\u00f3n con usted para garantizar que la polic\u00eda manej\u00f3 su arresto de manera adecuada y que sus derechos constitucionales hayan sido respetados a trav\u00e9s de todas las etapas de la investigaci\u00f3n, arresto y registro. A menudo podemos impugnar los casos por motivos de procedimiento, y si un caso va a juicio, estamos totalmente preparados para identificar todos los agujeros en las pruebas de la fiscal\u00eda.<\/p>\t\t\t\t\t\t\t\t<\/div>\n\t\t\t\t<\/div>\n\t\t\t\t<div class=\"elementor-element elementor-element-0f7aec3 elementor-widget elementor-widget-text-editor\" data-id=\"0f7aec3\" data-element_type=\"widget\" data-e-type=\"widget\" data-widget_type=\"text-editor.default\">\n\t\t\t\t<div class=\"elementor-widget-container\">\n\t\t\t\t\t\t\t\t\t<h3 style=\"text-align: center;\"><em><strong>Encuentre su equipo de defensa ahora <\/strong><\/em><\/h3>\t\t\t\t\t\t\t\t<\/div>\n\t\t\t\t<\/div>\n\t\t\t\t<div class=\"elementor-element elementor-element-2ae373a elementor-widget elementor-widget-text-editor\" data-id=\"2ae373a\" data-element_type=\"widget\" data-e-type=\"widget\" data-widget_type=\"text-editor.default\">\n\t\t\t\t<div class=\"elementor-widget-container\">\n\t\t\t\t\t\t\t\t\t<p>Ya sea que sepa que viol\u00f3 la ley o que ha sido acusado injustamente, es imperativo encontrar una representaci\u00f3n de defensa en la que pueda confiar lo antes posible despu\u00e9s de su arresto. Un abogado defensor confiable puede ayudar a asegurar un acuerdo de culpabilidad que minimice sus sanciones, determine si sus derechos fueron violados por la polic\u00eda o gane el caso bajo una serie de circunstancias.<\/p><p>Los abogados de Ralls &amp; Wille, PC, est\u00e1n listos para proporcionar asesor\u00eda jur\u00eddica que necesita para estos casos dif\u00edciles. Cuanto antes se ponga en contacto con nuestro equipo, m\u00e1s tiempo tendremos para preparar una defensa eficaz para usted. <a href=\"https:\/\/rallslawoffice.com\/contact\/\" target=\"_blank\" rel=\"noopener\">P\u00f3ngase en contacto<\/a> P\u00f3ngase en contacto con nosotros hoy mismo para programar su cita con un abogado defensor de delitos con armas de fuego en Tucson.<\/p>\t\t\t\t\t\t\t\t<\/div>\n\t\t\t\t<\/div>\n\t\t\t\t\t<\/div>\n\t\t<\/div>\n\t\t\t\t\t<\/div>\n\t\t<\/section>\n\t\t\t\t<\/div>","protected":false},"excerpt":{"rendered":"<p>Proteja sus derechos tanto dentro como fuera de la sala del tribunal. Tucson Abogado de Delitos de Armas \u00bfHa sido acusado de un delito de armas? Tanto en Tucson como en Arizona, es posible que una persona enfrente un proceso penal (ya sea en un tribunal estatal o federal) por un delito estrictamente relacionado con la posesi\u00f3n de un arma de fuego o ... <a title=\"Tucson Abogado de Delitos de Armas\" class=\"read-more\" href=\"https:\/\/rallswillelaw.com\/es\/tucson-gun-crime-lawyer\/\" aria-label=\"Leer m\u00e1s sobre Tucson Abogado de Crimen de Arma\">Leer m\u00e1s<\/a><\/p>","protected":false},"author":4,"featured_media":0,"parent":0,"menu_order":0,"comment_status":"closed","ping_status":"closed","template":"","meta":{"_monsterinsights_skip_tracking":false,"_monsterinsights_sitenote_active":false,"_monsterinsights_sitenote_note":"","_monsterinsights_sitenote_category":0,"footnotes":""},"class_list":["post-1567","page","type-page","status-publish"],"_links":{"self":[{"href":"https:\/\/rallswillelaw.com\/es\/wp-json\/wp\/v2\/pages\/1567","targetHints":{"allow":["GET"]}}],"collection":[{"href":"https:\/\/rallswillelaw.com\/es\/wp-json\/wp\/v2\/pages"}],"about":[{"href":"https:\/\/rallswillelaw.com\/es\/wp-json\/wp\/v2\/types\/page"}],"author":[{"embeddable":true,"href":"https:\/\/rallswillelaw.com\/es\/wp-json\/wp\/v2\/users\/4"}],"replies":[{"embeddable":true,"href":"https:\/\/rallswillelaw.com\/es\/wp-json\/wp\/v2\/comments?post=1567"}],"version-history":[{"count":14,"href":"https:\/\/rallswillelaw.com\/es\/wp-json\/wp\/v2\/pages\/1567\/revisions"}],"predecessor-version":[{"id":1862,"href":"https:\/\/rallswillelaw.com\/es\/wp-json\/wp\/v2\/pages\/1567\/revisions\/1862"}],"wp:attachment":[{"href":"https:\/\/rallswillelaw.com\/es\/wp-json\/wp\/v2\/media?parent=1567"}],"curies":[{"name":"wp","href":"https:\/\/api.w.org\/{rel}","templated":true}]}}